{"id":1880,"date":"2024-10-09T09:15:42","date_gmt":"2024-10-09T13:15:42","guid":{"rendered":"https:\/\/trasatlantica.org\/?page_id=1880"},"modified":"2025-02-25T17:42:33","modified_gmt":"2025-02-25T22:42:33","slug":"contact-us","status":"publish","type":"page","link":"https:\/\/trasatlantica.org\/?page_id=1880","title":{"rendered":"Contact us"},"content":{"rendered":"\n<div class=\"wp-block-group has-subtle-background-background-color has-background\"><div class=\"wp-block-group__inner-container is-layout-constrained wp-block-group-is-layout-constrained\"><div class=\"wp-block-jetpack-contact-form is-layout-flex wp-container-jetpack-contact-form-is-layout-53c17e14 wp-block-jetpack-contact-form-is-layout-flex\"><a href=\"https:\/\/trasatlantica.org\/?page_id=1880\" target=\"_blank\" rel=\"noopener noreferrer\">Submit a form.<\/a><\/div>\n\n\n<p class=\"wp-block-paragraph\"><\/p>\n<\/div><\/div>\n<!-- PMB print buttons is only displayed on a single post\/page URLs-->","protected":false},"excerpt":{"rendered":"","protected":false},"author":33188029,"featured_media":0,"parent":0,"menu_order":0,"comment_status":"closed","ping_status":"closed","template":"","meta":{"_coblocks_attr":"","_coblocks_dimensions":"","_coblocks_responsive_height":"","_coblocks_accordion_ie_support":"","_crdt_document":"","advanced_seo_description":"","jetpack_seo_html_title":"","jetpack_seo_noindex":false,"footnotes":""},"class_list":["post-1880","page","type-page","status-publish","hentry"],"jetpack_likes_enabled":false,"jetpack_sharing_enabled":true,"jetpack_shortlink":"https:\/\/wp.me\/P2V8if-uk","jetpack-related-posts":[{"id":6943,"url":"https:\/\/trasatlantica.org\/?page_id=6943","url_meta":{"origin":1880,"position":0},"title":"Trasatl\u00e1ntica in Mexico","author":"Soviet Cuba: Identities in Transition","date":"February 8, 2026","format":false,"excerpt":"Trasatl\u00e1ntica llega a M\u00e9xico: Poetry\u00a0reading and presentation of the Trasatl\u00e1ntica Project, with members of the Board of Directors: Damaris Pu\u00f1ales-Alp\u00edzar, Mabel Cuesta, and Jos\u00e9 Ram\u00f3n Ruis\u00e1nchez.\u00a0El \u00faltimo encuentro\u00a0bookstore in Mexico City, November 10, 2025. Trasatl\u00e1ntica thanks Evelio Rojas, founder and owner of El \u00faltimo encuentro for allowing us to use\u2026","rel":"","context":"Similar post","block_context":{"text":"Similar post","link":""},"img":{"alt_text":"","src":"https:\/\/i0.wp.com\/trasatlantica.org\/wp-content\/uploads\/2026\/02\/WhatsApp-Image-2026-02-03-at-21.05.48-1.jpeg?resize=350%2C200&ssl=1","width":350,"height":200},"classes":[]},{"id":5652,"url":"https:\/\/trasatlantica.org\/","url_meta":{"origin":1880,"position":1},"title":"Homepage","author":"Soviet Cuba: Identities in Transition","date":"December 9, 2025","format":false,"excerpt":"Poes\u00edaPoetry ReviewsRese\u00f1as EssaysEnsayos OpinionOpini\u00f3n News and EventsNoticias y eventos TranslationsTraducciones Podcast OLD JOURNAL CALL FOR SUBMISSIONS Ecos del Primer Encuentro de Poes\u00eda Trasatl\u00e1ntica Zamora 13-15 de junio del 2025 Bienvenidos\/Welcome\/Ben Vindos Welcome to Trasatl\u00e1ntica: Creation and Scholarship\u2014a space reborn out of the essential need to forge a dynamic triangulation across\u2026","rel":"","context":"Similar post","block_context":{"text":"Similar post","link":""},"img":{"alt_text":"","src":"https:\/\/i0.wp.com\/trasatlantica.org\/wp-content\/uploads\/2026\/04\/Novela-correct-2.png?resize=350%2C200&ssl=1","width":350,"height":200,"srcset":"https:\/\/i0.wp.com\/trasatlantica.org\/wp-content\/uploads\/2026\/04\/Novela-correct-2.png?resize=350%2C200&ssl=1 1x, https:\/\/i0.wp.com\/trasatlantica.org\/wp-content\/uploads\/2026\/04\/Novela-correct-2.png?resize=525%2C300&ssl=1 1.5x, https:\/\/i0.wp.com\/trasatlantica.org\/wp-content\/uploads\/2026\/04\/Novela-correct-2.png?resize=700%2C400&ssl=1 2x, https:\/\/i0.wp.com\/trasatlantica.org\/wp-content\/uploads\/2026\/04\/Novela-correct-2.png?resize=1050%2C600&ssl=1 3x, https:\/\/i0.wp.com\/trasatlantica.org\/wp-content\/uploads\/2026\/04\/Novela-correct-2.png?resize=1400%2C800&ssl=1 4x"},"classes":[]},{"id":2194,"url":"https:\/\/trasatlantica.org\/?page_id=2194","url_meta":{"origin":1880,"position":2},"title":"Submission Guidelines","author":"Soviet Cuba: Identities in Transition","date":"October 18, 2024","format":false,"excerpt":"Submission Guidelines\u00a0\u00a0 Submissions must be written in Spanish, English, or Portuguese. We are unable to accept AI-generated works at this time. For poetry translation, please see the specific requirements. Please use the submissions link in our website, or email it to trasatlantica@trasatlantica.org. Write your name and the category in which\u2026","rel":"","context":"Similar post","block_context":{"text":"Similar post","link":""},"img":{"alt_text":"","src":"","width":0,"height":0},"classes":[]},{"id":1714,"url":"https:\/\/trasatlantica.org\/?page_id=1714","url_meta":{"origin":1880,"position":3},"title":"Submissions","author":"Soviet Cuba: Identities in Transition","date":"October 6, 2024","format":false,"excerpt":"","rel":"","context":"Similar post","block_context":{"text":"Similar post","link":""},"img":{"alt_text":"","src":"","width":0,"height":0},"classes":[]},{"id":2149,"url":"https:\/\/trasatlantica.org\/?page_id=2149","url_meta":{"origin":1880,"position":4},"title":"Yordan Arroyo Carvajal (in English)","author":"Soviet Cuba: Identities in Transition","date":"October 16, 2024","format":false,"excerpt":"GREEK MYTHS AS INTERNAL STRUGGLE: NANCY BANARD AND HER YORUBA MEDEA\u00a0 Yordan Arroyo Carvajal1University of Salamancahttps:\/\/orcid.org\/0000-0002-2509-4918 ABSTRACT This article develops an analysis, from the perspective of an active reader, of the mythological figure of Medea in the dramatic monologue \u201cMedea: lev\u00e1ntare y anda\" (2022) by the writer Nancy Banard. It\u2026","rel":"","context":"Similar post","block_context":{"text":"Similar post","link":""},"img":{"alt_text":"","src":"https:\/\/i0.wp.com\/trasatlantica.org\/wp-content\/uploads\/2024\/09\/cuban-santeria-8.jpg?resize=350%2C200&ssl=1","width":350,"height":200,"srcset":"https:\/\/i0.wp.com\/trasatlantica.org\/wp-content\/uploads\/2024\/09\/cuban-santeria-8.jpg?resize=350%2C200&ssl=1 1x, https:\/\/i0.wp.com\/trasatlantica.org\/wp-content\/uploads\/2024\/09\/cuban-santeria-8.jpg?resize=525%2C300&ssl=1 1.5x"},"classes":[]},{"id":6352,"url":"https:\/\/trasatlantica.org\/?page_id=6352","url_meta":{"origin":1880,"position":5},"title":"Pol\u00edtica Editorial\/Publishing Policy","author":"Soviet Cuba: Identities in Transition","date":"January 19, 2026","format":false,"excerpt":"1. Principios editoriales Trasatl\u00e1ntica: Creation and Scholarship\u00a0es una plataforma cultural y editorial biling\u00fce, sin fines de lucro, dedicada a la creaci\u00f3n po\u00e9tica, la reflexi\u00f3n cr\u00edtica y el intercambio acad\u00e9mico desde una perspectiva transatl\u00e1ntica. Nuestra pol\u00edtica editorial se fundamenta en los principios de: Justicia cultural y acceso Diversidad ling\u00fc\u00edstica y est\u00e9tica\u2026","rel":"","context":"Similar post","block_context":{"text":"Similar post","link":""},"img":{"alt_text":"","src":"https:\/\/i0.wp.com\/trasatlantica.org\/wp-content\/uploads\/2026\/01\/crop-154-115-717-537-0-light-gray-square.png?resize=350%2C200&ssl=1","width":350,"height":200,"srcset":"https:\/\/i0.wp.com\/trasatlantica.org\/wp-content\/uploads\/2026\/01\/crop-154-115-717-537-0-light-gray-square.png?resize=350%2C200&ssl=1 1x, https:\/\/i0.wp.com\/trasatlantica.org\/wp-content\/uploads\/2026\/01\/crop-154-115-717-537-0-light-gray-square.png?resize=525%2C300&ssl=1 1.5x, https:\/\/i0.wp.com\/trasatlantica.org\/wp-content\/uploads\/2026\/01\/crop-154-115-717-537-0-light-gray-square.png?resize=700%2C400&ssl=1 2x"},"classes":[]}],"_links":{"self":[{"href":"https:\/\/trasatlantica.org\/index.php?rest_route=\/wp\/v2\/pages\/1880","targetHints":{"allow":["GET"]}}],"collection":[{"href":"https:\/\/trasatlantica.org\/index.php?rest_route=\/wp\/v2\/pages"}],"about":[{"href":"https:\/\/trasatlantica.org\/index.php?rest_route=\/wp\/v2\/types\/page"}],"author":[{"embeddable":true,"href":"https:\/\/trasatlantica.org\/index.php?rest_route=\/wp\/v2\/users\/33188029"}],"replies":[{"embeddable":true,"href":"https:\/\/trasatlantica.org\/index.php?rest_route=%2Fwp%2Fv2%2Fcomments&post=1880"}],"version-history":[{"count":3,"href":"https:\/\/trasatlantica.org\/index.php?rest_route=\/wp\/v2\/pages\/1880\/revisions"}],"predecessor-version":[{"id":3700,"href":"https:\/\/trasatlantica.org\/index.php?rest_route=\/wp\/v2\/pages\/1880\/revisions\/3700"}],"wp:attachment":[{"href":"https:\/\/trasatlantica.org\/index.php?rest_route=%2Fwp%2Fv2%2Fmedia&parent=1880"}],"curies":[{"name":"wp","href":"https:\/\/api.w.org\/{rel}","templated":true}]}}