{"id":1884,"date":"2024-10-09T09:19:49","date_gmt":"2024-10-09T13:19:49","guid":{"rendered":"https:\/\/trasatlantica.org\/?page_id=1884"},"modified":"2025-02-25T17:41:21","modified_gmt":"2025-02-25T22:41:21","slug":"subscribe","status":"publish","type":"page","link":"https:\/\/trasatlantica.org\/?page_id=1884","title":{"rendered":"Subscribe"},"content":{"rendered":"\n<div class=\"wp-block-group has-subtle-background-background-color has-background\"><div class=\"wp-block-group__inner-container is-layout-constrained wp-block-group-is-layout-constrained\">\n<p class=\"wp-block-paragraph\"><\/p>\n\n\n<div class=\"wp-block-jetpack-contact-form is-layout-flex wp-container-jetpack-contact-form-is-layout-7f6ac06e wp-block-jetpack-contact-form-is-layout-flex\"><a href=\"https:\/\/trasatlantica.org\/?page_id=1884\" target=\"_blank\" rel=\"noopener noreferrer\">Submit a form.<\/a><\/div><\/div><\/div>\n<!-- PMB print buttons is only displayed on a single post\/page URLs-->","protected":false},"excerpt":{"rendered":"","protected":false},"author":33188029,"featured_media":0,"parent":0,"menu_order":0,"comment_status":"closed","ping_status":"closed","template":"","meta":{"_coblocks_attr":"","_coblocks_dimensions":"","_coblocks_responsive_height":"","_coblocks_accordion_ie_support":"","_crdt_document":"","advanced_seo_description":"","jetpack_seo_html_title":"","jetpack_seo_noindex":false,"jetpack_post_was_ever_published":false,"footnotes":""},"class_list":["post-1884","page","type-page","status-publish","hentry"],"jetpack_likes_enabled":false,"jetpack_sharing_enabled":true,"jetpack_shortlink":"https:\/\/wp.me\/P2V8if-uo","jetpack-related-posts":[{"id":5652,"url":"https:\/\/trasatlantica.org\/","url_meta":{"origin":1884,"position":0},"title":"Homepage","author":"Soviet Cuba: Identities in Transition","date":"December 9, 2025","format":false,"excerpt":"Poes\u00edaPoetry ReviewsRese\u00f1as EssaysEnsayos OpinionOpini\u00f3n News and EventsNoticias y eventos TranslationsTraducciones Podcast OLD JOURNAL CALL FOR SUBMISSIONS Ecos del Primer Encuentro de Poes\u00eda Trasatl\u00e1ntica Zamora 13-15 de junio del 2025 Bienvenidos\/Welcome\/Ben Vindos Welcome to Trasatl\u00e1ntica: Creation and Scholarship\u2014a space reborn out of the essential need to forge a dynamic triangulation across\u2026","rel":"","context":"Similar post","block_context":{"text":"Similar post","link":""},"img":{"alt_text":"","src":"https:\/\/i0.wp.com\/trasatlantica.org\/wp-content\/uploads\/2026\/02\/Wendy-2.png?resize=350%2C200&ssl=1","width":350,"height":200,"srcset":"https:\/\/i0.wp.com\/trasatlantica.org\/wp-content\/uploads\/2026\/02\/Wendy-2.png?resize=350%2C200&ssl=1 1x, https:\/\/i0.wp.com\/trasatlantica.org\/wp-content\/uploads\/2026\/02\/Wendy-2.png?resize=525%2C300&ssl=1 1.5x, https:\/\/i0.wp.com\/trasatlantica.org\/wp-content\/uploads\/2026\/02\/Wendy-2.png?resize=700%2C400&ssl=1 2x"},"classes":[]}],"_links":{"self":[{"href":"https:\/\/trasatlantica.org\/index.php?rest_route=\/wp\/v2\/pages\/1884","targetHints":{"allow":["GET"]}}],"collection":[{"href":"https:\/\/trasatlantica.org\/index.php?rest_route=\/wp\/v2\/pages"}],"about":[{"href":"https:\/\/trasatlantica.org\/index.php?rest_route=\/wp\/v2\/types\/page"}],"author":[{"embeddable":true,"href":"https:\/\/trasatlantica.org\/index.php?rest_route=\/wp\/v2\/users\/33188029"}],"replies":[{"embeddable":true,"href":"https:\/\/trasatlantica.org\/index.php?rest_route=%2Fwp%2Fv2%2Fcomments&post=1884"}],"version-history":[{"count":5,"href":"https:\/\/trasatlantica.org\/index.php?rest_route=\/wp\/v2\/pages\/1884\/revisions"}],"predecessor-version":[{"id":3699,"href":"https:\/\/trasatlantica.org\/index.php?rest_route=\/wp\/v2\/pages\/1884\/revisions\/3699"}],"wp:attachment":[{"href":"https:\/\/trasatlantica.org\/index.php?rest_route=%2Fwp%2Fv2%2Fmedia&parent=1884"}],"curies":[{"name":"wp","href":"https:\/\/api.w.org\/{rel}","templated":true}]}}