{"id":3893,"date":"2025-04-19T09:05:28","date_gmt":"2025-04-19T13:05:28","guid":{"rendered":"https:\/\/trasatlantica.org\/?page_id=3893"},"modified":"2026-01-27T09:26:51","modified_gmt":"2026-01-27T14:26:51","slug":"poesia-por-la-esperanza","status":"publish","type":"page","link":"https:\/\/trasatlantica.org\/?page_id=3893","title":{"rendered":"Poes\u00eda por la esperanza"},"content":{"rendered":"\n<figure class=\"wp-block-image size-large\"><a href=\"https:\/\/i0.wp.com\/trasatlantica.org\/wp-content\/uploads\/2025\/04\/lectura-de-poesia-flyer.jpg?ssl=1\"><img data-recalc-dims=\"1\" height=\"1024\" width=\"791\" decoding=\"async\" data-attachment-id=\"3906\" data-permalink=\"https:\/\/trasatlantica.org\/?attachment_id=3906\" data-orig-file=\"https:\/\/i0.wp.com\/trasatlantica.org\/wp-content\/uploads\/2025\/04\/lectura-de-poesia-flyer-e1748440522245.jpg?fit=2178%2C1716&amp;ssl=1\" data-orig-size=\"2178,1716\" data-comments-opened=\"0\" data-image-meta=\"{&quot;aperture&quot;:&quot;0&quot;,&quot;credit&quot;:&quot;&quot;,&quot;camera&quot;:&quot;&quot;,&quot;caption&quot;:&quot;&quot;,&quot;created_timestamp&quot;:&quot;0&quot;,&quot;copyright&quot;:&quot;&quot;,&quot;focal_length&quot;:&quot;0&quot;,&quot;iso&quot;:&quot;0&quot;,&quot;shutter_speed&quot;:&quot;0&quot;,&quot;title&quot;:&quot;&quot;,&quot;orientation&quot;:&quot;0&quot;}\" data-image-title=\"lectura de poesi\u0301a flyer\" data-image-description=\"\" data-image-caption=\"\" data-large-file=\"https:\/\/i0.wp.com\/trasatlantica.org\/wp-content\/uploads\/2025\/04\/lectura-de-poesia-flyer-e1748440522245.jpg?fit=580%2C457&amp;ssl=1\" src=\"https:\/\/i0.wp.com\/trasatlantica.org\/wp-content\/uploads\/2025\/04\/lectura-de-poesia-flyer.jpg?resize=791%2C1024&#038;ssl=1\" alt=\"\" class=\"wp-image-3906\"\/><\/a><\/figure>\n\n\n\n<figure class=\"wp-block-video wp-block-embed is-type-video is-provider-videopress\"><div class=\"wp-block-embed__wrapper\">\n<iframe title=\"VideoPress Video Player\" aria-label='VideoPress Video Player' width='580' height='326' src='https:\/\/videopress.com\/embed\/sI9PSMZr?cover=1&amp;preloadContent=metadata&amp;useAverageColor=1&amp;hd=0' frameborder='0' allowfullscreen data-resize-to-parent=\"true\" allow='clipboard-write'><\/iframe><script src='https:\/\/v0.wordpress.com\/js\/next\/videopress-iframe.js?m=1739540970'><\/script>\n<\/div><\/figure>\n\n\n\n<div class=\"wp-block-group has-primary-background-color has-background\"><div class=\"wp-block-group__inner-container is-layout-constrained wp-block-group-is-layout-constrained\">\n<p class=\"has-text-align-center has-background-color has-text-color has-link-color has-primary-background-color has-background wp-elements-6eeb5e82fd541d77b7c72c7c9a5dbb9f wp-block-paragraph\"><span style=\"text-decoration: underline;\"><strong>Poetas invitados:<\/strong><\/span><br>Coral Bracho<br>Luis Antonio de Villena<br>Odette Alonso<br>Ben Clark<\/p>\n\n\n\n<p class=\"has-text-align-center has-background-color has-text-color has-link-color has-primary-background-color has-background wp-elements-36fcfbba013d650ff5edf8b3d5a2c0b6 wp-block-paragraph\">Homenaje a la poeta y activista Marjorie Agos\u00edn. Lectura a cargo de la profesora y traductora Jacqueline Nanfito y la estudiante Lauren Lagnemma. <\/p>\n<\/div><\/div>\n<!-- PMB print buttons is only displayed on a single post\/page URLs-->","protected":false},"excerpt":{"rendered":"<p>Poetas invitados:Coral BrachoLuis Antonio de VillenaOdette AlonsoBen Clark Homenaje a la poeta y activista Marjorie Agos\u00edn. Lectura a cargo de la profesora y traductora Jacqueline Nanfito y la estudiante Lauren Lagnemma.<\/p>\n","protected":false},"author":33188029,"featured_media":0,"parent":0,"menu_order":0,"comment_status":"closed","ping_status":"closed","template":"","meta":{"_coblocks_attr":"","_coblocks_dimensions":"","_coblocks_responsive_height":"","_coblocks_accordion_ie_support":"","_crdt_document":"","advanced_seo_description":"","jetpack_seo_html_title":"","jetpack_seo_noindex":false,"footnotes":""},"class_list":["post-3893","page","type-page","status-publish","hentry"],"jetpack_likes_enabled":false,"jetpack_sharing_enabled":true,"jetpack_shortlink":"https:\/\/wp.me\/P2V8if-10N","jetpack-related-posts":[{"id":4201,"url":"https:\/\/trasatlantica.org\/?page_id=4201","url_meta":{"origin":3893,"position":0},"title":"Atilio Caballero","author":"Soviet Cuba: Identities in Transition","date":"May 24, 2025","format":false,"excerpt":"Necesitas resistir... \u00abNecesitas resistir todav\u00eda algunas horas de trabajo solitario. Eres uno de los centinelas de la noche; \u2018es necesario que alguien vele, que alguien sea el centinela\u2019, dice Kafka\u00bb \u00a0\u00a0\u00a0\u00a0\u00a0\u00a0\u00a0\u00a0\u00a0\u00a0\u00a0\u00a0\u00a0\u00a0\u00a0\u00a0\u00a0\u00a0\u00a0\u00a0\u00a0\u00a0\u00a0\u00a0\u00a0\u00a0\u00a0\u00a0\u00a0\u00a0\u00a0\u00a0\u00a0\u00a0\u00a0\u00a0\u00a0\u00a0\u00a0\u00a0\u00a0\u00a0\u00a0\u00a0\u00a0\u00a0\u00a0\u00a0\u00a0\u00a0\u00a0\u00a0\u00a0\u00a0\u00a0\u00a0\u00a0\u00a0\u00a0\u00a0\u00a0\u00a0\u00a0\u00a0\u00a0\u00a0\u00a0\u00a0\u00a0\u00a0\u00a0\u00a0\u00a0\u00a0\u00a0\u00a0\u00a0\u00a0\u00a0\u00a0\u00a0\u00a0\u00a0\u00a0\u00a0\u00a0\u00a0\u00a0\u00a0\u00a0\u00a0\u00a0\u00a0\u00a0\u00a0 GENNADI AIGUI No existe lo oscuro sin \u00e1ngeles. Figuras en donde no se ve, donde solo se perciben sombras\u2026","rel":"","context":"Similar post","block_context":{"text":"Similar post","link":""},"img":{"alt_text":"","src":"https:\/\/i0.wp.com\/trasatlantica.org\/wp-content\/uploads\/2025\/05\/shadows.png?resize=350%2C200&ssl=1","width":350,"height":200,"srcset":"https:\/\/i0.wp.com\/trasatlantica.org\/wp-content\/uploads\/2025\/05\/shadows.png?resize=350%2C200&ssl=1 1x, https:\/\/i0.wp.com\/trasatlantica.org\/wp-content\/uploads\/2025\/05\/shadows.png?resize=525%2C300&ssl=1 1.5x"},"classes":[]},{"id":5280,"url":"https:\/\/trasatlantica.org\/?page_id=5280","url_meta":{"origin":3893,"position":1},"title":"Encuentro de poes\u00eda trasatl\u00e1ntica","author":"Soviet Cuba: Identities in Transition","date":"July 6, 2025","format":false,"excerpt":"Poes\u00eda Trasatl\u00e1ntica en Zamora Zamora, la capital del rom\u00e1nico europeo, ser\u00e1 sede del Primer Encuentro de Poes\u00eda Trasatl\u00e1ntica. Del 13 al 15 de junio del 2025. M\u00e1s de veinticinco poetas de las tres orillas trasatl\u00e1nticas se dar\u00e1n cita para leer poes\u00eda y conversar sobre poes\u00eda. El n\u00famero 2 de la\u2026","rel":"","context":"Similar post","block_context":{"text":"Similar post","link":""},"img":{"alt_text":"","src":"https:\/\/i0.wp.com\/trasatlantica.org\/wp-content\/uploads\/2025\/02\/zamora.jpg?resize=350%2C200&ssl=1","width":350,"height":200,"srcset":"https:\/\/i0.wp.com\/trasatlantica.org\/wp-content\/uploads\/2025\/02\/zamora.jpg?resize=350%2C200&ssl=1 1x, https:\/\/i0.wp.com\/trasatlantica.org\/wp-content\/uploads\/2025\/02\/zamora.jpg?resize=525%2C300&ssl=1 1.5x, https:\/\/i0.wp.com\/trasatlantica.org\/wp-content\/uploads\/2025\/02\/zamora.jpg?resize=700%2C400&ssl=1 2x"},"classes":[]},{"id":3869,"url":"https:\/\/trasatlantica.org\/?page_id=3869","url_meta":{"origin":3893,"position":2},"title":"Omar Chauvie","author":"Soviet Cuba: Identities in Transition","date":"April 19, 2025","format":false,"excerpt":"(al alcance de todos) la prima de\u00a0 gabriela la esposa de\u00a0 andr\u00e9s la mujer de\u00a0 jorgito el yerno de\u00a0 oscar el t\u00edo de\u00a0 rogelio la hermana de\u00a0 m\u00e1xima la novia de\u00a0 pablo la mujer de\u00a0 eduardo el primo de ricardo la esposa de iv\u00e1n el hijo de\u00a0 juan carlos el\u2026","rel":"","context":"Similar post","block_context":{"text":"Similar post","link":""},"img":{"alt_text":"","src":"https:\/\/trasatlantica.org\/wp-content\/uploads\/2025\/05\/preparando-concepto-mate-linda-taza_23-2149720793.avif","width":350,"height":200,"srcset":"https:\/\/trasatlantica.org\/wp-content\/uploads\/2025\/05\/preparando-concepto-mate-linda-taza_23-2149720793.avif 1x, https:\/\/trasatlantica.org\/wp-content\/uploads\/2025\/05\/preparando-concepto-mate-linda-taza_23-2149720793.avif 1.5x, https:\/\/trasatlantica.org\/wp-content\/uploads\/2025\/05\/preparando-concepto-mate-linda-taza_23-2149720793.avif 2x"},"classes":[]},{"id":5816,"url":"https:\/\/trasatlantica.org\/?page_id=5816","url_meta":{"origin":3893,"position":3},"title":"Podcast Trasastl\u00e1ntica","author":"Soviet Cuba: Identities in Transition","date":"January 8, 2026","format":false,"excerpt":"PODCAST TRASATL\u00c1NTICA: VOCES DE LA CULTURA Conversaciones con poetas hispanos, editores, libreros y promotores culturales de Am\u00e9rica Latina, Estados Unidos y Espa\u00f1a. En este podcast, producido por Trasatl\u00e1ntica, nos sentamos a dialogar con quienes escriben, publican y difunden la poes\u00eda contempor\u00e1nea en el mundo hispano. Cada episodio es un puente\u2026","rel":"","context":"Similar post","block_context":{"text":"Similar post","link":""},"img":{"alt_text":"","src":"","width":0,"height":0},"classes":[]},{"id":2993,"url":"https:\/\/trasatlantica.org\/?page_id=2993","url_meta":{"origin":3893,"position":4},"title":"Events","author":"Soviet Cuba: Identities in Transition","date":"December 5, 2024","format":false,"excerpt":"This Saturday, December 14, 2024, a las 3.30 pm. Don't miss it. Email us trasatlantica@trasatlantica.org for details about the location. Si andas por Miami, y te interesan la poes\u00eda, la m\u00fasica, y la buena comida, en cualquier orden, no te pierdas esta cita en La Tasca G.","rel":"","context":"Similar post","block_context":{"text":"Similar post","link":""},"img":{"alt_text":"","src":"https:\/\/i0.wp.com\/trasatlantica.org\/wp-content\/uploads\/2024\/12\/WhatsApp-Image-2024-12-12-at-07.22.48.jpeg?resize=350%2C200&ssl=1","width":350,"height":200,"srcset":"https:\/\/i0.wp.com\/trasatlantica.org\/wp-content\/uploads\/2024\/12\/WhatsApp-Image-2024-12-12-at-07.22.48.jpeg?resize=350%2C200&ssl=1 1x, https:\/\/i0.wp.com\/trasatlantica.org\/wp-content\/uploads\/2024\/12\/WhatsApp-Image-2024-12-12-at-07.22.48.jpeg?resize=525%2C300&ssl=1 1.5x, https:\/\/i0.wp.com\/trasatlantica.org\/wp-content\/uploads\/2024\/12\/WhatsApp-Image-2024-12-12-at-07.22.48.jpeg?resize=700%2C400&ssl=1 2x, https:\/\/i0.wp.com\/trasatlantica.org\/wp-content\/uploads\/2024\/12\/WhatsApp-Image-2024-12-12-at-07.22.48.jpeg?resize=1050%2C600&ssl=1 3x, https:\/\/i0.wp.com\/trasatlantica.org\/wp-content\/uploads\/2024\/12\/WhatsApp-Image-2024-12-12-at-07.22.48.jpeg?resize=1400%2C800&ssl=1 4x"},"classes":[]},{"id":6218,"url":"https:\/\/trasatlantica.org\/?page_id=6218","url_meta":{"origin":3893,"position":5},"title":"Aleyda Quevedo Rojas","author":"Soviet Cuba: Identities in Transition","date":"January 17, 2026","format":false,"excerpt":"El arte de perder \u2015ya profundiz\u00f3 Bishop\u2015:\u00a0Casas, amigos, pa\u00edses, amores, libros, viajes\u2026Hasta que un d\u00eda miras sin reconocerte\u00a0en los difusos bordes de la que fuiste. HAIKU DE LOS P\u00c1JAROSCuidar\u00e9 tus p\u00e1jarospero me niegoa hacer el amor en la jaula. PASI\u00d3N Que empiece a lloverpara saberde todo aquelloque me enciende.\u00a0 Lo\u2026","rel":"","context":"Similar post","block_context":{"text":"Similar post","link":""},"img":{"alt_text":"","src":"https:\/\/i0.wp.com\/trasatlantica.org\/wp-content\/uploads\/2026\/01\/bird-1-1.jpg?resize=350%2C200&ssl=1","width":350,"height":200,"srcset":"https:\/\/i0.wp.com\/trasatlantica.org\/wp-content\/uploads\/2026\/01\/bird-1-1.jpg?resize=350%2C200&ssl=1 1x, https:\/\/i0.wp.com\/trasatlantica.org\/wp-content\/uploads\/2026\/01\/bird-1-1.jpg?resize=525%2C300&ssl=1 1.5x, https:\/\/i0.wp.com\/trasatlantica.org\/wp-content\/uploads\/2026\/01\/bird-1-1.jpg?resize=700%2C400&ssl=1 2x, https:\/\/i0.wp.com\/trasatlantica.org\/wp-content\/uploads\/2026\/01\/bird-1-1.jpg?resize=1050%2C600&ssl=1 3x"},"classes":[]}],"_links":{"self":[{"href":"https:\/\/trasatlantica.org\/index.php?rest_route=\/wp\/v2\/pages\/3893","targetHints":{"allow":["GET"]}}],"collection":[{"href":"https:\/\/trasatlantica.org\/index.php?rest_route=\/wp\/v2\/pages"}],"about":[{"href":"https:\/\/trasatlantica.org\/index.php?rest_route=\/wp\/v2\/types\/page"}],"author":[{"embeddable":true,"href":"https:\/\/trasatlantica.org\/index.php?rest_route=\/wp\/v2\/users\/33188029"}],"replies":[{"embeddable":true,"href":"https:\/\/trasatlantica.org\/index.php?rest_route=%2Fwp%2Fv2%2Fcomments&post=3893"}],"version-history":[{"count":11,"href":"https:\/\/trasatlantica.org\/index.php?rest_route=\/wp\/v2\/pages\/3893\/revisions"}],"predecessor-version":[{"id":6628,"href":"https:\/\/trasatlantica.org\/index.php?rest_route=\/wp\/v2\/pages\/3893\/revisions\/6628"}],"wp:attachment":[{"href":"https:\/\/trasatlantica.org\/index.php?rest_route=%2Fwp%2Fv2%2Fmedia&parent=3893"}],"curies":[{"name":"wp","href":"https:\/\/api.w.org\/{rel}","templated":true}]}}