{"id":3940,"date":"2025-05-24T12:57:16","date_gmt":"2025-05-24T16:57:16","guid":{"rendered":"https:\/\/trasatlantica.org\/?page_id=3940"},"modified":"2026-02-06T15:36:41","modified_gmt":"2026-02-06T20:36:41","slug":"coral-bracho","status":"publish","type":"page","link":"https:\/\/trasatlantica.org\/?page_id=3940","title":{"rendered":"Odette Alonso"},"content":{"rendered":"\n<div class=\"wp-block-cover is-light\"><span aria-hidden=\"true\" class=\"wp-block-cover__background has-background-background-color has-background-dim-100 has-background-dim\"><\/span><div class=\"wp-block-cover__inner-container is-layout-constrained wp-block-cover-is-layout-constrained\">\n<p class=\"has-large-font-size wp-block-paragraph\"><strong><em>P\u00f3rtico<\/em><\/strong><\/p>\n\n\n\n<p class=\"alignfull has-small-font-size wp-block-paragraph\">Los p\u00e1jaros que salen de tu boca<br>llenan el d\u00eda de reverberaciones.<br>La luz que dejan<br>se enreda entre los hilos de la rueca<br>de la que surge un tejido transparente.<br>La pared te sostiene<br>cuando te abres el pecho<br>y brota el canto.<br>Yo<br>sentada a tus pies<br>lo sue\u00f1o todo.<\/p>\n\n\n\n<figure class=\"wp-block-image alignwide size-large\"><a href=\"https:\/\/i0.wp.com\/trasatlantica.org\/wp-content\/uploads\/2026\/02\/extranas-aves-castle-1-1.jpg?ssl=1\"><img data-recalc-dims=\"1\" decoding=\"async\" width=\"806\" height=\"1024\" data-attachment-id=\"6865\" data-permalink=\"https:\/\/trasatlantica.org\/?attachment_id=6865\" data-orig-file=\"https:\/\/i0.wp.com\/trasatlantica.org\/wp-content\/uploads\/2026\/02\/extranas-aves-castle-1-1.jpg?fit=928%2C1179&amp;ssl=1\" data-orig-size=\"928,1179\" data-comments-opened=\"0\" data-image-meta=\"{&quot;aperture&quot;:&quot;0&quot;,&quot;credit&quot;:&quot;&quot;,&quot;camera&quot;:&quot;&quot;,&quot;caption&quot;:&quot;&quot;,&quot;created_timestamp&quot;:&quot;0&quot;,&quot;copyright&quot;:&quot;&quot;,&quot;focal_length&quot;:&quot;0&quot;,&quot;iso&quot;:&quot;0&quot;,&quot;shutter_speed&quot;:&quot;0&quot;,&quot;title&quot;:&quot;&quot;,&quot;orientation&quot;:&quot;0&quot;}\" data-image-title=\"extranas aves castle\" data-image-description=\"\" data-image-caption=\"\" data-medium-file=\"https:\/\/i0.wp.com\/trasatlantica.org\/wp-content\/uploads\/2026\/02\/extranas-aves-castle-1-1.jpg?fit=236%2C300&amp;ssl=1\" data-large-file=\"https:\/\/i0.wp.com\/trasatlantica.org\/wp-content\/uploads\/2026\/02\/extranas-aves-castle-1-1.jpg?fit=580%2C737&amp;ssl=1\" src=\"https:\/\/i0.wp.com\/trasatlantica.org\/wp-content\/uploads\/2026\/02\/extranas-aves-castle-1-1.jpg?resize=806%2C1024&#038;ssl=1\" alt=\"\" class=\"wp-image-6865\" srcset=\"https:\/\/i0.wp.com\/trasatlantica.org\/wp-content\/uploads\/2026\/02\/extranas-aves-castle-1-1.jpg?resize=806%2C1024&amp;ssl=1 806w, https:\/\/i0.wp.com\/trasatlantica.org\/wp-content\/uploads\/2026\/02\/extranas-aves-castle-1-1.jpg?resize=236%2C300&amp;ssl=1 236w, https:\/\/i0.wp.com\/trasatlantica.org\/wp-content\/uploads\/2026\/02\/extranas-aves-castle-1-1.jpg?resize=768%2C976&amp;ssl=1 768w, https:\/\/i0.wp.com\/trasatlantica.org\/wp-content\/uploads\/2026\/02\/extranas-aves-castle-1-1.jpg?resize=500%2C635&amp;ssl=1 500w, https:\/\/i0.wp.com\/trasatlantica.org\/wp-content\/uploads\/2026\/02\/extranas-aves-castle-1-1.jpg?resize=800%2C1016&amp;ssl=1 800w, https:\/\/i0.wp.com\/trasatlantica.org\/wp-content\/uploads\/2026\/02\/extranas-aves-castle-1-1.jpg?w=928&amp;ssl=1 928w\" sizes=\"(max-width: 806px) 100vw, 806px\" \/><\/a><\/figure>\n\n\n\n<p class=\"has-text-align-right has-large-font-size wp-block-paragraph\"><strong><em>Portico<\/em><\/strong><\/p>\n\n\n\n<p class=\"has-text-align-right has-small-font-size wp-block-paragraph\">Birds emerging from your mouth<br>fill the day with reverberations.<br>The light they leave<br>tangles between threads of the distaff<br>erupting in a transparent tapestry.<br>Song flows out<br>as you open your chest<br>and rest against the wall.<br>I<br>sitting at your feet<br>dream all of it.<\/p>\n<\/div><\/div>\n\n\n\n<div style=\"height:65px\" aria-hidden=\"true\" class=\"wp-block-spacer\"><\/div>\n\n\n\n<div class=\"wp-block-cover alignfull\"><img data-recalc-dims=\"1\" decoding=\"async\" width=\"819\" height=\"1024\" data-attachment-id=\"4136\" data-permalink=\"https:\/\/trasatlantica.org\/?attachment_id=4136\" data-orig-file=\"https:\/\/i0.wp.com\/trasatlantica.org\/wp-content\/uploads\/2025\/04\/pexels-photo-3022016.jpeg?fit=1040%2C1300&amp;ssl=1\" data-orig-size=\"1040,1300\" data-comments-opened=\"0\" data-image-meta=\"{&quot;aperture&quot;:&quot;0&quot;,&quot;credit&quot;:&quot;&quot;,&quot;camera&quot;:&quot;&quot;,&quot;caption&quot;:&quot;Photo by Tobias Bj\\u00f8rkli on &lt;a href=\\&quot;https:\/\/www.pexels.com\/photo\/person-s-eye-3022016\/\\&quot; rel=\\&quot;nofollow\\&quot;&gt;Pexels.com&lt;\/a&gt;&quot;,&quot;created_timestamp&quot;:&quot;0&quot;,&quot;copyright&quot;:&quot;&quot;,&quot;focal_length&quot;:&quot;0&quot;,&quot;iso&quot;:&quot;0&quot;,&quot;shutter_speed&quot;:&quot;0&quot;,&quot;title&quot;:&quot;person s eye&quot;,&quot;orientation&quot;:&quot;0&quot;}\" data-image-title=\"pexels-photo-3022016\" data-image-description=\"\" data-image-caption=\"&lt;p&gt;Photo by Tobias Bj\u00f8rkli on &lt;a href=&quot;https:\/\/www.pexels.com\/photo\/person-s-eye-3022016\/&quot; rel=&quot;nofollow&quot;&gt;Pexels.com&lt;\/a&gt;&lt;\/p&gt;\n\" data-medium-file=\"https:\/\/i0.wp.com\/trasatlantica.org\/wp-content\/uploads\/2025\/04\/pexels-photo-3022016.jpeg?fit=240%2C300&amp;ssl=1\" data-large-file=\"https:\/\/i0.wp.com\/trasatlantica.org\/wp-content\/uploads\/2025\/04\/pexels-photo-3022016.jpeg?fit=580%2C725&amp;ssl=1\" class=\"wp-block-cover__image-background wp-image-4136\" alt=\"person s eye\" src=\"https:\/\/i0.wp.com\/trasatlantica.org\/wp-content\/uploads\/2025\/04\/pexels-photo-3022016.jpeg?resize=819%2C1024&#038;ssl=1\" style=\"object-position:34% 59%\" data-object-fit=\"cover\" data-object-position=\"34% 59%\" srcset=\"https:\/\/i0.wp.com\/trasatlantica.org\/wp-content\/uploads\/2025\/04\/pexels-photo-3022016.jpeg?resize=819%2C1024&amp;ssl=1 819w, https:\/\/i0.wp.com\/trasatlantica.org\/wp-content\/uploads\/2025\/04\/pexels-photo-3022016.jpeg?resize=240%2C300&amp;ssl=1 240w, https:\/\/i0.wp.com\/trasatlantica.org\/wp-content\/uploads\/2025\/04\/pexels-photo-3022016.jpeg?resize=768%2C960&amp;ssl=1 768w, https:\/\/i0.wp.com\/trasatlantica.org\/wp-content\/uploads\/2025\/04\/pexels-photo-3022016.jpeg?resize=500%2C625&amp;ssl=1 500w, https:\/\/i0.wp.com\/trasatlantica.org\/wp-content\/uploads\/2025\/04\/pexels-photo-3022016.jpeg?resize=800%2C1000&amp;ssl=1 800w, https:\/\/i0.wp.com\/trasatlantica.org\/wp-content\/uploads\/2025\/04\/pexels-photo-3022016.jpeg?w=1040&amp;ssl=1 1040w\" sizes=\"(max-width: 819px) 100vw, 819px\" \/><span aria-hidden=\"true\" class=\"wp-block-cover__background has-background-dim-60 has-background-dim\"><\/span><div class=\"wp-block-cover__inner-container is-layout-flow wp-block-cover-is-layout-flow\">\n<p class=\"has-text-align-left has-background-color has-text-color has-link-color has-large-font-size wp-elements-04c57dd5053a2ab6e1557289e0269c5d wp-block-paragraph\" style=\"line-height:1\"><strong><em>El miedo<\/em><\/strong><\/p>\n\n\n\n<p class=\"has-background-color has-text-color has-link-color has-small-font-size wp-elements-92164a5b8b9a8f447712a881525e4b58 wp-block-paragraph\" style=\"line-height:1.5\">Ese hilo<br>va sacando de mi boca<br>viejas canciones<br>un sue\u00f1o de alfileres.<br>\u00c9ramos un rumor de telas<br>y lavanda<br>una suerte de celaje.<br>Fum\u00e1bamos boquillas mentoladas<br>y yo usaba los sacos de mi abuelo<br>y su colonia.<br>A medias<br>la risa se transforma en una mueca<br>pero apretar tu mano<br>aleja el miedo.<\/p>\n<\/div><\/div>\n\n\n\n<div class=\"wp-block-cover alignfull has-background-color has-text-color has-link-color wp-elements-7adcfb0220df27f6c0594da04ccd7ced wp-duotone-grayscale\"><img data-recalc-dims=\"1\" decoding=\"async\" width=\"1040\" height=\"1300\" data-attachment-id=\"4996\" data-permalink=\"https:\/\/trasatlantica.org\/?attachment_id=4996\" data-orig-file=\"https:\/\/i0.wp.com\/trasatlantica.org\/wp-content\/uploads\/2025\/04\/crop-0-0-1040-1300-0-pexels-photo-3022016.jpeg?fit=1040%2C1300&amp;ssl=1\" data-orig-size=\"1040,1300\" data-comments-opened=\"0\" data-image-meta=\"{&quot;aperture&quot;:&quot;0&quot;,&quot;credit&quot;:&quot;&quot;,&quot;camera&quot;:&quot;&quot;,&quot;caption&quot;:&quot;&quot;,&quot;created_timestamp&quot;:&quot;0&quot;,&quot;copyright&quot;:&quot;&quot;,&quot;focal_length&quot;:&quot;0&quot;,&quot;iso&quot;:&quot;0&quot;,&quot;shutter_speed&quot;:&quot;0&quot;,&quot;title&quot;:&quot;&quot;,&quot;orientation&quot;:&quot;0&quot;}\" data-image-title=\"crop-0-0-1040-1300-0-pexels-photo-3022016.jpeg\" data-image-description=\"\" data-image-caption=\"\" data-medium-file=\"https:\/\/i0.wp.com\/trasatlantica.org\/wp-content\/uploads\/2025\/04\/crop-0-0-1040-1300-0-pexels-photo-3022016.jpeg?fit=240%2C300&amp;ssl=1\" data-large-file=\"https:\/\/i0.wp.com\/trasatlantica.org\/wp-content\/uploads\/2025\/04\/crop-0-0-1040-1300-0-pexels-photo-3022016.jpeg?fit=580%2C725&amp;ssl=1\" class=\"wp-block-cover__image-background wp-image-4996\" alt=\"person s eye\" src=\"https:\/\/i0.wp.com\/trasatlantica.org\/wp-content\/uploads\/2025\/04\/crop-0-0-1040-1300-0-pexels-photo-3022016.jpeg?resize=1040%2C1300&#038;ssl=1\" style=\"object-position:84% 81%\" data-object-fit=\"cover\" data-object-position=\"84% 81%\" srcset=\"https:\/\/i0.wp.com\/trasatlantica.org\/wp-content\/uploads\/2025\/04\/crop-0-0-1040-1300-0-pexels-photo-3022016.jpeg?w=1040&amp;ssl=1 1040w, https:\/\/i0.wp.com\/trasatlantica.org\/wp-content\/uploads\/2025\/04\/crop-0-0-1040-1300-0-pexels-photo-3022016.jpeg?resize=240%2C300&amp;ssl=1 240w, https:\/\/i0.wp.com\/trasatlantica.org\/wp-content\/uploads\/2025\/04\/crop-0-0-1040-1300-0-pexels-photo-3022016.jpeg?resize=819%2C1024&amp;ssl=1 819w, https:\/\/i0.wp.com\/trasatlantica.org\/wp-content\/uploads\/2025\/04\/crop-0-0-1040-1300-0-pexels-photo-3022016.jpeg?resize=768%2C960&amp;ssl=1 768w, https:\/\/i0.wp.com\/trasatlantica.org\/wp-content\/uploads\/2025\/04\/crop-0-0-1040-1300-0-pexels-photo-3022016.jpeg?resize=500%2C625&amp;ssl=1 500w, https:\/\/i0.wp.com\/trasatlantica.org\/wp-content\/uploads\/2025\/04\/crop-0-0-1040-1300-0-pexels-photo-3022016.jpeg?resize=800%2C1000&amp;ssl=1 800w\" sizes=\"(max-width: 1040px) 100vw, 1040px\" \/><span aria-hidden=\"true\" class=\"wp-block-cover__background has-background-dim-60 has-background-dim\"><\/span><div class=\"wp-block-cover__inner-container is-layout-flow wp-block-cover-is-layout-flow\">\n<p class=\"has-text-align-right has-large-font-size wp-block-paragraph\"><strong><em>The Fear<\/em><\/strong><\/p>\n\n\n\n<div class=\"wp-block-group has-normal-font-size\" style=\"line-height:1\"><div class=\"wp-block-group__inner-container is-layout-constrained wp-block-group-is-layout-constrained\">\n<p class=\"has-text-align-right has-small-font-size wp-block-paragraph\" style=\"line-height:1.5\">This thread<br>is pulling old songs<br>from my mouth<br>a dream of pins.<br>We were a rumor of fabric<br>And lavender<br>a luck of cloudscape.<br>We smoked from menthol stems<br>and I wore my grandfather\u2019s jacket<br>and his cologne.<br>Halfway through<br>laughter was transformed into a grimace<br>but squeezing your hand<br>dispels the fear.<\/p>\n<\/div><\/div>\n<\/div><\/div>\n\n\n\n<hr class=\"wp-block-separator has-alpha-channel-opacity\"\/>\n\n\n\n<div class=\"wp-block-group alignwide has-subtle-background-background-color has-background\"><div class=\"wp-block-group__inner-container is-layout-constrained wp-block-group-is-layout-constrained\"><div class=\"wp-block-image\">\n<figure class=\"aligncenter size-full\"><a href=\"https:\/\/i0.wp.com\/trasatlantica.org\/wp-content\/uploads\/2026\/01\/images-1.jpeg?ssl=1\"><img data-recalc-dims=\"1\" decoding=\"async\" width=\"326\" height=\"313\" data-attachment-id=\"6138\" data-permalink=\"https:\/\/trasatlantica.org\/?attachment_id=6138\" data-orig-file=\"https:\/\/i0.wp.com\/trasatlantica.org\/wp-content\/uploads\/2026\/01\/images-1.jpeg?fit=326%2C313&amp;ssl=1\" data-orig-size=\"326,313\" data-comments-opened=\"0\" data-image-meta=\"{&quot;aperture&quot;:&quot;0&quot;,&quot;credit&quot;:&quot;&quot;,&quot;camera&quot;:&quot;&quot;,&quot;caption&quot;:&quot;&quot;,&quot;created_timestamp&quot;:&quot;0&quot;,&quot;copyright&quot;:&quot;&quot;,&quot;focal_length&quot;:&quot;0&quot;,&quot;iso&quot;:&quot;0&quot;,&quot;shutter_speed&quot;:&quot;0&quot;,&quot;title&quot;:&quot;&quot;,&quot;orientation&quot;:&quot;0&quot;}\" data-image-title=\"images-1\" data-image-description=\"\" data-image-caption=\"\" data-medium-file=\"https:\/\/i0.wp.com\/trasatlantica.org\/wp-content\/uploads\/2026\/01\/images-1.jpeg?fit=300%2C288&amp;ssl=1\" data-large-file=\"https:\/\/i0.wp.com\/trasatlantica.org\/wp-content\/uploads\/2026\/01\/images-1.jpeg?fit=326%2C313&amp;ssl=1\" src=\"https:\/\/i0.wp.com\/trasatlantica.org\/wp-content\/uploads\/2026\/01\/images-1.jpeg?resize=326%2C313&#038;ssl=1\" alt=\"\" class=\"wp-image-6138\" srcset=\"https:\/\/i0.wp.com\/trasatlantica.org\/wp-content\/uploads\/2026\/01\/images-1.jpeg?w=326&amp;ssl=1 326w, https:\/\/i0.wp.com\/trasatlantica.org\/wp-content\/uploads\/2026\/01\/images-1.jpeg?resize=300%2C288&amp;ssl=1 300w\" sizes=\"(max-width: 326px) 100vw, 326px\" \/><\/a><\/figure>\n<\/div>\n\n\n<div class=\"wp-block-group alignfull has-primary-background-color has-background\"><div class=\"wp-block-group__inner-container is-layout-constrained wp-block-group-is-layout-constrained\">\n<p class=\"has-background-color has-primary-background-color has-text-color has-background has-link-color wp-elements-5f27d10aa8d173f1f3a9b2329a003026 wp-block-paragraph\" style=\"font-size:18px\"><strong>Odette Alonso<\/strong> es escritora y promotora cultural. Naci\u00f3 en Santiago de Cuba, vive en M\u00e9xico desde 1992. Obtuvo el Premio Clemencia Isaura de Poes\u00eda 2019, el Premio Nacional de Poes\u00eda LGBTTTI 2017 y el Premio Internacional de Poes\u00eda \u201cNicol\u00e1s Guill\u00e9n\u201d 1999. Autora de una veintena de poemarios, una novela y dos libros de relatos. Compiladora de <em>Antolog\u00eda de la poes\u00eda cubana del exilio<\/em> (2011) y de <em>G\u00e9nero y sus perspectivas<\/em> (2022), y coeditora de <em>Versas y diversas, muestra de poes\u00eda l\u00e9sbica mexicana contempor\u00e1nea<\/em> (2020). Creadora y co-coordinadora del proyecto cultural Bulevar Arco\u00edris. Miembro del Sistema Nacional de Creadores de Arte.<\/p>\n\n\n\n<p class=\"has-background-color has-primary-background-color has-text-color has-background has-link-color wp-elements-68205946fed9cb36c4baeea2340fd835 wp-block-paragraph\" style=\"font-size:18px\">Translated by Elizabeth Rose:<br><strong>Elizabeth Rose<\/strong> es traductora e investigadora literaria, enamorada de las im\/posibilidades del arte de la traducci\u00f3n. Traduce del espa\u00f1ol, alem\u00e1n, e ingl\u00e9s, e investiga las intersecciones de traducir, teor\u00eda queer, y estudios americanos transnacionales. Su trabajo ha sido publicado en <em>Alchemy<\/em>, <em>Tupelo Quarterly<\/em>, <em>Raspa<\/em>, <em>Volume<\/em>, y muchas otras revistas. Actualmente vive en el territorio ocupado de Tohono O\u2019odom y Yaqui en Arizona.<\/p>\n<\/div><\/div>\n<\/div><\/div>\n\n\n\n<div class=\"wp-block-group is-vertical is-layout-flex wp-container-core-group-is-layout-4fc3f8e1 wp-block-group-is-layout-flex\">\n<p class=\"wp-block-paragraph\"><\/p>\n\n\n\n<p class=\"wp-block-paragraph\"><\/p>\n\n\n\n<p class=\"wp-block-paragraph\"><\/p>\n<\/div>\n<!-- PMB print buttons is only displayed on a single post\/page URLs-->","protected":false},"excerpt":{"rendered":"<p>Odette Alonso es escritora y promotora cultural. Naci\u00f3 en Santiago de Cuba, vive en M\u00e9xico desde 1992. Obtuvo el Premio Clemencia Isaura de Poes\u00eda 2019, el Premio Nacional de Poes\u00eda LGBTTTI 2017 y el Premio Internacional de Poes\u00eda \u201cNicol\u00e1s Guill\u00e9n\u201d 1999. Autora de una veintena de poemarios, una novela y dos libros de relatos. Compiladora [&hellip;]<\/p>\n","protected":false},"author":33188029,"featured_media":0,"parent":0,"menu_order":0,"comment_status":"closed","ping_status":"closed","template":"","meta":{"_coblocks_attr":"","_coblocks_dimensions":"","_coblocks_responsive_height":"","_coblocks_accordion_ie_support":"","_crdt_document":"","advanced_seo_description":"","jetpack_seo_html_title":"","jetpack_seo_noindex":false,"jetpack_post_was_ever_published":false,"footnotes":""},"class_list":["post-3940","page","type-page","status-publish","hentry"],"jetpack_likes_enabled":false,"jetpack_sharing_enabled":true,"jetpack_shortlink":"https:\/\/wp.me\/P2V8if-11y","jetpack-related-posts":[{"id":6753,"url":"https:\/\/trasatlantica.org\/?page_id=6753","url_meta":{"origin":3940,"position":0},"title":"Julio Marinas","author":"Soviet Cuba: Identities in Transition","date":"February 1, 2026","format":false,"excerpt":"ATL\u00c1NTICA 1 Atl\u00e1ntico, la edadde tu brisa se impregnaen el centro del pecho.Respiro lejan\u00eda.El tiempo de tus aguasme entrega halos de eterna juventudy contengo tu oc\u00e9anohasta que se derrumban mis pulmonesy regresas al viaje de tus vientos,mientras yo vuelvo al asma de mi piel,de la arena, del polvo. ATL\u00c1NTICA 2\u2026","rel":"","context":"Similar post","block_context":{"text":"Similar post","link":""},"img":{"alt_text":"","src":"https:\/\/i0.wp.com\/trasatlantica.org\/wp-content\/uploads\/2026\/02\/Unknown-2.jpeg?resize=350%2C200&ssl=1","width":350,"height":200},"classes":[]},{"id":6058,"url":"https:\/\/trasatlantica.org\/?page_id=6058","url_meta":{"origin":3940,"position":1},"title":"Hern\u00e1n Bravo Varela","author":"Soviet Cuba: Identities in Transition","date":"January 17, 2026","format":false,"excerpt":"Contacto LUEGO de revisar las placas, me dice el terapeuta: \u2212A decir verdad, no encuentro nada. No entiendo a qu\u00e9 tus contracturas. Deja las placas y me explora en la camilla. Cuando toca la uni\u00f3n de los om\u00f3platos suelto un alarido. \u2212Aqu\u00ed est\u00e1n tus pap\u00e1s \u2212se\u00f1ala el terapeuta al explorar\u2026","rel":"","context":"Similar post","block_context":{"text":"Similar post","link":""},"img":{"alt_text":"","src":"https:\/\/i0.wp.com\/trasatlantica.org\/wp-content\/uploads\/2026\/01\/el-censor.jpg?resize=350%2C200&ssl=1","width":350,"height":200,"srcset":"https:\/\/i0.wp.com\/trasatlantica.org\/wp-content\/uploads\/2026\/01\/el-censor.jpg?resize=350%2C200&ssl=1 1x, https:\/\/i0.wp.com\/trasatlantica.org\/wp-content\/uploads\/2026\/01\/el-censor.jpg?resize=525%2C300&ssl=1 1.5x"},"classes":[]},{"id":6029,"url":"https:\/\/trasatlantica.org\/?page_id=6029","url_meta":{"origin":3940,"position":2},"title":"Alicia Llarena Gonz\u00e1lez","author":"Soviet Cuba: Identities in Transition","date":"January 17, 2026","format":false,"excerpt":"DESNUTRICI\u00d3N He amamantado pueblos de calzadas llameantesy negado con mis actos de amor cualquier prejuiciosobre la primitiva crudeza de las fieras. Mis pezones son dignos de alabanza,y mi leche ha fecundadola m\u00e1s hermosa imagen del instinto:hembra que alimenta sin conciencia de s\u00ed. As\u00ed me imaginaron llena de ubres encrespadas;y atentas,\u2026","rel":"","context":"Similar post","block_context":{"text":"Similar post","link":""},"img":{"alt_text":"","src":"https:\/\/i0.wp.com\/trasatlantica.org\/wp-content\/uploads\/2026\/01\/dark-night.png?resize=350%2C200&ssl=1","width":350,"height":200,"srcset":"https:\/\/i0.wp.com\/trasatlantica.org\/wp-content\/uploads\/2026\/01\/dark-night.png?resize=350%2C200&ssl=1 1x, https:\/\/i0.wp.com\/trasatlantica.org\/wp-content\/uploads\/2026\/01\/dark-night.png?resize=525%2C300&ssl=1 1.5x, https:\/\/i0.wp.com\/trasatlantica.org\/wp-content\/uploads\/2026\/01\/dark-night.png?resize=700%2C400&ssl=1 2x"},"classes":[]},{"id":6004,"url":"https:\/\/trasatlantica.org\/?page_id=6004","url_meta":{"origin":3940,"position":3},"title":"Ana Merino","author":"Soviet Cuba: Identities in Transition","date":"January 16, 2026","format":false,"excerpt":"LA PELUQUER\u00cdA DEL SE\u00d1OR RUSSELLEn la peluquer\u00eda del Se\u00f1or Russellme saludan con cari\u00f1o sin conocerme,y una anciana desdentadame dice que mi coraz\u00f3n es dulce.Yo sonr\u00edomientras me acomodo en una vieja silla de cueroy escucho el sonido de las tijerasal comp\u00e1s de la m\u00fasica arrugadade unos discos de vinilo.Y la cabeza\u2026","rel":"","context":"Similar post","block_context":{"text":"Similar post","link":""},"img":{"alt_text":"","src":"https:\/\/i0.wp.com\/trasatlantica.org\/wp-content\/uploads\/2026\/01\/snow-forest-1.png?resize=350%2C200&ssl=1","width":350,"height":200,"srcset":"https:\/\/i0.wp.com\/trasatlantica.org\/wp-content\/uploads\/2026\/01\/snow-forest-1.png?resize=350%2C200&ssl=1 1x, https:\/\/i0.wp.com\/trasatlantica.org\/wp-content\/uploads\/2026\/01\/snow-forest-1.png?resize=525%2C300&ssl=1 1.5x, https:\/\/i0.wp.com\/trasatlantica.org\/wp-content\/uploads\/2026\/01\/snow-forest-1.png?resize=700%2C400&ssl=1 2x"},"classes":[]},{"id":6998,"url":"https:\/\/trasatlantica.org\/?page_id=6998","url_meta":{"origin":3940,"position":4},"title":"Taller de escritura creativa\/Writing Workshop","author":"Soviet Cuba: Identities in Transition","date":"February 19, 2026","format":false,"excerpt":"Register hereMatr\u00edcula aqu\u00ed Wendy Guerra, acclaimed Cuban author of six novels, will lead a free creative writing workshop for LatinX, Hispanic, and Spanish-language lovers and literary enthusiasts in Cleveland from April 19\u201323, 2026. Organized by Trasatl\u00e1ntica. Poetry and Scholarship, in collaboration with -The Baker Nord Institute for the Humanities, CWRU\u2026","rel":"","context":"Similar post","block_context":{"text":"Similar post","link":""},"img":{"alt_text":"","src":"https:\/\/i0.wp.com\/trasatlantica.org\/wp-content\/uploads\/2026\/02\/writing-workshop.png?resize=350%2C200&ssl=1","width":350,"height":200,"srcset":"https:\/\/i0.wp.com\/trasatlantica.org\/wp-content\/uploads\/2026\/02\/writing-workshop.png?resize=350%2C200&ssl=1 1x, https:\/\/i0.wp.com\/trasatlantica.org\/wp-content\/uploads\/2026\/02\/writing-workshop.png?resize=525%2C300&ssl=1 1.5x, https:\/\/i0.wp.com\/trasatlantica.org\/wp-content\/uploads\/2026\/02\/writing-workshop.png?resize=700%2C400&ssl=1 2x, https:\/\/i0.wp.com\/trasatlantica.org\/wp-content\/uploads\/2026\/02\/writing-workshop.png?resize=1050%2C600&ssl=1 3x, https:\/\/i0.wp.com\/trasatlantica.org\/wp-content\/uploads\/2026\/02\/writing-workshop.png?resize=1400%2C800&ssl=1 4x"},"classes":[]},{"id":4201,"url":"https:\/\/trasatlantica.org\/?page_id=4201","url_meta":{"origin":3940,"position":5},"title":"Atilio Caballero","author":"Soviet Cuba: Identities in Transition","date":"May 24, 2025","format":false,"excerpt":"Necesitas resistir... \u00abNecesitas resistir todav\u00eda algunas horas de trabajo solitario. Eres uno de los centinelas de la noche; \u2018es necesario que alguien vele, que alguien sea el centinela\u2019, dice Kafka\u00bb \u00a0\u00a0\u00a0\u00a0\u00a0\u00a0\u00a0\u00a0\u00a0\u00a0\u00a0\u00a0\u00a0\u00a0\u00a0\u00a0\u00a0\u00a0\u00a0\u00a0\u00a0\u00a0\u00a0\u00a0\u00a0\u00a0\u00a0\u00a0\u00a0\u00a0\u00a0\u00a0\u00a0\u00a0\u00a0\u00a0\u00a0\u00a0\u00a0\u00a0\u00a0\u00a0\u00a0\u00a0\u00a0\u00a0\u00a0\u00a0\u00a0\u00a0\u00a0\u00a0\u00a0\u00a0\u00a0\u00a0\u00a0\u00a0\u00a0\u00a0\u00a0\u00a0\u00a0\u00a0\u00a0\u00a0\u00a0\u00a0\u00a0\u00a0\u00a0\u00a0\u00a0\u00a0\u00a0\u00a0\u00a0\u00a0\u00a0\u00a0\u00a0\u00a0\u00a0\u00a0\u00a0\u00a0\u00a0\u00a0\u00a0\u00a0\u00a0\u00a0\u00a0\u00a0\u00a0 GENNADI AIGUI No existe lo oscuro sin \u00e1ngeles. Figuras en donde no se ve, donde solo se perciben sombras\u2026","rel":"","context":"Similar post","block_context":{"text":"Similar post","link":""},"img":{"alt_text":"","src":"https:\/\/i0.wp.com\/trasatlantica.org\/wp-content\/uploads\/2025\/05\/shadows.png?resize=350%2C200&ssl=1","width":350,"height":200,"srcset":"https:\/\/i0.wp.com\/trasatlantica.org\/wp-content\/uploads\/2025\/05\/shadows.png?resize=350%2C200&ssl=1 1x, https:\/\/i0.wp.com\/trasatlantica.org\/wp-content\/uploads\/2025\/05\/shadows.png?resize=525%2C300&ssl=1 1.5x"},"classes":[]}],"_links":{"self":[{"href":"https:\/\/trasatlantica.org\/index.php?rest_route=\/wp\/v2\/pages\/3940","targetHints":{"allow":["GET"]}}],"collection":[{"href":"https:\/\/trasatlantica.org\/index.php?rest_route=\/wp\/v2\/pages"}],"about":[{"href":"https:\/\/trasatlantica.org\/index.php?rest_route=\/wp\/v2\/types\/page"}],"author":[{"embeddable":true,"href":"https:\/\/trasatlantica.org\/index.php?rest_route=\/wp\/v2\/users\/33188029"}],"replies":[{"embeddable":true,"href":"https:\/\/trasatlantica.org\/index.php?rest_route=%2Fwp%2Fv2%2Fcomments&post=3940"}],"version-history":[{"count":50,"href":"https:\/\/trasatlantica.org\/index.php?rest_route=\/wp\/v2\/pages\/3940\/revisions"}],"predecessor-version":[{"id":6868,"href":"https:\/\/trasatlantica.org\/index.php?rest_route=\/wp\/v2\/pages\/3940\/revisions\/6868"}],"wp:attachment":[{"href":"https:\/\/trasatlantica.org\/index.php?rest_route=%2Fwp%2Fv2%2Fmedia&parent=3940"}],"curies":[{"name":"wp","href":"https:\/\/api.w.org\/{rel}","templated":true}]}}