{"id":4915,"date":"2025-06-01T16:45:20","date_gmt":"2025-06-01T20:45:20","guid":{"rendered":"https:\/\/trasatlantica.org\/?page_id=4915"},"modified":"2025-06-27T17:21:15","modified_gmt":"2025-06-27T21:21:15","slug":"reviews-2","status":"publish","type":"page","link":"https:\/\/trasatlantica.org\/?page_id=4915","title":{"rendered":"Reviews"},"content":{"rendered":"\n<ul class=\"wp-block-list\">\n<li><a href=\"https:\/\/trasatlantica.org\/?page_id=4919\" data-type=\"link\" data-id=\"https:\/\/trasatlantica.org\/?page_id=4919\"><mark style=\"background-color:#000000\" class=\"has-inline-color has-background-color\">Diente de le\u00f3n, de Nelson Sim\u00f3n, por Pablo G. Lleonart <\/mark><\/a>\u00a0<\/li>\n<\/ul>\n\n\n\n<p class=\"wp-block-paragraph\"><\/p>\n<!-- PMB print buttons is only displayed on a single post\/page URLs-->","protected":false},"excerpt":{"rendered":"","protected":false},"author":33188029,"featured_media":0,"parent":0,"menu_order":0,"comment_status":"closed","ping_status":"closed","template":"","meta":{"_coblocks_attr":"","_coblocks_dimensions":"","_coblocks_responsive_height":"","_coblocks_accordion_ie_support":"","_crdt_document":"","advanced_seo_description":"","jetpack_seo_html_title":"","jetpack_seo_noindex":false,"footnotes":""},"class_list":["post-4915","page","type-page","status-publish","hentry"],"jetpack_likes_enabled":false,"jetpack_sharing_enabled":true,"jetpack_shortlink":"https:\/\/wp.me\/P2V8if-1hh","jetpack-related-posts":[{"id":5766,"url":"https:\/\/trasatlantica.org\/?page_id=5766","url_meta":{"origin":4915,"position":0},"title":"Rese\u00f1as\/Reviews","author":"Soviet Cuba: Identities in Transition","date":"January 8, 2026","format":false,"excerpt":"Campamento, de Irina Garbatzky, por Paula Galansky Diente de le\u00f3n, de Nelson Sim\u00f3n, por Pablo G. Lleonart No vine a hacerme la inocente, de Damaris Pu\u00f1ales-Alp\u00edzar, por Jos\u00e9 Ram\u00f3n Ruis\u00e1nchez","rel":"","context":"Similar post","block_context":{"text":"Similar post","link":""},"img":{"alt_text":"","src":"","width":0,"height":0},"classes":[]},{"id":4919,"url":"https:\/\/trasatlantica.org\/?page_id=4919","url_meta":{"origin":4915,"position":1},"title":"Pablo G. Lleonart","author":"Soviet Cuba: Identities in Transition","date":"June 1, 2025","format":false,"excerpt":"Levedad dispersa: el soplo de Diente de le\u00f3n Pablo G. Lleonart \u00a0 Se cuenta que una tarde de primavera Leonardo da Vinci paseaba por los campos cercanos a Florencia y se detuvo a observar c\u00f3mo el viento soplaba las semillas de una flor que entonces se consideraba simple maleza: el\u2026","rel":"","context":"Similar post","block_context":{"text":"Similar post","link":""},"img":{"alt_text":"","src":"https:\/\/i0.wp.com\/trasatlantica.org\/wp-content\/uploads\/2025\/06\/168ceaed-bc95-471b-9b08-79d7fa2d4e3d.jpg?resize=350%2C200&ssl=1","width":350,"height":200,"srcset":"https:\/\/i0.wp.com\/trasatlantica.org\/wp-content\/uploads\/2025\/06\/168ceaed-bc95-471b-9b08-79d7fa2d4e3d.jpg?resize=350%2C200&ssl=1 1x, https:\/\/i0.wp.com\/trasatlantica.org\/wp-content\/uploads\/2025\/06\/168ceaed-bc95-471b-9b08-79d7fa2d4e3d.jpg?resize=525%2C300&ssl=1 1.5x, https:\/\/i0.wp.com\/trasatlantica.org\/wp-content\/uploads\/2025\/06\/168ceaed-bc95-471b-9b08-79d7fa2d4e3d.jpg?resize=700%2C400&ssl=1 2x"},"classes":[]},{"id":442,"url":"https:\/\/trasatlantica.org\/?page_id=442","url_meta":{"origin":4915,"position":2},"title":"Pablo G. Lleonart","author":"diceyk","date":"August 25, 2024","format":false,"excerpt":"Praxis\u00a0 Un poema antes de ser poema\u00a0 debe matricular en la universidad de Alabama\u00a0 -una ma\u00f1ana del 12 de junio de 1963 - el mismo d\u00eda en que matricul\u00f3\u00a0 Vivian Malone Jones\u00a0 Un poema antes de ser poema\u00a0 debe resistir los insultos del gobernador de turno\u00a0 igual que lo hizo\u2026","rel":"","context":"Similar post","block_context":{"text":"Similar post","link":""},"img":{"alt_text":"","src":"https:\/\/i0.wp.com\/trasatlantica.org\/wp-content\/uploads\/2024\/09\/destroyed-house.png?resize=350%2C200&ssl=1","width":350,"height":200,"srcset":"https:\/\/i0.wp.com\/trasatlantica.org\/wp-content\/uploads\/2024\/09\/destroyed-house.png?resize=350%2C200&ssl=1 1x, https:\/\/i0.wp.com\/trasatlantica.org\/wp-content\/uploads\/2024\/09\/destroyed-house.png?resize=525%2C300&ssl=1 1.5x, https:\/\/i0.wp.com\/trasatlantica.org\/wp-content\/uploads\/2024\/09\/destroyed-house.png?resize=700%2C400&ssl=1 2x"},"classes":[]},{"id":523,"url":"https:\/\/trasatlantica.org\/?page_id=523","url_meta":{"origin":4915,"position":3},"title":"POETRY","author":"diceyk","date":"August 23, 2024","format":false,"excerpt":"Angela AcostaDaniel Ch\u00e1vez LanderosB\u00e1rbara Escobar AnleuIrina GarbatzkyPablo G. LLeonartLara L\u00f3pez de Jes\u00fasDiego MoraEduardo Rodr\u00edguez Mart\u00ednezJos\u00e9 Ram\u00f3n Ruis\u00e1nchezGustavo Ruiz PascacioRicardo Tejera Partido","rel":"","context":"Similar post","block_context":{"text":"Similar post","link":""},"img":{"alt_text":"","src":"https:\/\/i0.wp.com\/trasatlantica.org\/wp-content\/uploads\/2024\/09\/el-sendero-1200182.jpg?resize=350%2C200&ssl=1","width":350,"height":200,"srcset":"https:\/\/i0.wp.com\/trasatlantica.org\/wp-content\/uploads\/2024\/09\/el-sendero-1200182.jpg?resize=350%2C200&ssl=1 1x, https:\/\/i0.wp.com\/trasatlantica.org\/wp-content\/uploads\/2024\/09\/el-sendero-1200182.jpg?resize=525%2C300&ssl=1 1.5x, https:\/\/i0.wp.com\/trasatlantica.org\/wp-content\/uploads\/2024\/09\/el-sendero-1200182.jpg?resize=700%2C400&ssl=1 2x, https:\/\/i0.wp.com\/trasatlantica.org\/wp-content\/uploads\/2024\/09\/el-sendero-1200182.jpg?resize=1050%2C600&ssl=1 3x, https:\/\/i0.wp.com\/trasatlantica.org\/wp-content\/uploads\/2024\/09\/el-sendero-1200182.jpg?resize=1400%2C800&ssl=1 4x"},"classes":[]},{"id":5763,"url":"https:\/\/trasatlantica.org\/?page_id=5763","url_meta":{"origin":4915,"position":4},"title":"Poetry\/Poes\u00eda","author":"Soviet Cuba: Identities in Transition","date":"January 8, 2026","format":false,"excerpt":"Newest additions\/\u00daltimas adiciones Aleyda Quevedo Rojas Alfredo Alonso Estenoz Alicia Llarena Gonz\u00e1lez Ana Merino Antonio Colinas Bruno R\u00edos Coral Bracho Francisco Layna Ranz Hern\u00e1n Bravo Varela Jorge Saucedo Julio Marinas Odette Alonso Olga Mu\u00f1oz Carrasco Tambi\u00e9n\/Also Angela AcostaAtilio CaballeroB\u00e1rbara Escobar AnleuBenito PascualDaniel S\u00e1nchez LanderosDairen ZamoraDiego MoraEduardo Rodr\u00edguez Mart\u00ednezGustavo Ruiz PascacioIrina\u2026","rel":"","context":"Similar post","block_context":{"text":"Similar post","link":""},"img":{"alt_text":"","src":"https:\/\/i0.wp.com\/trasatlantica.org\/wp-content\/uploads\/2024\/09\/barbwire.jpg?resize=350%2C200&ssl=1","width":350,"height":200,"srcset":"https:\/\/i0.wp.com\/trasatlantica.org\/wp-content\/uploads\/2024\/09\/barbwire.jpg?resize=350%2C200&ssl=1 1x, https:\/\/i0.wp.com\/trasatlantica.org\/wp-content\/uploads\/2024\/09\/barbwire.jpg?resize=525%2C300&ssl=1 1.5x, https:\/\/i0.wp.com\/trasatlantica.org\/wp-content\/uploads\/2024\/09\/barbwire.jpg?resize=700%2C400&ssl=1 2x, https:\/\/i0.wp.com\/trasatlantica.org\/wp-content\/uploads\/2024\/09\/barbwire.jpg?resize=1050%2C600&ssl=1 3x, https:\/\/i0.wp.com\/trasatlantica.org\/wp-content\/uploads\/2024\/09\/barbwire.jpg?resize=1400%2C800&ssl=1 4x"},"classes":[]},{"id":6218,"url":"https:\/\/trasatlantica.org\/?page_id=6218","url_meta":{"origin":4915,"position":5},"title":"Aleyda Quevedo Rojas","author":"Soviet Cuba: Identities in Transition","date":"January 17, 2026","format":false,"excerpt":"El arte de perder \u2015ya profundiz\u00f3 Bishop\u2015:\u00a0Casas, amigos, pa\u00edses, amores, libros, viajes\u2026Hasta que un d\u00eda miras sin reconocerte\u00a0en los difusos bordes de la que fuiste. HAIKU DE LOS P\u00c1JAROSCuidar\u00e9 tus p\u00e1jarospero me niegoa hacer el amor en la jaula. PASI\u00d3N Que empiece a lloverpara saberde todo aquelloque me enciende.\u00a0 Lo\u2026","rel":"","context":"Similar post","block_context":{"text":"Similar post","link":""},"img":{"alt_text":"","src":"https:\/\/i0.wp.com\/trasatlantica.org\/wp-content\/uploads\/2026\/01\/bird-1-1.jpg?resize=350%2C200&ssl=1","width":350,"height":200,"srcset":"https:\/\/i0.wp.com\/trasatlantica.org\/wp-content\/uploads\/2026\/01\/bird-1-1.jpg?resize=350%2C200&ssl=1 1x, https:\/\/i0.wp.com\/trasatlantica.org\/wp-content\/uploads\/2026\/01\/bird-1-1.jpg?resize=525%2C300&ssl=1 1.5x, https:\/\/i0.wp.com\/trasatlantica.org\/wp-content\/uploads\/2026\/01\/bird-1-1.jpg?resize=700%2C400&ssl=1 2x, https:\/\/i0.wp.com\/trasatlantica.org\/wp-content\/uploads\/2026\/01\/bird-1-1.jpg?resize=1050%2C600&ssl=1 3x"},"classes":[]}],"_links":{"self":[{"href":"https:\/\/trasatlantica.org\/index.php?rest_route=\/wp\/v2\/pages\/4915","targetHints":{"allow":["GET"]}}],"collection":[{"href":"https:\/\/trasatlantica.org\/index.php?rest_route=\/wp\/v2\/pages"}],"about":[{"href":"https:\/\/trasatlantica.org\/index.php?rest_route=\/wp\/v2\/types\/page"}],"author":[{"embeddable":true,"href":"https:\/\/trasatlantica.org\/index.php?rest_route=\/wp\/v2\/users\/33188029"}],"replies":[{"embeddable":true,"href":"https:\/\/trasatlantica.org\/index.php?rest_route=%2Fwp%2Fv2%2Fcomments&post=4915"}],"version-history":[{"count":4,"href":"https:\/\/trasatlantica.org\/index.php?rest_route=\/wp\/v2\/pages\/4915\/revisions"}],"predecessor-version":[{"id":5151,"href":"https:\/\/trasatlantica.org\/index.php?rest_route=\/wp\/v2\/pages\/4915\/revisions\/5151"}],"wp:attachment":[{"href":"https:\/\/trasatlantica.org\/index.php?rest_route=%2Fwp%2Fv2%2Fmedia&parent=4915"}],"curies":[{"name":"wp","href":"https:\/\/api.w.org\/{rel}","templated":true}]}}