{"id":5766,"date":"2026-01-08T11:19:56","date_gmt":"2026-01-08T16:19:56","guid":{"rendered":"https:\/\/trasatlantica.org\/?page_id=5766"},"modified":"2026-01-27T09:22:00","modified_gmt":"2026-01-27T14:22:00","slug":"ensayos-essays","status":"publish","type":"page","link":"https:\/\/trasatlantica.org\/?page_id=5766","title":{"rendered":"Rese\u00f1as\/Reviews"},"content":{"rendered":"\n<div class=\"wp-block-group has-background-background-color has-background\"><div class=\"wp-block-group__inner-container is-layout-constrained wp-block-group-is-layout-constrained\">\n<p class=\"has-primary-color has-text-color has-link-color wp-elements-9d43c4a412482e9e88ef404d17681e40 wp-block-paragraph\"><a href=\"https:\/\/trasatlantica.org\/?page_id=870\" data-type=\"link\" data-id=\"https:\/\/trasatlantica.org\/?page_id=870\" target=\"_blank\" rel=\"noreferrer noopener\"><em>Campamento<\/em>, de Irina Garbatzky, por Paula Galansky<\/a><\/p>\n\n\n\n<p class=\"has-primary-color has-text-color has-link-color wp-elements-ac2bffeb03c5fbb7d4d92446a04f93ad wp-block-paragraph\"><a href=\"https:\/\/trasatlantica.org\/?page_id=4919\" target=\"_blank\" rel=\"noreferrer noopener\"><em>Diente de le\u00f3n<\/em>, de Nelson Sim\u00f3n, por Pablo G. Lleonart<\/a><\/p>\n\n\n\n<p class=\"has-primary-color has-text-color has-link-color wp-elements-8297ff3ed152a71203569b1ba7c82f79 wp-block-paragraph\"><a href=\"https:\/\/trasatlantica.org\/?page_id=5145\" target=\"_blank\" rel=\"noreferrer noopener\"><em>No vine a hacerme la inocente<\/em>, de Damaris Pu\u00f1ales-Alp\u00edzar, por Jos\u00e9 Ram\u00f3n Ruis\u00e1nchez<\/a><\/p>\n<\/div><\/div>\n<!-- PMB print buttons is only displayed on a single post\/page URLs-->","protected":false},"excerpt":{"rendered":"<p>Campamento, de Irina Garbatzky, por Paula Galansky Diente de le\u00f3n, de Nelson Sim\u00f3n, por Pablo G. Lleonart No vine a hacerme la inocente, de Damaris Pu\u00f1ales-Alp\u00edzar, por Jos\u00e9 Ram\u00f3n Ruis\u00e1nchez<\/p>\n","protected":false},"author":33188029,"featured_media":0,"parent":0,"menu_order":0,"comment_status":"closed","ping_status":"closed","template":"","meta":{"_coblocks_attr":"","_coblocks_dimensions":"","_coblocks_responsive_height":"","_coblocks_accordion_ie_support":"","_crdt_document":"","advanced_seo_description":"","jetpack_seo_html_title":"","jetpack_seo_noindex":false,"footnotes":""},"class_list":["post-5766","page","type-page","status-publish","hentry"],"jetpack_likes_enabled":false,"jetpack_sharing_enabled":true,"jetpack_shortlink":"https:\/\/wp.me\/P2V8if-1v0","jetpack-related-posts":[{"id":4915,"url":"https:\/\/trasatlantica.org\/?page_id=4915","url_meta":{"origin":5766,"position":0},"title":"Reviews","author":"Soviet Cuba: Identities in Transition","date":"June 1, 2025","format":false,"excerpt":"Diente de le\u00f3n, de Nelson Sim\u00f3n, por Pablo G. Lleonart \u00a0","rel":"","context":"Similar post","block_context":{"text":"Similar post","link":""},"img":{"alt_text":"","src":"","width":0,"height":0},"classes":[]},{"id":4919,"url":"https:\/\/trasatlantica.org\/?page_id=4919","url_meta":{"origin":5766,"position":1},"title":"Pablo G. Lleonart","author":"Soviet Cuba: Identities in Transition","date":"June 1, 2025","format":false,"excerpt":"Levedad dispersa: el soplo de Diente de le\u00f3n Pablo G. Lleonart \u00a0 Se cuenta que una tarde de primavera Leonardo da Vinci paseaba por los campos cercanos a Florencia y se detuvo a observar c\u00f3mo el viento soplaba las semillas de una flor que entonces se consideraba simple maleza: el\u2026","rel":"","context":"Similar post","block_context":{"text":"Similar post","link":""},"img":{"alt_text":"","src":"https:\/\/i0.wp.com\/trasatlantica.org\/wp-content\/uploads\/2025\/06\/168ceaed-bc95-471b-9b08-79d7fa2d4e3d.jpg?resize=350%2C200&ssl=1","width":350,"height":200,"srcset":"https:\/\/i0.wp.com\/trasatlantica.org\/wp-content\/uploads\/2025\/06\/168ceaed-bc95-471b-9b08-79d7fa2d4e3d.jpg?resize=350%2C200&ssl=1 1x, https:\/\/i0.wp.com\/trasatlantica.org\/wp-content\/uploads\/2025\/06\/168ceaed-bc95-471b-9b08-79d7fa2d4e3d.jpg?resize=525%2C300&ssl=1 1.5x, https:\/\/i0.wp.com\/trasatlantica.org\/wp-content\/uploads\/2025\/06\/168ceaed-bc95-471b-9b08-79d7fa2d4e3d.jpg?resize=700%2C400&ssl=1 2x"},"classes":[]},{"id":870,"url":"https:\/\/trasatlantica.org\/?page_id=870","url_meta":{"origin":5766,"position":2},"title":"REVIEWS","author":"Soviet Cuba: Identities in Transition","date":"September 15, 2024","format":false,"excerpt":"Campamento1, de Irina Garbatzky Por Paula Galansky Es muy dif\u00edcil saber, exactamente, qu\u00e9 es lo que hace nacer a un libro \u00bfEs una imagen? es una cadencia? \u00bfEs un recuerdo? es un deseo inexacto, insistente? \u00bfEs la acumulaci\u00f3n de textos sueltos que una va juntando? \u00bfEs un recorte en el\u2026","rel":"","context":"Similar post","block_context":{"text":"Similar post","link":""},"img":{"alt_text":"","src":"https:\/\/i0.wp.com\/trasatlantica.org\/wp-content\/uploads\/2024\/10\/Irina.png?resize=350%2C200&ssl=1","width":350,"height":200,"srcset":"https:\/\/i0.wp.com\/trasatlantica.org\/wp-content\/uploads\/2024\/10\/Irina.png?resize=350%2C200&ssl=1 1x, https:\/\/i0.wp.com\/trasatlantica.org\/wp-content\/uploads\/2024\/10\/Irina.png?resize=525%2C300&ssl=1 1.5x, https:\/\/i0.wp.com\/trasatlantica.org\/wp-content\/uploads\/2024\/10\/Irina.png?resize=700%2C400&ssl=1 2x"},"classes":[]},{"id":523,"url":"https:\/\/trasatlantica.org\/?page_id=523","url_meta":{"origin":5766,"position":3},"title":"POETRY","author":"diceyk","date":"August 23, 2024","format":false,"excerpt":"Angela AcostaDaniel Ch\u00e1vez LanderosB\u00e1rbara Escobar AnleuIrina GarbatzkyPablo G. LLeonartLara L\u00f3pez de Jes\u00fasDiego MoraEduardo Rodr\u00edguez Mart\u00ednezJos\u00e9 Ram\u00f3n Ruis\u00e1nchezGustavo Ruiz PascacioRicardo Tejera Partido","rel":"","context":"Similar post","block_context":{"text":"Similar post","link":""},"img":{"alt_text":"","src":"https:\/\/i0.wp.com\/trasatlantica.org\/wp-content\/uploads\/2024\/09\/el-sendero-1200182.jpg?resize=350%2C200&ssl=1","width":350,"height":200,"srcset":"https:\/\/i0.wp.com\/trasatlantica.org\/wp-content\/uploads\/2024\/09\/el-sendero-1200182.jpg?resize=350%2C200&ssl=1 1x, https:\/\/i0.wp.com\/trasatlantica.org\/wp-content\/uploads\/2024\/09\/el-sendero-1200182.jpg?resize=525%2C300&ssl=1 1.5x, https:\/\/i0.wp.com\/trasatlantica.org\/wp-content\/uploads\/2024\/09\/el-sendero-1200182.jpg?resize=700%2C400&ssl=1 2x, https:\/\/i0.wp.com\/trasatlantica.org\/wp-content\/uploads\/2024\/09\/el-sendero-1200182.jpg?resize=1050%2C600&ssl=1 3x, https:\/\/i0.wp.com\/trasatlantica.org\/wp-content\/uploads\/2024\/09\/el-sendero-1200182.jpg?resize=1400%2C800&ssl=1 4x"},"classes":[]},{"id":5763,"url":"https:\/\/trasatlantica.org\/?page_id=5763","url_meta":{"origin":5766,"position":4},"title":"Poetry\/Poes\u00eda","author":"Soviet Cuba: Identities in Transition","date":"January 8, 2026","format":false,"excerpt":"Newest additions\/\u00daltimas adiciones Aleyda Quevedo Rojas Alfredo Alonso Estenoz Alicia Llarena Gonz\u00e1lez Ana Merino Antonio Colinas Bruno R\u00edos Coral Bracho Francisco Layna Ranz Hern\u00e1n Bravo Varela Jorge Saucedo Julio Marinas Odette Alonso Olga Mu\u00f1oz Carrasco Tambi\u00e9n\/Also Angela AcostaAtilio CaballeroB\u00e1rbara Escobar AnleuBenito PascualDaniel S\u00e1nchez LanderosDairen ZamoraDiego MoraEduardo Rodr\u00edguez Mart\u00ednezGustavo Ruiz PascacioIrina\u2026","rel":"","context":"Similar post","block_context":{"text":"Similar post","link":""},"img":{"alt_text":"","src":"https:\/\/i0.wp.com\/trasatlantica.org\/wp-content\/uploads\/2024\/09\/barbwire.jpg?resize=350%2C200&ssl=1","width":350,"height":200,"srcset":"https:\/\/i0.wp.com\/trasatlantica.org\/wp-content\/uploads\/2024\/09\/barbwire.jpg?resize=350%2C200&ssl=1 1x, https:\/\/i0.wp.com\/trasatlantica.org\/wp-content\/uploads\/2024\/09\/barbwire.jpg?resize=525%2C300&ssl=1 1.5x, https:\/\/i0.wp.com\/trasatlantica.org\/wp-content\/uploads\/2024\/09\/barbwire.jpg?resize=700%2C400&ssl=1 2x, https:\/\/i0.wp.com\/trasatlantica.org\/wp-content\/uploads\/2024\/09\/barbwire.jpg?resize=1050%2C600&ssl=1 3x, https:\/\/i0.wp.com\/trasatlantica.org\/wp-content\/uploads\/2024\/09\/barbwire.jpg?resize=1400%2C800&ssl=1 4x"},"classes":[]},{"id":442,"url":"https:\/\/trasatlantica.org\/?page_id=442","url_meta":{"origin":5766,"position":5},"title":"Pablo G. Lleonart","author":"diceyk","date":"August 25, 2024","format":false,"excerpt":"Praxis\u00a0 Un poema antes de ser poema\u00a0 debe matricular en la universidad de Alabama\u00a0 -una ma\u00f1ana del 12 de junio de 1963 - el mismo d\u00eda en que matricul\u00f3\u00a0 Vivian Malone Jones\u00a0 Un poema antes de ser poema\u00a0 debe resistir los insultos del gobernador de turno\u00a0 igual que lo hizo\u2026","rel":"","context":"Similar post","block_context":{"text":"Similar post","link":""},"img":{"alt_text":"","src":"https:\/\/i0.wp.com\/trasatlantica.org\/wp-content\/uploads\/2024\/09\/destroyed-house.png?resize=350%2C200&ssl=1","width":350,"height":200,"srcset":"https:\/\/i0.wp.com\/trasatlantica.org\/wp-content\/uploads\/2024\/09\/destroyed-house.png?resize=350%2C200&ssl=1 1x, https:\/\/i0.wp.com\/trasatlantica.org\/wp-content\/uploads\/2024\/09\/destroyed-house.png?resize=525%2C300&ssl=1 1.5x, https:\/\/i0.wp.com\/trasatlantica.org\/wp-content\/uploads\/2024\/09\/destroyed-house.png?resize=700%2C400&ssl=1 2x"},"classes":[]}],"_links":{"self":[{"href":"https:\/\/trasatlantica.org\/index.php?rest_route=\/wp\/v2\/pages\/5766","targetHints":{"allow":["GET"]}}],"collection":[{"href":"https:\/\/trasatlantica.org\/index.php?rest_route=\/wp\/v2\/pages"}],"about":[{"href":"https:\/\/trasatlantica.org\/index.php?rest_route=\/wp\/v2\/types\/page"}],"author":[{"embeddable":true,"href":"https:\/\/trasatlantica.org\/index.php?rest_route=\/wp\/v2\/users\/33188029"}],"replies":[{"embeddable":true,"href":"https:\/\/trasatlantica.org\/index.php?rest_route=%2Fwp%2Fv2%2Fcomments&post=5766"}],"version-history":[{"count":10,"href":"https:\/\/trasatlantica.org\/index.php?rest_route=\/wp\/v2\/pages\/5766\/revisions"}],"predecessor-version":[{"id":6623,"href":"https:\/\/trasatlantica.org\/index.php?rest_route=\/wp\/v2\/pages\/5766\/revisions\/6623"}],"wp:attachment":[{"href":"https:\/\/trasatlantica.org\/index.php?rest_route=%2Fwp%2Fv2%2Fmedia&parent=5766"}],"curies":[{"name":"wp","href":"https:\/\/api.w.org\/{rel}","templated":true}]}}