{"id":5769,"date":"2026-01-08T11:21:18","date_gmt":"2026-01-08T16:21:18","guid":{"rendered":"https:\/\/trasatlantica.org\/?page_id=5769"},"modified":"2026-05-04T08:15:14","modified_gmt":"2026-05-04T12:15:14","slug":"translations-traducciones","status":"publish","type":"page","link":"https:\/\/trasatlantica.org\/?page_id=5769","title":{"rendered":"Translations\/traducciones"},"content":{"rendered":"<!-- PMB print buttons is only displayed on a single post\/page URLs-->","protected":false},"excerpt":{"rendered":"","protected":false},"author":33188029,"featured_media":0,"parent":0,"menu_order":0,"comment_status":"closed","ping_status":"closed","template":"","meta":{"_coblocks_attr":"","_coblocks_dimensions":"","_coblocks_responsive_height":"","_coblocks_accordion_ie_support":"","_crdt_document":"","advanced_seo_description":"","jetpack_seo_html_title":"","jetpack_seo_noindex":false,"footnotes":""},"class_list":["post-5769","page","type-page","status-publish","hentry"],"jetpack_likes_enabled":false,"jetpack_sharing_enabled":true,"jetpack_shortlink":"https:\/\/wp.me\/P2V8if-1v3","jetpack-related-posts":[{"id":7473,"url":"https:\/\/trasatlantica.org\/?page_id=7473","url_meta":{"origin":5769,"position":0},"title":"LATEST PUBLICATIONS\/ULTIMAS PUBLICACIONES","author":"Soviet Cuba: Identities in Transition","date":"May 4, 2026","format":false,"excerpt":"Poes\u00eda\/Poetry Rese\u00f1as\/Reviews Ensayos\/Essays Opini\u00f3n\/Opinion Translations\/Traducciones Poes\u00eda en otras lenguas\/Poetry in other languages","rel":"","context":"Similar post","block_context":{"text":"Similar post","link":""},"img":{"alt_text":"","src":"","width":0,"height":0},"classes":[]},{"id":6352,"url":"https:\/\/trasatlantica.org\/?page_id=6352","url_meta":{"origin":5769,"position":1},"title":"Pol\u00edtica Editorial\/Publishing Policy","author":"Soviet Cuba: Identities in Transition","date":"January 19, 2026","format":false,"excerpt":"1. Principios editoriales Trasatl\u00e1ntica: Creation and Scholarship\u00a0es una plataforma cultural y editorial biling\u00fce, sin fines de lucro, dedicada a la creaci\u00f3n po\u00e9tica, la reflexi\u00f3n cr\u00edtica y el intercambio acad\u00e9mico desde una perspectiva transatl\u00e1ntica. Nuestra pol\u00edtica editorial se fundamenta en los principios de: Justicia cultural y acceso Diversidad ling\u00fc\u00edstica y est\u00e9tica\u2026","rel":"","context":"Similar post","block_context":{"text":"Similar post","link":""},"img":{"alt_text":"","src":"https:\/\/i0.wp.com\/trasatlantica.org\/wp-content\/uploads\/2026\/01\/crop-154-115-717-537-0-light-gray-square.png?resize=350%2C200&ssl=1","width":350,"height":200,"srcset":"https:\/\/i0.wp.com\/trasatlantica.org\/wp-content\/uploads\/2026\/01\/crop-154-115-717-537-0-light-gray-square.png?resize=350%2C200&ssl=1 1x, https:\/\/i0.wp.com\/trasatlantica.org\/wp-content\/uploads\/2026\/01\/crop-154-115-717-537-0-light-gray-square.png?resize=525%2C300&ssl=1 1.5x, https:\/\/i0.wp.com\/trasatlantica.org\/wp-content\/uploads\/2026\/01\/crop-154-115-717-537-0-light-gray-square.png?resize=700%2C400&ssl=1 2x"},"classes":[]},{"id":3940,"url":"https:\/\/trasatlantica.org\/?page_id=3940","url_meta":{"origin":5769,"position":2},"title":"Odette Alonso","author":"Soviet Cuba: Identities in Transition","date":"May 24, 2025","format":false,"excerpt":"P\u00f3rtico Los p\u00e1jaros que salen de tu bocallenan el d\u00eda de reverberaciones.La luz que dejanse enreda entre los hilos de la ruecade la que surge un tejido transparente.La pared te sostienecuando te abres el pechoy brota el canto.Yosentada a tus pieslo sue\u00f1o todo. Portico Birds emerging from your mouthfill the\u2026","rel":"","context":"Similar post","block_context":{"text":"Similar post","link":""},"img":{"alt_text":"","src":"https:\/\/i0.wp.com\/trasatlantica.org\/wp-content\/uploads\/2026\/02\/extranas-aves-castle-1-1.jpg?resize=350%2C200&ssl=1","width":350,"height":200,"srcset":"https:\/\/i0.wp.com\/trasatlantica.org\/wp-content\/uploads\/2026\/02\/extranas-aves-castle-1-1.jpg?resize=350%2C200&ssl=1 1x, https:\/\/i0.wp.com\/trasatlantica.org\/wp-content\/uploads\/2026\/02\/extranas-aves-castle-1-1.jpg?resize=525%2C300&ssl=1 1.5x, https:\/\/i0.wp.com\/trasatlantica.org\/wp-content\/uploads\/2026\/02\/extranas-aves-castle-1-1.jpg?resize=700%2C400&ssl=1 2x"},"classes":[]},{"id":2194,"url":"https:\/\/trasatlantica.org\/?page_id=2194","url_meta":{"origin":5769,"position":3},"title":"Submission Guidelines","author":"Soviet Cuba: Identities in Transition","date":"October 18, 2024","format":false,"excerpt":"Submission Guidelines\u00a0\u00a0 Submissions must be written in Spanish, English, or Portuguese. We are unable to accept AI-generated works at this time. For poetry translation, please see the specific requirements. Please use the submissions link in our website, or email it to trasatlantica@trasatlantica.org. Write your name and the category in which\u2026","rel":"","context":"Similar post","block_context":{"text":"Similar post","link":""},"img":{"alt_text":"","src":"","width":0,"height":0},"classes":[]},{"id":601,"url":"https:\/\/trasatlantica.org\/?page_id=601","url_meta":{"origin":5769,"position":4},"title":"Editorial Board","author":"Soviet Cuba: Identities in Transition","date":"September 12, 2024","format":false,"excerpt":"--Carlos Manuel Alvarez (Spain\/Cuba_Independent scholar and writer)\u2013Aurora Luque (Spain_Professor, translator, and poet. National Literature Award for Poetry)\u2013Ruy Ventura (Portugal_Scholar, poet and writer)\u2013Ben Clark (Spain_Poet, professor and translator)\u2013Ignacio Ruiz P\u00e9rez (M\u00e9xico \/ USA_Poet and scholar)\u2013Fernando D\u00edaz San Miguel (Spain_Writer, cultural promoter, and professor)\u2013Irina Garbatzky (Argentina_Poet and scholar)\u00a0\u2013Aleisa Ribalta (Cuba\/Sweden_Poet, professor, and\u2026","rel":"","context":"Similar post","block_context":{"text":"Similar post","link":""},"img":{"alt_text":"","src":"","width":0,"height":0},"classes":[]},{"id":195,"url":"https:\/\/trasatlantica.org\/?page_id=195","url_meta":{"origin":5769,"position":5},"title":"Call for submissions","author":"diceyk","date":"August 11, 2024","format":false,"excerpt":"Trasatl\u00e1ntica: Poetry and Scholarship invites Spanish, Portuguese, and Latinx poetry enthusiasts to send their contributions. \u00a0We are an online cultural and literary magazine based in Cleveland, Ohio, USA. We are committed to promoting the arts, focusing on Hispanic poetry produced in the USA, Spain, Portugal, and Latin America, with submissions\u2026","rel":"","context":"Similar post","block_context":{"text":"Similar post","link":""},"img":{"alt_text":"","src":"","width":0,"height":0},"classes":[]}],"_links":{"self":[{"href":"https:\/\/trasatlantica.org\/index.php?rest_route=\/wp\/v2\/pages\/5769","targetHints":{"allow":["GET"]}}],"collection":[{"href":"https:\/\/trasatlantica.org\/index.php?rest_route=\/wp\/v2\/pages"}],"about":[{"href":"https:\/\/trasatlantica.org\/index.php?rest_route=\/wp\/v2\/types\/page"}],"author":[{"embeddable":true,"href":"https:\/\/trasatlantica.org\/index.php?rest_route=\/wp\/v2\/users\/33188029"}],"replies":[{"embeddable":true,"href":"https:\/\/trasatlantica.org\/index.php?rest_route=%2Fwp%2Fv2%2Fcomments&post=5769"}],"version-history":[{"count":1,"href":"https:\/\/trasatlantica.org\/index.php?rest_route=\/wp\/v2\/pages\/5769\/revisions"}],"predecessor-version":[{"id":5770,"href":"https:\/\/trasatlantica.org\/index.php?rest_route=\/wp\/v2\/pages\/5769\/revisions\/5770"}],"wp:attachment":[{"href":"https:\/\/trasatlantica.org\/index.php?rest_route=%2Fwp%2Fv2%2Fmedia&parent=5769"}],"curies":[{"name":"wp","href":"https:\/\/api.w.org\/{rel}","templated":true}]}}