{"id":6058,"date":"2026-01-17T08:40:14","date_gmt":"2026-01-17T13:40:14","guid":{"rendered":"https:\/\/trasatlantica.org\/?page_id=6058"},"modified":"2026-02-06T15:16:55","modified_gmt":"2026-02-06T20:16:55","slug":"hernan-bravo-varela-2","status":"publish","type":"page","link":"https:\/\/trasatlantica.org\/?page_id=6058","title":{"rendered":"Hern\u00e1n Bravo Varela"},"content":{"rendered":"\n<div class=\"wp-block-group alignwide has-subtle-background-background-color has-background\"><div class=\"wp-block-group__inner-container is-layout-constrained wp-block-group-is-layout-constrained\">\n<p class=\"wp-block-paragraph\" style=\"font-size:18px\"><em><strong>Contacto<\/strong><\/em><\/p>\n\n\n\n<p class=\"wp-block-paragraph\" style=\"font-size:18px\">LUEGO de revisar las placas, me dice el terapeuta:<\/p>\n\n\n\n<p class=\"wp-block-paragraph\" style=\"font-size:18px\">\u2212A decir verdad, no encuentro nada. No entiendo a qu\u00e9 tus contracturas.<\/p>\n\n\n\n<p class=\"wp-block-paragraph\" style=\"font-size:18px\">Deja las placas y me explora en la camilla. Cuando toca la uni\u00f3n de los om\u00f3platos suelto un alarido.<\/p>\n\n\n\n<p class=\"wp-block-paragraph\" style=\"font-size:18px\">\u2212Aqu\u00ed est\u00e1n tus pap\u00e1s \u2212se\u00f1ala el terapeuta al explorar las v\u00e9rtebras. Luego me pide que me acueste boca abajo; amasa los hombros, atenaza el cuello y lo masajea abruptamente antes de quedarme dormido.<\/p>\n\n\n\n<div style=\"height:65px\" aria-hidden=\"true\" class=\"wp-block-spacer\"><\/div>\n\n\n\n<p class=\"wp-block-paragraph\" style=\"font-size:18px\"><em>AQU\u00cd est\u00e1n,&nbsp;<\/em><\/p>\n\n\n\n<p class=\"wp-block-paragraph\" style=\"font-size:18px\"><em>en las dorsales;&nbsp;<\/em><\/p>\n\n\n\n<p class=\"wp-block-paragraph\" style=\"font-size:18px\"><em>viven&nbsp;<\/em><\/p>\n\n\n\n<p class=\"wp-block-paragraph\" style=\"font-size:18px\"><em>con estrechez&nbsp;<\/em><\/p>\n\n\n\n<p class=\"wp-block-paragraph\" style=\"font-size:18px\"><em>porque son mayores&nbsp;<\/em><\/p>\n\n\n\n<p class=\"wp-block-paragraph\" style=\"font-size:18px\"><em>y la casa&nbsp;<\/em><\/p>\n\n\n\n<p class=\"wp-block-paragraph\" style=\"font-size:18px\"><em>es de m\u00fasculos&nbsp;<\/em><\/p>\n\n\n\n<p class=\"wp-block-paragraph\" style=\"font-size:18px\"><em>que se contraen.&nbsp;<\/em><\/p>\n\n\n\n<p class=\"wp-block-paragraph\" style=\"font-size:18px\"><em>Tu mam\u00e1,&nbsp;<\/em><\/p>\n\n\n\n<p class=\"wp-block-paragraph\" style=\"font-size:18px\"><em>del lado derecho;&nbsp;<\/em><\/p>\n\n\n\n<p class=\"wp-block-paragraph\" style=\"font-size:18px\"><em>tu pap\u00e1,&nbsp;<\/em><\/p>\n\n\n\n<p class=\"wp-block-paragraph\" style=\"font-size:18px\"><em>del izquierdo.&nbsp;<\/em><\/p>\n\n\n\n<p class=\"wp-block-paragraph\" style=\"font-size:18px\"><em>Uno sobre el otro,&nbsp;<\/em><\/p>\n\n\n\n<p class=\"wp-block-paragraph\" style=\"font-size:18px\"><em>trepando&nbsp;<\/em><\/p>\n\n\n\n<p class=\"wp-block-paragraph\" style=\"font-size:18px\"><em>para alcanzar&nbsp;<\/em><\/p>\n\n\n\n<p class=\"wp-block-paragraph\" style=\"font-size:18px\"><em>el aire&nbsp;<\/em><\/p>\n\n\n\n<p class=\"wp-block-paragraph\" style=\"font-size:18px\"><em>de la despensa.&nbsp;<\/em><\/p>\n\n\n\n<p class=\"wp-block-paragraph\" style=\"font-size:18px\"><em>Si abrieras los ojos,&nbsp;<\/em><\/p>\n\n\n\n<p class=\"wp-block-paragraph\" style=\"font-size:18px\"><em>podr\u00edas ver&nbsp;<\/em><\/p>\n\n\n\n<p class=\"wp-block-paragraph\" style=\"font-size:18px\"><em>c\u00f3mo se los lleva&nbsp;<\/em><\/p>\n\n\n\n<p class=\"wp-block-paragraph\" style=\"font-size:18px\"><em>la inundaci\u00f3n.<\/em><\/p>\n\n\n\n<p class=\"wp-block-paragraph\" style=\"font-size:18px\"><em>Viven aqu\u00ed,&nbsp;<\/em><\/p>\n\n\n\n<p class=\"wp-block-paragraph\" style=\"font-size:18px\"><em>arrimados&nbsp;<\/em><\/p>\n\n\n\n<p class=\"wp-block-paragraph\" style=\"font-size:18px\"><em>a tu hospitalidad.<\/em><\/p>\n\n\n\n<p class=\"wp-block-paragraph\" style=\"font-size:18px\"><em>Salen boca arriba<\/em><\/p>\n\n\n\n<p class=\"wp-block-paragraph\" style=\"font-size:18px\"><em>a comprar l\u00e1mparas,<\/em><\/p>\n\n\n\n<p class=\"wp-block-paragraph\" style=\"font-size:18px\"><em>andan&nbsp;<\/em><\/p>\n\n\n\n<p class=\"wp-block-paragraph\" style=\"font-size:18px\"><em>encorvados<\/em><\/p>\n\n\n\n<p class=\"wp-block-paragraph\" style=\"font-size:18px\"><em>por el peso<\/em><\/p>\n\n\n\n<p class=\"wp-block-paragraph\" style=\"font-size:18px\"><em>del sol,<\/em><\/p>\n\n\n\n<p class=\"wp-block-paragraph\" style=\"font-size:18px\"><em>a ver a sus hijos<\/em><\/p>\n\n\n\n<p class=\"wp-block-paragraph\" style=\"font-size:18px\"><em>en las nubes,<\/em><\/p>\n\n\n\n<p class=\"wp-block-paragraph\" style=\"font-size:18px\"><em>a comer migajas<\/em><\/p>\n\n\n\n<p class=\"wp-block-paragraph\" style=\"font-size:18px\"><em>para regresar a ti.<\/em><\/p>\n\n\n\n<div style=\"height:65px\" aria-hidden=\"true\" class=\"wp-block-spacer\"><\/div>\n\n\n\n<p class=\"wp-block-paragraph\" style=\"font-size:18px\">\u2212TE inclinas mucho hacia atr\u00e1s.&nbsp;<\/p>\n\n\n\n<p class=\"wp-block-paragraph\" style=\"font-size:18px\">\u2212S\u00ed.<\/p>\n\n\n\n<p class=\"wp-block-paragraph\" style=\"font-size:18px\">\u2212Es tu pasado.<\/p>\n\n\n\n<p class=\"wp-block-paragraph\" style=\"font-size:18px\">\u2212\u00bfY c\u00f3mo tendr\u00eda que estar?<\/p>\n\n\n\n<p class=\"wp-block-paragraph\" style=\"font-size:18px\">\u2212Como ahora, mientras te sostengo. Recto.<\/p>\n\n\n\n<p class=\"wp-block-paragraph\" style=\"font-size:18px\">\u2212\u00bfNo ser\u00e1 cosa de equilibrio?<\/p>\n\n\n\n<p class=\"wp-block-paragraph\" style=\"font-size:18px\">\u2212Mira tu pisada: apoyas demasiado el tal\u00f3n y los dedos quedan flotando.<\/p>\n\n\n\n<p class=\"wp-block-paragraph\" style=\"font-size:18px\">\u2212\u00bfEntonces?<\/p>\n\n\n\n<p class=\"wp-block-paragraph\" style=\"font-size:18px\">\u2212Hay que cambiar la postura.<\/p>\n\n\n\n<p class=\"wp-block-paragraph\" style=\"font-size:18px\">\u2212O sea, hacerme hacia adelante.<\/p>\n\n\n\n<p class=\"wp-block-paragraph\" style=\"font-size:18px\">\u2212S\u00ed.<\/p>\n\n\n\n<p class=\"wp-block-paragraph\" style=\"font-size:18px\">\u2212Hacia el futuro.<\/p>\n\n\n\n<p class=\"wp-block-paragraph\" style=\"font-size:18px\">\u2212No. Hacia adelante.<\/p>\n\n\n\n<div style=\"height:65px\" aria-hidden=\"true\" class=\"wp-block-spacer\"><\/div>\n\n\n\n<p class=\"wp-block-paragraph\" style=\"font-size:18px\">VOY, como aprendiz de murci\u00e9lago, reconociendo los aullidos de los pabellones: los entrecortados de la francesa que se fractur\u00f3 al esquiar en la nieve, los melodram\u00e1ticos del escritor, los afables de la muse\u00f3grafa. Cada quien vocaliza en su camerino. Hay una competencia por ver qui\u00e9n pasa de noche, pero nadie quiere ganar: la fiebre del oro est\u00e1 en nosotros, la rapi\u00f1a es nuestra convalecencia.<\/p>\n\n\n\n<div style=\"height:65px\" aria-hidden=\"true\" class=\"wp-block-spacer\"><\/div>\n\n\n\n<p class=\"has-text-align-left wp-block-paragraph\" style=\"font-size:18px\">LA ESQUIADORA<\/p>\n\n\n\n<p class=\"has-text-align-left wp-block-paragraph\" style=\"font-size:18px\">Vine a este mundo a caerme.<\/p>\n\n\n\n<p class=\"has-text-align-left wp-block-paragraph\" style=\"font-size:18px\">Desde que era peque\u00f1a me la pasaba tropezando.<\/p>\n\n\n\n<p class=\"has-text-align-left wp-block-paragraph\" style=\"font-size:18px\">Cada vez lo hac\u00eda mejor, con menos gracia.<\/p>\n\n\n\n<p class=\"has-text-align-left wp-block-paragraph\" style=\"font-size:18px\">Un d\u00eda lleg\u00f3 la nieve.<\/p>\n\n\n\n<div style=\"height:30px\" aria-hidden=\"true\" class=\"wp-block-spacer\"><\/div>\n\n\n\n<p class=\"wp-block-paragraph\" style=\"font-size:18px\">EL ESCRITOR<\/p>\n\n\n\n<p class=\"wp-block-paragraph\" style=\"font-size:18px\">Pensaba que el dolor tendr\u00eda estilo,<\/p>\n\n\n\n<p class=\"wp-block-paragraph\" style=\"font-size:18px\">pero no uno impecable.<\/p>\n\n\n\n<p class=\"wp-block-paragraph\" style=\"font-size:18px\">Me duele todo. El mundo es como yo:<\/p>\n\n\n\n<p class=\"wp-block-paragraph\" style=\"font-size:18px\">sedentario y paciente.<\/p>\n\n\n\n<div style=\"height:30px\" aria-hidden=\"true\" class=\"wp-block-spacer\"><\/div>\n\n\n\n<div class=\"wp-block-media-text alignfull has-media-on-the-right is-stacked-on-mobile is-vertically-aligned-center\" style=\"grid-template-columns:auto 36%\"><div class=\"wp-block-media-text__content\">\n<p class=\"wp-block-paragraph\" style=\"font-size:18px\">LA MUSE\u00d3GRAFA<\/p>\n\n\n\n<p class=\"wp-block-paragraph\" style=\"font-size:18px\">Perd\u00ed la juventud y los dedos de un pie por un marido celoso.<\/p>\n\n\n\n<p class=\"wp-block-paragraph\" style=\"font-size:18px\">Perd\u00ed a mis padres y hermanos, cierta parte de la cabeza.<\/p>\n\n\n\n<p class=\"wp-block-paragraph\" style=\"font-size:18px\">Perd\u00ed la noci\u00f3n del tiempo como se pierde el pasaporte.<\/p>\n\n\n\n<p class=\"wp-block-paragraph\" style=\"font-size:18px\">Perd\u00ed el miedo cuando entr\u00e9 a una alberca y vi que flotaba.<\/p>\n<\/div><figure class=\"wp-block-media-text__media\"><img data-recalc-dims=\"1\" decoding=\"async\" width=\"600\" height=\"436\" data-attachment-id=\"6707\" data-permalink=\"https:\/\/trasatlantica.org\/?attachment_id=6707\" data-orig-file=\"https:\/\/i0.wp.com\/trasatlantica.org\/wp-content\/uploads\/2026\/01\/el-censor.jpg?fit=600%2C436&amp;ssl=1\" data-orig-size=\"600,436\" data-comments-opened=\"0\" data-image-meta=\"{&quot;aperture&quot;:&quot;0&quot;,&quot;credit&quot;:&quot;&quot;,&quot;camera&quot;:&quot;&quot;,&quot;caption&quot;:&quot;&quot;,&quot;created_timestamp&quot;:&quot;0&quot;,&quot;copyright&quot;:&quot;&quot;,&quot;focal_length&quot;:&quot;0&quot;,&quot;iso&quot;:&quot;0&quot;,&quot;shutter_speed&quot;:&quot;0&quot;,&quot;title&quot;:&quot;&quot;,&quot;orientation&quot;:&quot;1&quot;}\" data-image-title=\"el censor\" data-image-description=\"\" data-image-caption=\"\" data-large-file=\"https:\/\/i0.wp.com\/trasatlantica.org\/wp-content\/uploads\/2026\/01\/el-censor.jpg?fit=580%2C421&amp;ssl=1\" src=\"https:\/\/i0.wp.com\/trasatlantica.org\/wp-content\/uploads\/2026\/01\/el-censor.jpg?resize=600%2C436&#038;ssl=1\" alt=\"\" class=\"wp-image-6707 size-full\" srcset=\"https:\/\/i0.wp.com\/trasatlantica.org\/wp-content\/uploads\/2026\/01\/el-censor.jpg?w=600&amp;ssl=1 600w, https:\/\/i0.wp.com\/trasatlantica.org\/wp-content\/uploads\/2026\/01\/el-censor.jpg?resize=300%2C218&amp;ssl=1 300w, https:\/\/i0.wp.com\/trasatlantica.org\/wp-content\/uploads\/2026\/01\/el-censor.jpg?resize=500%2C363&amp;ssl=1 500w\" sizes=\"(max-width: 600px) 100vw, 600px\" \/><\/figure><\/div>\n\n\n\n<div style=\"height:30px\" aria-hidden=\"true\" class=\"wp-block-spacer\"><\/div>\n\n\n\n<p class=\"wp-block-paragraph\" style=\"font-size:18px\">CORO DE TERAPEUTAS<\/p>\n\n\n\n<p class=\"wp-block-paragraph\" style=\"font-size:18px\">Somos la mec\u00e1nica, la sonda y la etimolog\u00eda,<\/p>\n\n\n\n<p class=\"wp-block-paragraph\" style=\"font-size:18px\">pa\u00f1os calientes en el cuerpo que interpretamos.&nbsp;<\/p>\n\n\n\n<p class=\"wp-block-paragraph\" style=\"font-size:18px\">Nos llaman parteros, todoterrenos, descorchadores.<\/p>\n\n\n\n<p class=\"wp-block-paragraph\" style=\"font-size:18px\">Nosotros encaminamos, ponemos los pies&nbsp;<\/p>\n\n\n\n<p class=\"wp-block-paragraph\" style=\"font-size:18px\">sobre el racimo de uvas, cortamos un list\u00f3n.&nbsp;<\/p>\n\n\n\n<p class=\"wp-block-paragraph\" style=\"font-size:18px\">Nada m\u00e1s. Tambi\u00e9n vamos a ciegas&nbsp;<\/p>\n\n\n\n<p class=\"wp-block-paragraph\" style=\"font-size:18px\">con v\u00e9rtebras, tendones y tobillos.&nbsp;<\/p>\n\n\n\n<p class=\"wp-block-paragraph\" style=\"font-size:18px\">Somos un margen de error que cura.<\/p>\n<\/div><\/div>\n\n\n\n<hr class=\"wp-block-separator has-alpha-channel-opacity\"\/>\n\n\n\n<div class=\"wp-block-group alignwide has-subtle-background-background-color has-background\"><div class=\"wp-block-group__inner-container is-layout-constrained wp-block-group-is-layout-constrained\"><div class=\"wp-block-image\">\n<figure class=\"aligncenter size-full is-resized\"><a href=\"https:\/\/i0.wp.com\/trasatlantica.org\/wp-content\/uploads\/2026\/01\/images.jpeg?ssl=1\"><img data-recalc-dims=\"1\" decoding=\"async\" width=\"554\" height=\"553\" data-attachment-id=\"6062\" data-permalink=\"https:\/\/trasatlantica.org\/?attachment_id=6062\" data-orig-file=\"https:\/\/i0.wp.com\/trasatlantica.org\/wp-content\/uploads\/2026\/01\/images.jpeg?fit=554%2C553&amp;ssl=1\" data-orig-size=\"554,553\" data-comments-opened=\"0\" data-image-meta=\"{&quot;aperture&quot;:&quot;0&quot;,&quot;credit&quot;:&quot;&quot;,&quot;camera&quot;:&quot;&quot;,&quot;caption&quot;:&quot;&quot;,&quot;created_timestamp&quot;:&quot;0&quot;,&quot;copyright&quot;:&quot;&quot;,&quot;focal_length&quot;:&quot;0&quot;,&quot;iso&quot;:&quot;0&quot;,&quot;shutter_speed&quot;:&quot;0&quot;,&quot;title&quot;:&quot;&quot;,&quot;orientation&quot;:&quot;0&quot;}\" data-image-title=\"images\" data-image-description=\"\" data-image-caption=\"\" data-large-file=\"https:\/\/i0.wp.com\/trasatlantica.org\/wp-content\/uploads\/2026\/01\/images.jpeg?fit=554%2C553&amp;ssl=1\" src=\"https:\/\/i0.wp.com\/trasatlantica.org\/wp-content\/uploads\/2026\/01\/images.jpeg?resize=554%2C553&#038;ssl=1\" alt=\"\" class=\"wp-image-6062\" style=\"width:440px;height:auto\" srcset=\"https:\/\/i0.wp.com\/trasatlantica.org\/wp-content\/uploads\/2026\/01\/images.jpeg?w=554&amp;ssl=1 554w, https:\/\/i0.wp.com\/trasatlantica.org\/wp-content\/uploads\/2026\/01\/images.jpeg?resize=300%2C300&amp;ssl=1 300w, https:\/\/i0.wp.com\/trasatlantica.org\/wp-content\/uploads\/2026\/01\/images.jpeg?resize=150%2C150&amp;ssl=1 150w, https:\/\/i0.wp.com\/trasatlantica.org\/wp-content\/uploads\/2026\/01\/images.jpeg?resize=400%2C400&amp;ssl=1 400w, https:\/\/i0.wp.com\/trasatlantica.org\/wp-content\/uploads\/2026\/01\/images.jpeg?resize=200%2C200&amp;ssl=1 200w, https:\/\/i0.wp.com\/trasatlantica.org\/wp-content\/uploads\/2026\/01\/images.jpeg?resize=500%2C499&amp;ssl=1 500w\" sizes=\"(max-width: 554px) 100vw, 554px\" \/><\/a><\/figure>\n<\/div>\n\n\n<p class=\"wp-block-paragraph\" style=\"font-size:18px\">Hern\u00e1n Bravo Varela was born in Mexico City in 1979. He has a BA in Literature and Language Sciences from the University of the Cloister of Sor Juana, where he has taught in the creative writing program since 2010.&nbsp;Bravo Varela is the author of six poetry collections and three essay collections, including&nbsp;<em>Oficios de ciega pertenencia&nbsp;<\/em>(1999 and 2004),&nbsp;<em>Hasta aqu\u00ed<\/em>&nbsp;(2014),&nbsp;<em>Historia de mi h\u00edgado y otros ensayos<\/em>&nbsp;(2017),&nbsp;<em>La documentaci\u00f3n de los procesos<\/em>(2019), and&nbsp;<em>Malversaciones: Sobre poes\u00eda, literatura y otros fraudes<\/em>&nbsp;(2019).<\/p>\n\n\n\n<p class=\"wp-block-paragraph\" style=\"font-size:18px\">He is also a translator who has published Spanish-language versions of work by Christina Rossetti, Emily Dickinson, Gerard Manley Hopkins, Oscar Wilde, T. S. Eliot, Seamus Heaney, and Leonard Michaels, among other authors. Selected poems of Bravo Varela\u2019s have been translated into English, French, Italian, Portuguese, German, and Chinese.<\/p>\n\n\n\n<p class=\"wp-block-paragraph\" style=\"font-size:18px\">Bravo Varela was awarded Mexico\u2019s National Prize for Young Poets in 1999; he also won the 2010 Sor Juana In\u00e9s de la Cruz International Literature Contest\/Bicentennial Literature in the essay category. He is currently the editor of the <em>Peri\u00f3dico de Poes\u00eda<\/em> at the UNAM (National Autonomous University of Mexico) and a member of Mexico\u2019s National System of Artists (SNCA).<\/p>\n\n\n\n<p class=\"wp-block-paragraph\" style=\"font-size:18px\">He has published the poetry books <em>Oficios de ciega pertenencia<\/em> (1999, National Poetry Award El\u00edas Nandino, and 2004), <em>Sobrenaturaleza<\/em> (2010), <em>Hasta aqu\u00ed<\/em> (2014), <em>La documentaci\u00f3n de los procesos<\/em> (2019), <em>Ejercicios de respiraci\u00f3n<\/em> (2025) y <em>El Estado empresario<\/em> (2025). He has also published the essays books <em>Los orillados<\/em>&nbsp;(2009),&nbsp;<em>Historia de mi h\u00edgado y otros ensayos<\/em>&nbsp;(premio Letras del Bicentenario &#8211; Sor Juana In\u00e9s de la Cruz) y&nbsp;<em>Malversaciones<\/em>.&nbsp;<em>Sobre poes\u00eda, literatura y otros fraudes<\/em>&nbsp;(2019).<\/p>\n<\/div><\/div>\n<!-- PMB print buttons is only displayed on a single post\/page URLs-->","protected":false},"excerpt":{"rendered":"<p>Contacto LUEGO de revisar las placas, me dice el terapeuta: \u2212A decir verdad, no encuentro nada. No entiendo a qu\u00e9 tus contracturas. Deja las placas y me explora en la camilla. Cuando toca la uni\u00f3n de los om\u00f3platos suelto un alarido. \u2212Aqu\u00ed est\u00e1n tus pap\u00e1s \u2212se\u00f1ala el terapeuta al explorar las v\u00e9rtebras. Luego me pide [&hellip;]<\/p>\n","protected":false},"author":33188029,"featured_media":0,"parent":0,"menu_order":0,"comment_status":"closed","ping_status":"closed","template":"","meta":{"_coblocks_attr":"","_coblocks_dimensions":"","_coblocks_responsive_height":"","_coblocks_accordion_ie_support":"","_crdt_document":"","advanced_seo_description":"","jetpack_seo_html_title":"","jetpack_seo_noindex":false,"footnotes":""},"class_list":["post-6058","page","type-page","status-publish","hentry"],"jetpack_likes_enabled":false,"jetpack_sharing_enabled":true,"jetpack_shortlink":"https:\/\/wp.me\/P2V8if-1zI","jetpack-related-posts":[{"id":6409,"url":"https:\/\/trasatlantica.org\/?page_id=6409","url_meta":{"origin":6058,"position":0},"title":"Las dos orillas: sobre Bravo Varela y Layna","author":"Soviet Cuba: Identities in Transition","date":"January 20, 2026","format":false,"excerpt":"\u00a0\u00a0\u00a0\u00a0 \u00a0\u00a0\u00a0LAS DOS ORILLAS:\u00a0 \u201cAma y haz lo que quieras\u201d: sobre la libertad Jos\u00e9 Ram\u00f3n Ruis\u00e1nchez Serra Comienzo en la orilla occidental del Atl\u00e1ntico, aunque el libro apareci\u00f3 un poco antes en la otra, publicado por Pre-Textos en el 2023. El volumen m\u00e1s reciente de Hern\u00e1n Bravo Varela (Ciudad de\u2026","rel":"","context":"Similar post","block_context":{"text":"Similar post","link":""},"img":{"alt_text":"","src":"https:\/\/i0.wp.com\/trasatlantica.org\/wp-content\/uploads\/2026\/01\/dilnumigi0-nunca-mil-y-gigante_0_550.jpg?resize=350%2C200&ssl=1","width":350,"height":200,"srcset":"https:\/\/i0.wp.com\/trasatlantica.org\/wp-content\/uploads\/2026\/01\/dilnumigi0-nunca-mil-y-gigante_0_550.jpg?resize=350%2C200&ssl=1 1x, https:\/\/i0.wp.com\/trasatlantica.org\/wp-content\/uploads\/2026\/01\/dilnumigi0-nunca-mil-y-gigante_0_550.jpg?resize=525%2C300&ssl=1 1.5x"},"classes":[]},{"id":6753,"url":"https:\/\/trasatlantica.org\/?page_id=6753","url_meta":{"origin":6058,"position":1},"title":"Julio Marinas","author":"Soviet Cuba: Identities in Transition","date":"February 1, 2026","format":false,"excerpt":"ATL\u00c1NTICA 1 Atl\u00e1ntico, la edadde tu brisa se impregnaen el centro del pecho.Respiro lejan\u00eda.El tiempo de tus aguasme entrega halos de eterna juventudy contengo tu oc\u00e9anohasta que se derrumban mis pulmonesy regresas al viaje de tus vientos,mientras yo vuelvo al asma de mi piel,de la arena, del polvo. ATL\u00c1NTICA 2\u2026","rel":"","context":"Similar post","block_context":{"text":"Similar post","link":""},"img":{"alt_text":"","src":"https:\/\/i0.wp.com\/trasatlantica.org\/wp-content\/uploads\/2026\/02\/Unknown-2.jpeg?resize=350%2C200&ssl=1","width":350,"height":200},"classes":[]},{"id":6029,"url":"https:\/\/trasatlantica.org\/?page_id=6029","url_meta":{"origin":6058,"position":2},"title":"Alicia Llarena Gonz\u00e1lez","author":"Soviet Cuba: Identities in Transition","date":"January 17, 2026","format":false,"excerpt":"DESNUTRICI\u00d3N He amamantado pueblos de calzadas llameantesy negado con mis actos de amor cualquier prejuiciosobre la primitiva crudeza de las fieras. Mis pezones son dignos de alabanza,y mi leche ha fecundadola m\u00e1s hermosa imagen del instinto:hembra que alimenta sin conciencia de s\u00ed. As\u00ed me imaginaron llena de ubres encrespadas;y atentas,\u2026","rel":"","context":"Similar post","block_context":{"text":"Similar post","link":""},"img":{"alt_text":"","src":"https:\/\/i0.wp.com\/trasatlantica.org\/wp-content\/uploads\/2026\/01\/dark-night.png?resize=350%2C200&ssl=1","width":350,"height":200,"srcset":"https:\/\/i0.wp.com\/trasatlantica.org\/wp-content\/uploads\/2026\/01\/dark-night.png?resize=350%2C200&ssl=1 1x, https:\/\/i0.wp.com\/trasatlantica.org\/wp-content\/uploads\/2026\/01\/dark-night.png?resize=525%2C300&ssl=1 1.5x, https:\/\/i0.wp.com\/trasatlantica.org\/wp-content\/uploads\/2026\/01\/dark-night.png?resize=700%2C400&ssl=1 2x"},"classes":[]},{"id":6998,"url":"https:\/\/trasatlantica.org\/?page_id=6998","url_meta":{"origin":6058,"position":3},"title":"Taller de escritura creativa\/Writing Workshop","author":"Soviet Cuba: Identities in Transition","date":"February 19, 2026","format":false,"excerpt":"Register hereMatr\u00edcula aqu\u00ed Wendy Guerra, acclaimed Cuban author of six novels, will lead a free creative writing workshop for LatinX, Hispanic, and Spanish-language lovers and literary enthusiasts in Cleveland from April 19\u201323, 2026. Organized by Trasatl\u00e1ntica. Poetry and Scholarship, in collaboration with -The Baker Nord Institute for the Humanities, CWRU\u2026","rel":"","context":"Similar post","block_context":{"text":"Similar post","link":""},"img":{"alt_text":"","src":"https:\/\/i0.wp.com\/trasatlantica.org\/wp-content\/uploads\/2026\/02\/writing-workshop.png?resize=350%2C200&ssl=1","width":350,"height":200,"srcset":"https:\/\/i0.wp.com\/trasatlantica.org\/wp-content\/uploads\/2026\/02\/writing-workshop.png?resize=350%2C200&ssl=1 1x, https:\/\/i0.wp.com\/trasatlantica.org\/wp-content\/uploads\/2026\/02\/writing-workshop.png?resize=525%2C300&ssl=1 1.5x, https:\/\/i0.wp.com\/trasatlantica.org\/wp-content\/uploads\/2026\/02\/writing-workshop.png?resize=700%2C400&ssl=1 2x, https:\/\/i0.wp.com\/trasatlantica.org\/wp-content\/uploads\/2026\/02\/writing-workshop.png?resize=1050%2C600&ssl=1 3x, https:\/\/i0.wp.com\/trasatlantica.org\/wp-content\/uploads\/2026\/02\/writing-workshop.png?resize=1400%2C800&ssl=1 4x"},"classes":[]},{"id":3940,"url":"https:\/\/trasatlantica.org\/?page_id=3940","url_meta":{"origin":6058,"position":4},"title":"Odette Alonso","author":"Soviet Cuba: Identities in Transition","date":"May 24, 2025","format":false,"excerpt":"P\u00f3rtico Los p\u00e1jaros que salen de tu bocallenan el d\u00eda de reverberaciones.La luz que dejanse enreda entre los hilos de la ruecade la que surge un tejido transparente.La pared te sostienecuando te abres el pechoy brota el canto.Yosentada a tus pieslo sue\u00f1o todo. Portico Birds emerging from your mouthfill the\u2026","rel":"","context":"Similar post","block_context":{"text":"Similar post","link":""},"img":{"alt_text":"","src":"https:\/\/i0.wp.com\/trasatlantica.org\/wp-content\/uploads\/2026\/02\/extranas-aves-castle-1-1.jpg?resize=350%2C200&ssl=1","width":350,"height":200,"srcset":"https:\/\/i0.wp.com\/trasatlantica.org\/wp-content\/uploads\/2026\/02\/extranas-aves-castle-1-1.jpg?resize=350%2C200&ssl=1 1x, https:\/\/i0.wp.com\/trasatlantica.org\/wp-content\/uploads\/2026\/02\/extranas-aves-castle-1-1.jpg?resize=525%2C300&ssl=1 1.5x, https:\/\/i0.wp.com\/trasatlantica.org\/wp-content\/uploads\/2026\/02\/extranas-aves-castle-1-1.jpg?resize=700%2C400&ssl=1 2x"},"classes":[]},{"id":5780,"url":"https:\/\/trasatlantica.org\/?page_id=5780","url_meta":{"origin":6058,"position":5},"title":"News and Events\/Noticias y eventos","author":"Soviet Cuba: Identities in Transition","date":"January 8, 2026","format":false,"excerpt":"2026 Events: 2025 Events: Nov. 10, 2025: Poetry reading and presentation of the Trasatl\u00e1ntica Project, with members of the Board of Directors.\u00a0El \u00faltimo encuentro bookstore in Mexico City. Oct. 27, 2025: Poetry reading and presentation of the Trasatl\u00e1ntica Project. Poetry publishers and editors round panel. 20thanniversary of the Chilango-Andaluz International\u2026","rel":"","context":"Similar post","block_context":{"text":"Similar post","link":""},"img":{"alt_text":"","src":"","width":0,"height":0},"classes":[]}],"_links":{"self":[{"href":"https:\/\/trasatlantica.org\/index.php?rest_route=\/wp\/v2\/pages\/6058","targetHints":{"allow":["GET"]}}],"collection":[{"href":"https:\/\/trasatlantica.org\/index.php?rest_route=\/wp\/v2\/pages"}],"about":[{"href":"https:\/\/trasatlantica.org\/index.php?rest_route=\/wp\/v2\/types\/page"}],"author":[{"embeddable":true,"href":"https:\/\/trasatlantica.org\/index.php?rest_route=\/wp\/v2\/users\/33188029"}],"replies":[{"embeddable":true,"href":"https:\/\/trasatlantica.org\/index.php?rest_route=%2Fwp%2Fv2%2Fcomments&post=6058"}],"version-history":[{"count":29,"href":"https:\/\/trasatlantica.org\/index.php?rest_route=\/wp\/v2\/pages\/6058\/revisions"}],"predecessor-version":[{"id":6857,"href":"https:\/\/trasatlantica.org\/index.php?rest_route=\/wp\/v2\/pages\/6058\/revisions\/6857"}],"wp:attachment":[{"href":"https:\/\/trasatlantica.org\/index.php?rest_route=%2Fwp%2Fv2%2Fmedia&parent=6058"}],"curies":[{"name":"wp","href":"https:\/\/api.w.org\/{rel}","templated":true}]}}