{"id":6151,"date":"2026-01-17T10:03:17","date_gmt":"2026-01-17T15:03:17","guid":{"rendered":"https:\/\/trasatlantica.org\/?page_id=6151"},"modified":"2026-01-27T09:23:22","modified_gmt":"2026-01-27T14:23:22","slug":"ensayos-essays-2","status":"publish","type":"page","link":"https:\/\/trasatlantica.org\/?page_id=6151","title":{"rendered":"Ensayos\/Essays"},"content":{"rendered":"\n<div class=\"wp-block-group has-primary-color has-background-background-color has-text-color has-background has-link-color wp-elements-cd0d27ebdab393465cafae726ebd681e\"><div class=\"wp-block-group__inner-container is-layout-constrained wp-block-group-is-layout-constrained\">\n<p class=\"wp-block-paragraph\">Jos\u00e9 Ram\u00f3n Ruis\u00e1nchez Serra:<\/p>\n\n\n\n<ul class=\"wp-block-list\">\n<li><a href=\"https:\/\/trasatlantica.org\/?page_id=6409\" target=\"_blank\" rel=\"noreferrer noopener\">\u201cAma y haz lo que quieras\u201d: sobre la libertad<\/a><\/li>\n<\/ul>\n\n\n\n<p class=\"has-primary-color has-text-color has-link-color wp-elements-a0cbddc98d44bbb17466a2273153db8e wp-block-paragraph\"><a href=\"https:\/\/trasatlantica.org\/?page_id=6206\" data-type=\"link\" data-id=\"https:\/\/trasatlantica.org\/?page_id=6206\">Adonis S\u00e1nchez Cervera<\/a>:<\/p>\n\n\n\n<ul class=\"wp-block-list\">\n<li><a href=\"https:\/\/trasatlantica.org\/wp-admin\/post.php?post=6206&amp;action=edit\" data-type=\"link\" data-id=\"https:\/\/trasatlantica.org\/wp-admin\/post.php?post=6206&amp;action=edit\" target=\"_blank\" rel=\"noreferrer noopener\">Egun Awole<\/a><\/li>\n<\/ul>\n\n\n\n<p class=\"has-primary-color has-text-color has-link-color wp-elements-01e92d1b7521518ad98ba335ff9111c0 wp-block-paragraph\"><a href=\"https:\/\/trasatlantica.org\/?page_id=546\" data-type=\"link\" data-id=\"https:\/\/trasatlantica.org\/?page_id=546\">Daniel Escandell-Montiel<\/a>: <\/p>\n\n\n\n<ul class=\"wp-block-list\">\n<li><a href=\"https:\/\/trasatlantica.org\/?page_id=395\" target=\"_blank\" rel=\"noreferrer noopener\">T\u00e9cnicas emergentes para contar historias: la narrativa procedimental y su potencial creativo y reactivo en los hipermedios<\/a><\/li>\n\n\n\n<li><a href=\"https:\/\/trasatlantica.org\/?page_id=2110\" target=\"_blank\" rel=\"noreferrer noopener\">Emergent&nbsp;Storytelling Techniques: Procedural Narrative and Its Creative and Reactive Potential in Hypermedia<\/a><\/li>\n<\/ul>\n\n\n\n<p class=\"has-primary-color has-text-color has-link-color wp-elements-d923732a432b7072975bd7fde623af64 wp-block-paragraph\"><a href=\"https:\/\/trasatlantica.org\/?page_id=546\">Yordan Arroyo-Carbajal<\/a>: <\/p>\n\n\n\n<ul class=\"wp-block-list\">\n<li><a href=\"https:\/\/trasatlantica.org\/?page_id=777\" target=\"_blank\" rel=\"noreferrer noopener\">Los mitos griegos como enfrentamiento interior: Nancy Banard y su Medea Yoruba<\/a><\/li>\n\n\n\n<li><a href=\"https:\/\/trasatlantica.org\/?page_id=2149\" target=\"_blank\" rel=\"noreferrer noopener\">Greek Myths as Internal Struggle: Nancy Banard and her Yoruba Medea<\/a><\/li>\n<\/ul>\n\n\n\n<p class=\"has-primary-color has-text-color has-link-color wp-elements-64dbaa67b869709db1b3e8a7e1763578 wp-block-paragraph\"><a href=\"https:\/\/trasatlantica.org\/?page_id=4666\">Osvaldo Cleger<\/a>: <\/p>\n\n\n\n<ul class=\"wp-block-list\">\n<li><a href=\"https:\/\/trasatlantica.org\/?page_id=4860\" target=\"_blank\" rel=\"noreferrer noopener\">El cuerpo de Ofelia. Mito y erotismo del agua en la poes\u00eda latinoamericana: an\u00e1lisis comparativo<\/a><\/li>\n\n\n\n<li><a href=\"https:\/\/trasatlantica.org\/?page_id=4665\" target=\"_blank\" rel=\"noreferrer noopener\">Ophelia\u2019s Lyric Body.&nbsp;Myth, Invention, and Water-Eroticism in Latin American Poetry: a Comparative Analysis<\/a><\/li>\n<\/ul>\n\n\n\n<p class=\"wp-block-paragraph\"><\/p>\n<\/div><\/div>\n<!-- PMB print buttons is only displayed on a single post\/page URLs-->","protected":false},"excerpt":{"rendered":"<p>Jos\u00e9 Ram\u00f3n Ruis\u00e1nchez Serra: Adonis S\u00e1nchez Cervera: Daniel Escandell-Montiel: Yordan Arroyo-Carbajal: Osvaldo Cleger:<\/p>\n","protected":false},"author":33188029,"featured_media":0,"parent":0,"menu_order":0,"comment_status":"closed","ping_status":"closed","template":"","meta":{"_coblocks_attr":"","_coblocks_dimensions":"","_coblocks_responsive_height":"","_coblocks_accordion_ie_support":"","_crdt_document":"","advanced_seo_description":"","jetpack_seo_html_title":"","jetpack_seo_noindex":false,"jetpack_post_was_ever_published":false,"footnotes":""},"class_list":["post-6151","page","type-page","status-publish","hentry"],"jetpack_likes_enabled":false,"jetpack_sharing_enabled":true,"jetpack_shortlink":"https:\/\/wp.me\/P2V8if-1Bd","jetpack-related-posts":[{"id":6206,"url":"https:\/\/trasatlantica.org\/?page_id=6206","url_meta":{"origin":6151,"position":0},"title":"Adonis S\u00e1nchez Cervera","author":"Soviet Cuba: Identities in Transition","date":"January 17, 2026","format":false,"excerpt":"Egun Awole T\u00e9cnica: collage digital (d\u00edptico)Medidas: 70.21 x 59.27 cms Por: Adonis S\u00e1nchez Cervera Las im\u00e1genes que conforman este d\u00edptico titulado Egun Awole son una reinterpretaci\u00f3n del mito afrocubano de la maldici\u00f3n de Awole, recogido en el corpus religioso de if\u00e1 y que aqu\u00ed adquieren otra visi\u00f3n de un tema\u2026","rel":"","context":"Similar post","block_context":{"text":"Similar post","link":""},"img":{"alt_text":"","src":"https:\/\/i0.wp.com\/trasatlantica.org\/wp-content\/uploads\/2026\/01\/foto-perfil-adonis.jpg?resize=350%2C200&ssl=1","width":350,"height":200,"srcset":"https:\/\/i0.wp.com\/trasatlantica.org\/wp-content\/uploads\/2026\/01\/foto-perfil-adonis.jpg?resize=350%2C200&ssl=1 1x, https:\/\/i0.wp.com\/trasatlantica.org\/wp-content\/uploads\/2026\/01\/foto-perfil-adonis.jpg?resize=525%2C300&ssl=1 1.5x, https:\/\/i0.wp.com\/trasatlantica.org\/wp-content\/uploads\/2026\/01\/foto-perfil-adonis.jpg?resize=700%2C400&ssl=1 2x"},"classes":[]},{"id":421,"url":"https:\/\/trasatlantica.org\/?page_id=421","url_meta":{"origin":6151,"position":1},"title":"Jos\u00e9 Ram\u00f3n Ruis\u00e1nchez","author":"diceyk","date":"August 25, 2024","format":false,"excerpt":"Tres poemas visuales encontrados en junio A JEP a diez a\u00f1os de su muerte En su poema \u201cLa ara\u00f1a del Holiday House Motel\u201d, Jos\u00e9 Emilio Pacheco escribe: \u3000\u3000\u3000\u3000\u3000\u3000\u3000Subi\u00f3 a la cama, \u3000\u3000\u3000\u3000\u3000\u3000\u3000ley\u00f3 algo en el libro abierto \u3000\u3000\u3000\u3000\u3000\u3000\u3000y se llev\u00f3 el rengl\u00f3n en las patas. Esa ara\u00f1a \u2013\u2013que habita en\u2026","rel":"","context":"Similar post","block_context":{"text":"Similar post","link":""},"img":{"alt_text":"","src":"https:\/\/i0.wp.com\/trasatlantica.org\/wp-content\/uploads\/2024\/08\/image2.jpg?resize=350%2C200&ssl=1","width":350,"height":200,"srcset":"https:\/\/i0.wp.com\/trasatlantica.org\/wp-content\/uploads\/2024\/08\/image2.jpg?resize=350%2C200&ssl=1 1x, https:\/\/i0.wp.com\/trasatlantica.org\/wp-content\/uploads\/2024\/08\/image2.jpg?resize=525%2C300&ssl=1 1.5x, https:\/\/i0.wp.com\/trasatlantica.org\/wp-content\/uploads\/2024\/08\/image2.jpg?resize=700%2C400&ssl=1 2x"},"classes":[]},{"id":5145,"url":"https:\/\/trasatlantica.org\/?page_id=5145","url_meta":{"origin":6151,"position":2},"title":"Jos\u00e9 Ram\u00f3n Ruis\u00e1nchez Serra","author":"Soviet Cuba: Identities in Transition","date":"June 27, 2025","format":false,"excerpt":"LAS DOS ORILLAS: CANCIONES DE EXPERIENCIA (IM)PROPIA THE TWO SHORES: SONGS OF IMPROPER EXPERIENCE","rel":"","context":"Similar post","block_context":{"text":"Similar post","link":""},"img":{"alt_text":"","src":"https:\/\/i0.wp.com\/trasatlantica.org\/wp-content\/uploads\/2025\/07\/Cubierta-de-Damaris-Punales-2-1.png?resize=350%2C200&ssl=1","width":350,"height":200,"srcset":"https:\/\/i0.wp.com\/trasatlantica.org\/wp-content\/uploads\/2025\/07\/Cubierta-de-Damaris-Punales-2-1.png?resize=350%2C200&ssl=1 1x, https:\/\/i0.wp.com\/trasatlantica.org\/wp-content\/uploads\/2025\/07\/Cubierta-de-Damaris-Punales-2-1.png?resize=525%2C300&ssl=1 1.5x, https:\/\/i0.wp.com\/trasatlantica.org\/wp-content\/uploads\/2025\/07\/Cubierta-de-Damaris-Punales-2-1.png?resize=700%2C400&ssl=1 2x"},"classes":[]},{"id":6409,"url":"https:\/\/trasatlantica.org\/?page_id=6409","url_meta":{"origin":6151,"position":3},"title":"Las dos orillas: sobre Bravo Varela y Layna","author":"Soviet Cuba: Identities in Transition","date":"January 20, 2026","format":false,"excerpt":"\u00a0\u00a0\u00a0\u00a0 \u00a0\u00a0\u00a0LAS DOS ORILLAS:\u00a0 \u201cAma y haz lo que quieras\u201d: sobre la libertad Jos\u00e9 Ram\u00f3n Ruis\u00e1nchez Serra Comienzo en la orilla occidental del Atl\u00e1ntico, aunque el libro apareci\u00f3 un poco antes en la otra, publicado por Pre-Textos en el 2023. El volumen m\u00e1s reciente de Hern\u00e1n Bravo Varela (Ciudad de\u2026","rel":"","context":"Similar post","block_context":{"text":"Similar post","link":""},"img":{"alt_text":"","src":"https:\/\/i0.wp.com\/trasatlantica.org\/wp-content\/uploads\/2026\/01\/dilnumigi0-nunca-mil-y-gigante_0_550.jpg?resize=350%2C200&ssl=1","width":350,"height":200,"srcset":"https:\/\/i0.wp.com\/trasatlantica.org\/wp-content\/uploads\/2026\/01\/dilnumigi0-nunca-mil-y-gigante_0_550.jpg?resize=350%2C200&ssl=1 1x, https:\/\/i0.wp.com\/trasatlantica.org\/wp-content\/uploads\/2026\/01\/dilnumigi0-nunca-mil-y-gigante_0_550.jpg?resize=525%2C300&ssl=1 1.5x"},"classes":[]},{"id":5766,"url":"https:\/\/trasatlantica.org\/?page_id=5766","url_meta":{"origin":6151,"position":4},"title":"Rese\u00f1as\/Reviews","author":"Soviet Cuba: Identities in Transition","date":"January 8, 2026","format":false,"excerpt":"Campamento, de Irina Garbatzky, por Paula Galansky Diente de le\u00f3n, de Nelson Sim\u00f3n, por Pablo G. Lleonart No vine a hacerme la inocente, de Damaris Pu\u00f1ales-Alp\u00edzar, por Jos\u00e9 Ram\u00f3n Ruis\u00e1nchez","rel":"","context":"Similar post","block_context":{"text":"Similar post","link":""},"img":{"alt_text":"","src":"","width":0,"height":0},"classes":[]},{"id":4336,"url":"https:\/\/trasatlantica.org\/?page_id=4336","url_meta":{"origin":6151,"position":5},"title":"Essays","author":"Soviet Cuba: Identities in Transition","date":"May 24, 2025","format":false,"excerpt":"Osvaldo Cleger Jos\u00e9 Ram\u00f3n Ruis\u00e1nchez Serra","rel":"","context":"Similar post","block_context":{"text":"Similar post","link":""},"img":{"alt_text":"","src":"","width":0,"height":0},"classes":[]}],"_links":{"self":[{"href":"https:\/\/trasatlantica.org\/index.php?rest_route=\/wp\/v2\/pages\/6151","targetHints":{"allow":["GET"]}}],"collection":[{"href":"https:\/\/trasatlantica.org\/index.php?rest_route=\/wp\/v2\/pages"}],"about":[{"href":"https:\/\/trasatlantica.org\/index.php?rest_route=\/wp\/v2\/types\/page"}],"author":[{"embeddable":true,"href":"https:\/\/trasatlantica.org\/index.php?rest_route=\/wp\/v2\/users\/33188029"}],"replies":[{"embeddable":true,"href":"https:\/\/trasatlantica.org\/index.php?rest_route=%2Fwp%2Fv2%2Fcomments&post=6151"}],"version-history":[{"count":15,"href":"https:\/\/trasatlantica.org\/index.php?rest_route=\/wp\/v2\/pages\/6151\/revisions"}],"predecessor-version":[{"id":6624,"href":"https:\/\/trasatlantica.org\/index.php?rest_route=\/wp\/v2\/pages\/6151\/revisions\/6624"}],"wp:attachment":[{"href":"https:\/\/trasatlantica.org\/index.php?rest_route=%2Fwp%2Fv2%2Fmedia&parent=6151"}],"curies":[{"name":"wp","href":"https:\/\/api.w.org\/{rel}","templated":true}]}}