{"id":630,"date":"2024-09-12T15:58:24","date_gmt":"2024-09-12T19:58:24","guid":{"rendered":"https:\/\/trasatlantica.org\/?page_id=630"},"modified":"2026-01-20T09:42:45","modified_gmt":"2026-01-20T14:42:45","slug":"about-trasatlantica","status":"publish","type":"page","link":"https:\/\/trasatlantica.org\/?page_id=630","title":{"rendered":"Mission\/Misi\u00f3n"},"content":{"rendered":"\n<div class=\"wp-block-group alignwide has-secondary-background-color has-text-color has-background has-link-color wp-elements-1a5a4f8b9ad4b86e0b5367c4a0564fd6\" style=\"color:#ffffff\"><div class=\"wp-block-group__inner-container is-layout-constrained wp-block-group-is-layout-constrained\">\n<div class=\"wp-block-group alignwide has-background-background-color has-background mb-0 mt-0\"><div class=\"wp-block-group__inner-container is-layout-constrained wp-block-group-is-layout-constrained\">\n<p class=\"has-small-font-size wp-block-paragraph\">Our mission is to connect Hispanic poetry and the arts across the United States, Latin America, and Spain, highlighting the historical, cultural, and linguistic bonds that unite Spanish-speaking communities worldwide. We envision a world in which Hispanic and Latinx voices are central to global cultural conversations, and where poetry and the arts serve as bridges across geographies, generations, and identities.<\/p>\n\n\n\n<p class=\"has-small-font-size wp-block-paragraph\">With more than 505,000 Spanish speakers in Ohio and 38.3 million nationwide,&nbsp;<em>Trasatl\u00e1ntica<\/em>&nbsp;aspires to become a key node in the cultural triangle formed by the United States, Latin America, and Europe around the Hispanic languages and cultures. Through creative expression and cross-cultural collaboration, we promote local, national, and international dialogue while positioning Cleveland as a global hub for Spanish-language literature and inclusive artistic exchange.<\/p>\n\n\n\n<p class=\"has-small-font-size wp-block-paragraph\">Within the U.S. cultural landscape, many Spanish-speaking poets remain marginalized\u2014lacking access to spaces of publication, visibility, and critical engagement. Given the economic precarity of literary production, (\u201cbeing a poet\u201d is not a paid profession)creators often invest limited time and resources simply to find venues in which their work can be read, discussed, and valued.<\/p>\n\n\n\n<p class=\"has-small-font-size wp-block-paragraph\">We understand social justice as inseparable from equitable access to cultural institutions, recognition of Hispanic and Latinx artistic production, and public visibility for the richness of our communities. In response,&nbsp;<em>Trasatl\u00e1ntica<\/em>&nbsp;functions as a transnational platform that facilitates the exchange of ideas, cultures, and creative practices beyond U.S. borders. We offer artists a space to publish their work while fostering transatlantic dialogue with other historically underrepresented poets and scholars, both nationally and internationally.<\/p>\n\n\n\n<p class=\"has-small-font-size wp-block-paragraph\"><strong>Objectives<\/strong><\/p>\n\n\n\n<p class=\"has-small-font-size wp-block-paragraph\">Our organization advances the arts, poetry, and education through the following objectives:<\/p>\n\n\n\n<ul class=\"wp-block-list\">\n<li class=\"has-small-font-size\">Foster the exchange of multilingual poetry by Latinx writers in the United States, Spain, and Latin America, alongside local poets and artists, contributing to a vibrant and diverse artistic ecosystem.<\/li>\n\n\n\n<li class=\"has-small-font-size\">Promote poetry and the arts through the dissemination, reception, and critical engagement with literary works from local and global contexts.<\/li>\n\n\n\n<li class=\"has-small-font-size\">Advance education by encouraging dialogue, knowledge-sharing, and the production of creative and scholarly work.<\/li>\n\n\n\n<li class=\"has-small-font-size\">Carry out all lawful activities that further charitable and educational purposes under Section 501(c)(3) of the Internal Revenue Code.<\/li>\n\n\n\n<li class=\"has-small-font-size\">Place poetry and the arts at the center of human interaction as tools for personal growth, community building, and intercultural exchange.<\/li>\n<\/ul>\n\n\n\n<p class=\"has-small-font-size wp-block-paragraph\"><strong>History<\/strong><\/p>\n\n\n\n<p class=\"has-small-font-size wp-block-paragraph\">Our organization operates as a center for cultural diversity, equity, inclusion, and justice. Its Board of Directors is composed of members of the Hispanic community from Cleveland, across the United States, and throughout the Spanish-speaking world. Our Editorial Board includes a diverse group of Hispanic writers, poets, and scholars.<\/p>\n\n\n\n<p class=\"has-small-font-size wp-block-paragraph\">Recognizing the long-standing underrepresentation of Hispanic and Latinx cultural production, we work to expand access to cultural spaces while amplifying creative voices often excluded from mainstream literary circuits. Through this commitment, we seek to foster sustained cultural and intellectual exchange across borders.<\/p>\n\n\n\n<p class=\"has-small-font-size wp-block-paragraph\">Guided by this vision, our organization serves as a meeting point for creative and scholarly work. We also develop cultural initiatives such as poetry festivals, creative writing workshops, educational programs for the Hispanic community, and collaborative projects with partner organizations at the local, national, and international levels.<\/p>\n\n\n\n<p class=\"has-text-align-center has-small-font-size wp-block-paragraph\"><strong>Be part of the dream!<\/strong><\/p>\n\n\n\n<hr class=\"wp-block-separator has-alpha-channel-opacity\"\/>\n\n\n\n<p class=\"has-small-font-size wp-block-paragraph\"><strong>Misi\u00f3n<\/strong><\/p>\n\n\n\n<p class=\"has-small-font-size wp-block-paragraph\">Nuestra misi\u00f3n es conectar la poes\u00eda y las artes hispanas en Estados Unidos, Latinoam\u00e9rica y Espa\u00f1a, destacando los lazos hist\u00f3ricos, culturales y ling\u00fc\u00edsticos que unen a las comunidades hispanohablantes de todo el mundo. Imaginamos un mundo en el que las voces hispanas y latinas sean fundamentales en los debates culturales globales, y en el que la poes\u00eda y las artes sirvan de puente entre geograf\u00edas, generaciones e identidades.<\/p>\n\n\n\n<p class=\"has-small-font-size wp-block-paragraph\">Con m\u00e1s de 505 000 hispanohablantes en Ohio y 38,3 millones en todo el pa\u00eds, Trasatl\u00e1ntica aspira a convertirse en un nodo clave del tri\u00e1ngulo cultural formado por Estados Unidos, Latinoam\u00e9rica y Europa en torno a las lenguas y las culturas hispanas. A trav\u00e9s de la expresi\u00f3n creativa y la colaboraci\u00f3n intercultural, promovemos el di\u00e1logo local, nacional e internacional, al tiempo que posicionamos a Cleveland como centro global de la literatura en lengua espa\u00f1ola y el intercambio art\u00edstico inclusivo.<\/p>\n\n\n\n<p class=\"has-small-font-size wp-block-paragraph\">Dentro del panorama cultural estadounidense, muchos poetas hispanohablantes siguen marginados, sin acceso a espacios de publicaci\u00f3n, visibilidad y compromiso cr\u00edtico. Dada la precariedad econ\u00f3mica de la producci\u00f3n literaria (\u201cser poeta\u201d no es una profesi\u00f3n remunerada), los creadores suelen invertir su limitado tiempo y recursos simplemente en encontrar lugares en los que su obra pueda ser le\u00edda, discutida y valorada.<\/p>\n\n\n\n<p class=\"has-small-font-size wp-block-paragraph\">Entendemos que la justicia social es inseparable del acceso equitativo a las instituciones culturales, el reconocimiento de la producci\u00f3n art\u00edstica hispana y latina, y la visibilidad p\u00fablica de la riqueza de nuestras comunidades. En respuesta a ello, Trasatl\u00e1ntica funciona como una plataforma transnacional que facilita el intercambio de ideas, culturas y pr\u00e1cticas creativas m\u00e1s all\u00e1 de las fronteras de Estados Unidos. Ofrecemos a los artistas un espacio para publicar su trabajo, al tiempo que fomentamos el di\u00e1logo trasatl\u00e1ntico con otros poetas y acad\u00e9micos hist\u00f3ricamente infrarrepresentados, tanto a nivel nacional como internacional.<\/p>\n\n\n\n<p class=\"has-small-font-size wp-block-paragraph\"><strong>Objetivos<\/strong><\/p>\n\n\n\n<p class=\"has-small-font-size wp-block-paragraph\">Nuestra organizaci\u00f3n promueve las artes, la poes\u00eda y la educaci\u00f3n a trav\u00e9s de los siguientes objetivos:<\/p>\n\n\n\n<ul class=\"wp-block-list\">\n<li class=\"has-small-font-size\">Fomentar el intercambio de poes\u00eda multiling\u00fce de escritores latinos en Estados Unidos, Espa\u00f1a y Latinoam\u00e9rica, junto con poetas y artistas locales, contribuyendo a un ecosistema art\u00edstico vibrante y diverso.<\/li>\n\n\n\n<li class=\"has-small-font-size\">Promover la poes\u00eda y las artes a trav\u00e9s de la difusi\u00f3n, la recepci\u00f3n y el compromiso cr\u00edtico con obras literarias de contextos locales y globales.<\/li>\n\n\n\n<li class=\"has-small-font-size\">Promover la educaci\u00f3n fomentando el di\u00e1logo, el intercambio de conocimientos y la producci\u00f3n de trabajos creativos y acad\u00e9micos.<\/li>\n\n\n\n<li class=\"has-small-font-size\">Llevar a cabo todas las actividades legales que promuevan fines ben\u00e9ficos y educativos en virtud del art\u00edculo 501(c)(3) del C\u00f3digo de Rentas Internas.<\/li>\n\n\n\n<li class=\"has-small-font-size\">Situar la poes\u00eda y las artes en el centro de la interacci\u00f3n humana como herramientas para el crecimiento personal, la construcci\u00f3n de comunidades y el intercambio intercultural.<\/li>\n<\/ul>\n\n\n\n<p class=\"has-small-font-size wp-block-paragraph\"><strong>Historia<\/strong><\/p>\n\n\n\n<p class=\"has-small-font-size wp-block-paragraph\">Nuestra organizaci\u00f3n funciona como un centro para la diversidad cultural, la equidad, la inclusi\u00f3n y la justicia. Su junta directiva est\u00e1 compuesta por miembros de la comunidad hispana de Cleveland, de Estados Unidos y de todo el mundo hispanohablante. Nuestro consejo editorial incluye un grupo diverso de escritores, poetas y acad\u00e9micos hispanos.<\/p>\n\n\n\n<p class=\"has-small-font-size wp-block-paragraph\">Conscientes de la prolongada infrarrepresentaci\u00f3n de la producci\u00f3n cultural hispana y latina, trabajamos para ampliar el acceso a los espacios culturales y amplificar las voces creativas que a menudo quedan excluidas de los circuitos literarios dominantes. A trav\u00e9s de este compromiso, buscamos fomentar un intercambio cultural e intelectual sostenido m\u00e1s all\u00e1 de las fronteras.<\/p>\n\n\n\n<p class=\"has-small-font-size wp-block-paragraph\">Guiados por esta visi\u00f3n, nuestra organizaci\u00f3n sirve como punto de encuentro para el trabajo creativo y acad\u00e9mico. Tambi\u00e9n desarrollamos iniciativas culturales como festivales de poes\u00eda, talleres de escritura creativa, programas educativos para la comunidad hispana y proyectos de colaboraci\u00f3n con organizaciones asociadas a nivel local, nacional e internacional.<\/p>\n\n\n\n<p class=\"has-text-align-center has-small-font-size wp-block-paragraph\"><strong>\u00a1Se parte del sue\u00f1o!<\/strong><\/p>\n<\/div><\/div>\n<\/div><\/div>\n<!-- PMB print buttons is only displayed on a single post\/page URLs-->","protected":false},"excerpt":{"rendered":"<p>Our mission is to connect Hispanic poetry and the arts across the United States, Latin America, and Spain, highlighting the historical, cultural, and linguistic bonds that unite Spanish-speaking communities worldwide. We envision a world in which Hispanic and Latinx voices are central to global cultural conversations, and where poetry and the arts serve as bridges [&hellip;]<\/p>\n","protected":false},"author":33188029,"featured_media":0,"parent":0,"menu_order":0,"comment_status":"closed","ping_status":"closed","template":"","meta":{"_coblocks_attr":"","_coblocks_dimensions":"","_coblocks_responsive_height":"","_coblocks_accordion_ie_support":"","_crdt_document":"","advanced_seo_description":"","jetpack_seo_html_title":"","jetpack_seo_noindex":false,"footnotes":""},"class_list":["post-630","page","type-page","status-publish","hentry"],"jetpack_likes_enabled":false,"jetpack_sharing_enabled":true,"jetpack_shortlink":"https:\/\/wp.me\/P2V8if-aa","jetpack-related-posts":[{"id":2167,"url":"https:\/\/trasatlantica.org\/?page_id=2167","url_meta":{"origin":630,"position":0},"title":"Bienvenidos","author":"Soviet Cuba: Identities in Transition","date":"October 16, 2024","format":false,"excerpt":"Bienvenidos\/Welcome\/Ben Vindos Welcome to Trasatl\u00e1ntica: Creation and Scholarship\u2014a space reborn out of the essential need to forge a dynamic triangulation across three cultural pillars of the Hispanic world: the United States, Latin America, and Spain. In this digital age, as Spanish thrives as the second most spoken language globally, our\u2026","rel":"","context":"Similar post","block_context":{"text":"Similar post","link":""},"img":{"alt_text":"","src":"","width":0,"height":0},"classes":[]},{"id":5652,"url":"https:\/\/trasatlantica.org\/","url_meta":{"origin":630,"position":1},"title":"Homepage","author":"Soviet Cuba: Identities in Transition","date":"December 9, 2025","format":false,"excerpt":"Poes\u00edaPoetry ReviewsRese\u00f1as EssaysEnsayos OpinionOpini\u00f3n News and EventsNoticias y eventos TranslationsTraducciones Podcast OLD JOURNAL CALL FOR SUBMISSIONS Ecos del Primer Encuentro de Poes\u00eda Trasatl\u00e1ntica Zamora 13-15 de junio del 2025 Bienvenidos\/Welcome\/Ben Vindos Welcome to Trasatl\u00e1ntica: Creation and Scholarship\u2014a space reborn out of the essential need to forge a dynamic triangulation across\u2026","rel":"","context":"Similar post","block_context":{"text":"Similar post","link":""},"img":{"alt_text":"","src":"https:\/\/i0.wp.com\/trasatlantica.org\/wp-content\/uploads\/2026\/04\/Novela-correct-2.png?resize=350%2C200&ssl=1","width":350,"height":200,"srcset":"https:\/\/i0.wp.com\/trasatlantica.org\/wp-content\/uploads\/2026\/04\/Novela-correct-2.png?resize=350%2C200&ssl=1 1x, https:\/\/i0.wp.com\/trasatlantica.org\/wp-content\/uploads\/2026\/04\/Novela-correct-2.png?resize=525%2C300&ssl=1 1.5x, https:\/\/i0.wp.com\/trasatlantica.org\/wp-content\/uploads\/2026\/04\/Novela-correct-2.png?resize=700%2C400&ssl=1 2x, https:\/\/i0.wp.com\/trasatlantica.org\/wp-content\/uploads\/2026\/04\/Novela-correct-2.png?resize=1050%2C600&ssl=1 3x, https:\/\/i0.wp.com\/trasatlantica.org\/wp-content\/uploads\/2026\/04\/Novela-correct-2.png?resize=1400%2C800&ssl=1 4x"},"classes":[]},{"id":195,"url":"https:\/\/trasatlantica.org\/?page_id=195","url_meta":{"origin":630,"position":2},"title":"Call for submissions","author":"diceyk","date":"August 11, 2024","format":false,"excerpt":"Trasatl\u00e1ntica: Poetry and Scholarship invites Spanish, Portuguese, and Latinx poetry enthusiasts to send their contributions. \u00a0We are an online cultural and literary magazine based in Cleveland, Ohio, USA. We are committed to promoting the arts, focusing on Hispanic poetry produced in the USA, Spain, Portugal, and Latin America, with submissions\u2026","rel":"","context":"Similar post","block_context":{"text":"Similar post","link":""},"img":{"alt_text":"","src":"","width":0,"height":0},"classes":[]},{"id":185,"url":"https:\/\/trasatlantica.org\/?page_id=185","url_meta":{"origin":630,"position":3},"title":"EVENTS","author":"diceyk","date":"August 10, 2024","format":false,"excerpt":"Forthcoming Events 2025 (Specific dates to be determined at a later time) A three-day arts festival intertwining Hispanic poetry, cinema, and theater. Local and international writers, playwrights, scholars, and actors will participate. (in April) An online International Bilingual Poetry Festival with Hispanic poets from Cleveland, the USA, Spain, and Latin\u2026","rel":"","context":"Similar post","block_context":{"text":"Similar post","link":""},"img":{"alt_text":"","src":"","width":0,"height":0},"classes":[]},{"id":685,"url":"https:\/\/trasatlantica.org\/?page_id=685","url_meta":{"origin":630,"position":4},"title":"Donations","author":"Soviet Cuba: Identities in Transition","date":"September 14, 2024","format":false,"excerpt":"Be Part of Trasatl\u00e1ntica Your generosity is greatly appreciated, and it contributes to growing Hispanic poetry and culture.","rel":"","context":"Similar post","block_context":{"text":"Similar post","link":""},"img":{"alt_text":"","src":"","width":0,"height":0},"classes":[]},{"id":7315,"url":"https:\/\/trasatlantica.org\/?page_id=7315","url_meta":{"origin":630,"position":5},"title":"Nohora Viviana Cardona N\u00fa\u00f1ez","author":"Soviet Cuba: Identities in Transition","date":"April 13, 2026","format":false,"excerpt":"Nohora Viviana Cardona N\u00fa\u00f1ez holds a B.A. in Literature and an M.A. in Colombian and Latin American Literatures from the Universidad del Valle in Colombia, as well as a Specialization in University Teaching from the Universidad Santiago de Cali. She also holds an M.A. in Hispanic Literature and Culture, and\u2026","rel":"","context":"Similar post","block_context":{"text":"Similar post","link":""},"img":{"alt_text":"","src":"","width":0,"height":0},"classes":[]}],"_links":{"self":[{"href":"https:\/\/trasatlantica.org\/index.php?rest_route=\/wp\/v2\/pages\/630","targetHints":{"allow":["GET"]}}],"collection":[{"href":"https:\/\/trasatlantica.org\/index.php?rest_route=\/wp\/v2\/pages"}],"about":[{"href":"https:\/\/trasatlantica.org\/index.php?rest_route=\/wp\/v2\/types\/page"}],"author":[{"embeddable":true,"href":"https:\/\/trasatlantica.org\/index.php?rest_route=\/wp\/v2\/users\/33188029"}],"replies":[{"embeddable":true,"href":"https:\/\/trasatlantica.org\/index.php?rest_route=%2Fwp%2Fv2%2Fcomments&post=630"}],"version-history":[{"count":25,"href":"https:\/\/trasatlantica.org\/index.php?rest_route=\/wp\/v2\/pages\/630\/revisions"}],"predecessor-version":[{"id":6400,"href":"https:\/\/trasatlantica.org\/index.php?rest_route=\/wp\/v2\/pages\/630\/revisions\/6400"}],"wp:attachment":[{"href":"https:\/\/trasatlantica.org\/index.php?rest_route=%2Fwp%2Fv2%2Fmedia&parent=630"}],"curies":[{"name":"wp","href":"https:\/\/api.w.org\/{rel}","templated":true}]}}