{"id":685,"date":"2024-09-14T15:14:20","date_gmt":"2024-09-14T19:14:20","guid":{"rendered":"https:\/\/trasatlantica.org\/?page_id=685"},"modified":"2025-02-25T17:33:33","modified_gmt":"2025-02-25T22:33:33","slug":"donations-page","status":"publish","type":"page","link":"https:\/\/trasatlantica.org\/?page_id=685","title":{"rendered":"Donations"},"content":{"rendered":"\n<div class=\"wp-block-group has-subtle-background-background-color has-background\"><div class=\"wp-block-group__inner-container is-layout-constrained wp-block-group-is-layout-constrained\">\n<p class=\"wp-block-paragraph\">Be Part of Trasatl\u00e1ntica<\/p>\n\n\n\n<div class=\"wp-block-jetpack-donations\"><h4><\/h4><p><mark style=\"background-color:rgba(0, 0, 0, 0)\" class=\"has-inline-color has-primary-color\">Your generosity is greatly appreciated, and it contributes to growing Hispanic poetry and culture.<\/mark><\/p><a class=\"jetpack-donations-fallback-link\" rel=\"noopener noreferrer noamphtml\" target=\"_blank\"><\/a><hr class=\"donations__separator\"\/><h4><\/h4><p><\/p><a class=\"jetpack-donations-fallback-link\" rel=\"noopener noreferrer noamphtml\" target=\"_blank\"><\/a><hr class=\"donations__separator\"\/><h4><\/h4><p><\/p><a class=\"jetpack-donations-fallback-link\" rel=\"noopener noreferrer noamphtml\" target=\"_blank\"><\/a><\/div>\n<\/div><\/div>\n<!-- PMB print buttons is only displayed on a single post\/page URLs-->","protected":false},"excerpt":{"rendered":"<p>Be Part of Trasatl\u00e1ntica<\/p>\n","protected":false},"author":33188029,"featured_media":0,"parent":0,"menu_order":0,"comment_status":"closed","ping_status":"closed","template":"","meta":{"_coblocks_attr":"","_coblocks_dimensions":"","_coblocks_responsive_height":"","_coblocks_accordion_ie_support":"","_crdt_document":"","advanced_seo_description":"","jetpack_seo_html_title":"","jetpack_seo_noindex":false,"footnotes":""},"class_list":["post-685","page","type-page","status-publish","hentry"],"jetpack_likes_enabled":false,"jetpack_sharing_enabled":true,"jetpack_shortlink":"https:\/\/wp.me\/P2V8if-b3","jetpack-related-posts":[{"id":559,"url":"https:\/\/trasatlantica.org\/?page_id=559","url_meta":{"origin":685,"position":0},"title":"Legal Notice\/Aviso legal","author":"diceyk","date":"August 25, 2024","format":false,"excerpt":"Legal Notice & Copyright Policy The opinions expressed in\u00a0Trasatl\u00e1ntica\u00a0are solely those of the individual authors and do not necessarily reflect the views of the Board of Directors, Editorial Board, or any other members of the organization. By submitting and accepting the publication of their articles or creative works in\u00a0Trasatl\u00e1ntica, authors\u2026","rel":"","context":"Similar post","block_context":{"text":"Similar post","link":""},"img":{"alt_text":"","src":"","width":0,"height":0},"classes":[]},{"id":6943,"url":"https:\/\/trasatlantica.org\/?page_id=6943","url_meta":{"origin":685,"position":1},"title":"Trasatl\u00e1ntica in Mexico","author":"Soviet Cuba: Identities in Transition","date":"February 8, 2026","format":false,"excerpt":"Trasatl\u00e1ntica llega a M\u00e9xico: Poetry\u00a0reading and presentation of the Trasatl\u00e1ntica Project, with members of the Board of Directors: Damaris Pu\u00f1ales-Alp\u00edzar, Mabel Cuesta, and Jos\u00e9 Ram\u00f3n Ruis\u00e1nchez.\u00a0El \u00faltimo encuentro\u00a0bookstore in Mexico City, November 10, 2025. Trasatl\u00e1ntica thanks Evelio Rojas, founder and owner of El \u00faltimo encuentro for allowing us to use\u2026","rel":"","context":"Similar post","block_context":{"text":"Similar post","link":""},"img":{"alt_text":"","src":"https:\/\/i0.wp.com\/trasatlantica.org\/wp-content\/uploads\/2026\/02\/WhatsApp-Image-2026-02-03-at-21.05.48-1.jpeg?resize=350%2C200&ssl=1","width":350,"height":200},"classes":[]},{"id":5816,"url":"https:\/\/trasatlantica.org\/?page_id=5816","url_meta":{"origin":685,"position":2},"title":"Podcast Trasastl\u00e1ntica","author":"Soviet Cuba: Identities in Transition","date":"January 8, 2026","format":false,"excerpt":"PODCAST TRASATL\u00c1NTICA: VOCES DE LA CULTURA Conversaciones con poetas hispanos, editores, libreros y promotores culturales de Am\u00e9rica Latina, Estados Unidos y Espa\u00f1a. En este podcast, producido por Trasatl\u00e1ntica, nos sentamos a dialogar con quienes escriben, publican y difunden la poes\u00eda contempor\u00e1nea en el mundo hispano. Cada episodio es un puente\u2026","rel":"","context":"Similar post","block_context":{"text":"Similar post","link":""},"img":{"alt_text":"","src":"","width":0,"height":0},"classes":[]},{"id":5652,"url":"https:\/\/trasatlantica.org\/","url_meta":{"origin":685,"position":3},"title":"Homepage","author":"Soviet Cuba: Identities in Transition","date":"December 9, 2025","format":false,"excerpt":"Poes\u00edaPoetry ReviewsRese\u00f1as EssaysEnsayos OpinionOpini\u00f3n News and EventsNoticias y eventos TranslationsTraducciones Podcast OLD JOURNAL CALL FOR SUBMISSIONS Ecos del Primer Encuentro de Poes\u00eda Trasatl\u00e1ntica Zamora 13-15 de junio del 2025 Bienvenidos\/Welcome\/Ben Vindos Welcome to Trasatl\u00e1ntica: Creation and Scholarship\u2014a space reborn out of the essential need to forge a dynamic triangulation across\u2026","rel":"","context":"Similar post","block_context":{"text":"Similar post","link":""},"img":{"alt_text":"","src":"https:\/\/i0.wp.com\/trasatlantica.org\/wp-content\/uploads\/2026\/04\/Novela-correct-2.png?resize=350%2C200&ssl=1","width":350,"height":200,"srcset":"https:\/\/i0.wp.com\/trasatlantica.org\/wp-content\/uploads\/2026\/04\/Novela-correct-2.png?resize=350%2C200&ssl=1 1x, https:\/\/i0.wp.com\/trasatlantica.org\/wp-content\/uploads\/2026\/04\/Novela-correct-2.png?resize=525%2C300&ssl=1 1.5x, https:\/\/i0.wp.com\/trasatlantica.org\/wp-content\/uploads\/2026\/04\/Novela-correct-2.png?resize=700%2C400&ssl=1 2x, https:\/\/i0.wp.com\/trasatlantica.org\/wp-content\/uploads\/2026\/04\/Novela-correct-2.png?resize=1050%2C600&ssl=1 3x, https:\/\/i0.wp.com\/trasatlantica.org\/wp-content\/uploads\/2026\/04\/Novela-correct-2.png?resize=1400%2C800&ssl=1 4x"},"classes":[]},{"id":5280,"url":"https:\/\/trasatlantica.org\/?page_id=5280","url_meta":{"origin":685,"position":4},"title":"Encuentro de poes\u00eda trasatl\u00e1ntica","author":"Soviet Cuba: Identities in Transition","date":"July 6, 2025","format":false,"excerpt":"Poes\u00eda Trasatl\u00e1ntica en Zamora Zamora, la capital del rom\u00e1nico europeo, ser\u00e1 sede del Primer Encuentro de Poes\u00eda Trasatl\u00e1ntica. Del 13 al 15 de junio del 2025. M\u00e1s de veinticinco poetas de las tres orillas trasatl\u00e1nticas se dar\u00e1n cita para leer poes\u00eda y conversar sobre poes\u00eda. El n\u00famero 2 de la\u2026","rel":"","context":"Similar post","block_context":{"text":"Similar post","link":""},"img":{"alt_text":"","src":"https:\/\/i0.wp.com\/trasatlantica.org\/wp-content\/uploads\/2025\/02\/zamora.jpg?resize=350%2C200&ssl=1","width":350,"height":200,"srcset":"https:\/\/i0.wp.com\/trasatlantica.org\/wp-content\/uploads\/2025\/02\/zamora.jpg?resize=350%2C200&ssl=1 1x, https:\/\/i0.wp.com\/trasatlantica.org\/wp-content\/uploads\/2025\/02\/zamora.jpg?resize=525%2C300&ssl=1 1.5x, https:\/\/i0.wp.com\/trasatlantica.org\/wp-content\/uploads\/2025\/02\/zamora.jpg?resize=700%2C400&ssl=1 2x"},"classes":[]},{"id":6352,"url":"https:\/\/trasatlantica.org\/?page_id=6352","url_meta":{"origin":685,"position":5},"title":"Pol\u00edtica Editorial\/Publishing Policy","author":"Soviet Cuba: Identities in Transition","date":"January 19, 2026","format":false,"excerpt":"1. Principios editoriales Trasatl\u00e1ntica: Creation and Scholarship\u00a0es una plataforma cultural y editorial biling\u00fce, sin fines de lucro, dedicada a la creaci\u00f3n po\u00e9tica, la reflexi\u00f3n cr\u00edtica y el intercambio acad\u00e9mico desde una perspectiva transatl\u00e1ntica. Nuestra pol\u00edtica editorial se fundamenta en los principios de: Justicia cultural y acceso Diversidad ling\u00fc\u00edstica y est\u00e9tica\u2026","rel":"","context":"Similar post","block_context":{"text":"Similar post","link":""},"img":{"alt_text":"","src":"https:\/\/i0.wp.com\/trasatlantica.org\/wp-content\/uploads\/2026\/01\/crop-154-115-717-537-0-light-gray-square.png?resize=350%2C200&ssl=1","width":350,"height":200,"srcset":"https:\/\/i0.wp.com\/trasatlantica.org\/wp-content\/uploads\/2026\/01\/crop-154-115-717-537-0-light-gray-square.png?resize=350%2C200&ssl=1 1x, https:\/\/i0.wp.com\/trasatlantica.org\/wp-content\/uploads\/2026\/01\/crop-154-115-717-537-0-light-gray-square.png?resize=525%2C300&ssl=1 1.5x, https:\/\/i0.wp.com\/trasatlantica.org\/wp-content\/uploads\/2026\/01\/crop-154-115-717-537-0-light-gray-square.png?resize=700%2C400&ssl=1 2x"},"classes":[]}],"_links":{"self":[{"href":"https:\/\/trasatlantica.org\/index.php?rest_route=\/wp\/v2\/pages\/685","targetHints":{"allow":["GET"]}}],"collection":[{"href":"https:\/\/trasatlantica.org\/index.php?rest_route=\/wp\/v2\/pages"}],"about":[{"href":"https:\/\/trasatlantica.org\/index.php?rest_route=\/wp\/v2\/types\/page"}],"author":[{"embeddable":true,"href":"https:\/\/trasatlantica.org\/index.php?rest_route=\/wp\/v2\/users\/33188029"}],"replies":[{"embeddable":true,"href":"https:\/\/trasatlantica.org\/index.php?rest_route=%2Fwp%2Fv2%2Fcomments&post=685"}],"version-history":[{"count":12,"href":"https:\/\/trasatlantica.org\/index.php?rest_route=\/wp\/v2\/pages\/685\/revisions"}],"predecessor-version":[{"id":3696,"href":"https:\/\/trasatlantica.org\/index.php?rest_route=\/wp\/v2\/pages\/685\/revisions\/3696"}],"wp:attachment":[{"href":"https:\/\/trasatlantica.org\/index.php?rest_route=%2Fwp%2Fv2%2Fmedia&parent=685"}],"curies":[{"name":"wp","href":"https:\/\/api.w.org\/{rel}","templated":true}]}}