{"id":7315,"date":"2026-04-13T15:31:10","date_gmt":"2026-04-13T19:31:10","guid":{"rendered":"https:\/\/trasatlantica.org\/?page_id=7315"},"modified":"2026-04-13T15:33:50","modified_gmt":"2026-04-13T19:33:50","slug":"nohora-viviana-cardona-nunez","status":"publish","type":"page","link":"https:\/\/trasatlantica.org\/?page_id=7315","title":{"rendered":"Nohora Viviana Cardona N\u00fa\u00f1ez"},"content":{"rendered":"\n<p class=\"alignwide has-primary-color has-subtle-background-background-color has-text-color has-background has-link-color has-small-font-size wp-elements-fbd8055e4a45e12cf1a088d78635592e wp-block-paragraph\">Nohora Viviana Cardona N\u00fa\u00f1ez holds a B.A. in Literature and an M.A. in Colombian and Latin American Literatures from the Universidad del Valle in Colombia, as well as a Specialization in University Teaching from the Universidad Santiago de Cali. She also holds an M.A. in Hispanic Literature and Culture, and a Ph.D. in Spanish from the University of Ottawa. She has taught at University of Ottawa, Southern Utah University, Universidad del Valle, and Cleveland State University. She currently teaches at the Department of Modern Languages in Case Western Reserve University.<br><br>Her poetry has been included in anthologies such as Lumbre y relumbre, Palabras que migran and Poetas cale\u00f1as, and also published in journals such as Hybrido, La verdolaga, Trasatl\u00e1ntica, and La Otra. She was one of the poets awarded with the \u201cVoces nuevas prize in 2024, granted by Editorial Torremozas in Spain. Her short stories have been collected in the volumes Cloudburst: An Anthology of Hispanic Canadian Short Stories, Ellas echaron el cuento, and Virginia &amp; Co. She has also co-authored the novel La sucursal del cielo. Her first poetry book, Cisura de sol, was published in 2024.<\/p>\n<!-- PMB print buttons is only displayed on a single post\/page URLs-->","protected":false},"excerpt":{"rendered":"<p>Nohora Viviana Cardona N\u00fa\u00f1ez holds a B.A. in Literature and an M.A. in Colombian and Latin American Literatures from the Universidad del Valle in Colombia, as well as a Specialization in University Teaching from the Universidad Santiago de Cali. She also holds an M.A. in Hispanic Literature and Culture, and a Ph.D. in Spanish from [&hellip;]<\/p>\n","protected":false},"author":33188029,"featured_media":0,"parent":0,"menu_order":0,"comment_status":"closed","ping_status":"closed","template":"","meta":{"_coblocks_attr":"","_coblocks_dimensions":"","_coblocks_responsive_height":"","_coblocks_accordion_ie_support":"","_crdt_document":"{\"document\":\"AADVAcKjouccWKj7woccwqOi5xwL6PvChxwPgqOi5xzo+8KHHAqCo6LnHOj7woccDYKjouccqPvChxyij9\/qCMKjouccALPg28MW4o\/f6ggNwqOi5xwCs+DbwxaCo6LnHOKP3+oIAsKjouccAKKP3+oIwqOi5xwCoo\/f6giCo6LnHKKP3+oIgqOi5xyij9\/qCIKjouccoo\/f6gjCo6LnHAGij9\/qCIKjouccoo\/f6giCo6LnHKKP3+oIgqOi5xyij9\/qCIKjouccoo\/f6giCo6LnHOKP3+oIANEBFgEFUCI6AQEIAQZIAgi0AgiuAgiqAgiiAgiuAgimAgiMAqYCCJoCCI4CGqICCIwCGrACCKYCCPAitgKcBbYCqAeiAo4ChAOMAoAG0CeQKQy+Bwi6BwiMAoAIAtAv5hS0O\/Y7vCcC8B2yHQLmFfwQ1AEBAQgCQgEHSK4nwhICsAICpgIEqAICqgICqgICogTAErICqgKwCsYIrQIA8CGoJMgmoAEAygESAhQcAj4Uqi6CCPo33AGOAZBOAuxPqAGuJ8opJAIUnCjIKAgCPhTyAgJJqgS2ApwFtgKoB6ICjgKEA4wCgAbuEo4n0De2ArICqgK2Aq4CNqgCsgKqAgCqAq0CAMwjJAIUHAI+FKouggjWOY4BvCcBAgwBA5cBKAAhAScCKAQnACgHJwAEAAcAIQAoAScBKAcnAKgABACBAIQAgQCEAoEAhACBAIQDgQCEAIEAhACBAIQAgQCEAIEAhACBAIQAgQCEAMQJBACEAYEAhACBAIQBgQCEAMQAqADEAKgAKAAhAsQFhwAoAicBBAAoCScAhAzEBygAqAEoAcQJIQAoAMQBqAEhAKEAIQIoAMQKocgniSZzdGF0ZXZlcnNpb25kb2N1bWVudGRhdGVkb2N1bWVudHN0YXR1c2RvY3VtZW50dGl0bGVkb2N1bWVudGNvbnRlbnRkb2N1bWVudGV4Y2VycHRkb2N1bWVudGF1dGhvcmRvY3VtZW50ZmVhdHVyZWRfbWVkaWFkb2N1bWVudGNvbW1lbnRfc3RhdHVzZG9jdW1lbnRwaW5nX3N0YXR1c2RvY3VtZW50dGVtcGxhdGVkb2N1bWVudG1ldGFfY29ibG9ja3NfYXR0cl9jb2Jsb2Nrc19kaW1lbnNpb25zX2NvYmxvY2tzX3Jlc3BvbnNpdmVfaGVpZ2h0X2NvYmxvY2tzX2FjY29yZGlvbl9pZV9zdXBwb3J0YWR2YW5jZWRfc2VvX2Rlc2NyaXB0aW9uamV0cGFja19zZW9faHRtbF90aXRsZWpldHBhY2tfc2VvX25vaW5kZXhmb290bm90ZXNkb2N1bWVudGJsb2Nrc05vaG9yYSBWaXZpYW5hIENhcmRvbmEgTsO6w7FlemNsaWVudElkaXNWYWxpZG5hbWVhdHRyaWJ1dGVzY29udGVudGRyb3BDYXBmb250V2VpZ2h0dGV4dFRyYW5zZm9ybW5vQm90dG9tU3BhY2luZ25vVG9wU3BhY2luZ3RleHRQYW5lbEhpZGVDb2xvcnRleHRQYW5lbFNob3dTcGFjaW5nQ29udHJvbHN0ZXh0UGFuZWxIZWFkaW5nRm9udFNpemVzaW5uZXJCbG9ja3NOb2hvcmEgVml2aWFuYSBDYXJkb25hIE7DusOxZXogaG9sZHMgYSBCLkEuIGluIExpdGVyYXR1cmUgYW5kIGFuIE0uQS4gaW4gQ29sb21iaWFuYW5kIExhdGluIEFtZXJpY2FuIExpdGVyYXR1cmVzIGZyb20gdGhlIFVuaXZlcnNpZGFkIGRlbCBWYWxsZSBpbiBDb2xvbWJpYSwgYXMgd2VsbCBhcyBhU3BlY2lhbGl6YXRpb24gaW4gVW5pdmVyc2l0eSBUZWFjaGluZyBmcm9tIHRoZSBVbml2ZXJzaWRhZCBTYW50aWFnbyBkZSBDYWxpLiBTaGUgYWxzbzxicj5ob2xkcyBhbiBNLkEuIGluIEhpc3BhbmljIExpdGVyYXR1cmUgYW5kIEN1bHR1cmUsIGFuZCBhIFBoLkQuIGluIFNwYW5pc2ggZnJvbSB0aGVVbml2ZXJzaXR5IG9mIE90dGF3YS4gU2hlIGhhcyB0YXVnaHQgYXQgVW5pdmVyc2l0eSBvZiBPdHRhd2EsIFNvdXRoZXJuIFV0YWggVW5pdmVyc2l0eSxVbml2ZXJzaWRhZCBkZWwgVmFsbGUsIGFuZCBDbGV2ZWxhbmQgU3RhdGUgVW5pdmVyc2l0eS4gU2hlIGN1cnJlbnRseSB0ZWFjaGVzIGF0IHRoZTxicj5EZXBhcnRtZW50IG9mIE1vZGVybiBMYW5ndWFnZXMgaW4gQ2FzZSBXZXN0ZXJuIFJlc2VydmUgVW5pdmVyc2l0eS48YnI+SGVyIHBvZXRyeSBoYXMgYmVlbiBpbmNsdWRlZCBpbiBhbnRob2xvZ2llcyBzdWNoIGFzIEx1bWJyZSB5IHJlbHVtYnJlLCBQYWxhYnJhcyBxdWVtaWdyYW4gYW5kIFBvZXRhcyBjYWxlw7FhcywgYW5kIGFsc28gcHVibGlzaGVkIGluIGpvdXJuYWxzIHN1Y2ggYXMgSHlicmlkbywgTGF2ZXJkb2xhZ2EsIFRyYXNhdGzDoW50aWNhLCBhbmQgTGEgT3RyYS4gU2hlIHdhcyBvbmUgb2YgdGhlIHBvZXRzIGF3YXJkZWTigJxWb2NlcyBudWV2YXPigJ0gcHJpemUgaW4gMjAyNCwgZ3JhbnRlZCBieSBFZGl0b3JpYWwgVG9ycmVtb3phcyBpbiBTcGFpbi4gSGVyIHNob3J0c3RvcmllcyBoYXZlIGJlZW4gY29sbGVjdGVkIGluIHRoZSB2b2x1bWVzIENsb3VkYnVyc3Q6IEFuIEFudGhvbG9neSBvZkNhbmFkaWFuIFNob3J0IFN0b3JpZXMsIEVsbGFzIGVjaGFyb24gZWwgY3VlbnRvLCBhbmQgVmlyZ2luaWEgJmFtcDsgQ28uIFNoZSBoYXMgYWxzbyBjby1hdXRob3JlZCB0aGUgbm92ZWwgTGEgc3VjdXJzYWwgZGVsIGNpZWxvLiBIZXIgZmlyc3QgcG9ldHJ5IGJvb2ssIENpc3VyYSBkZSBzb2wsIHdhc3B1Ymxpc2hlZCBpbiAyMDI0LiAgICAgICB3aXRoIHRoZSAgIEhpc3BhbmljICA8IS0tIHdwOnBhcmFncmFwaCAtLT4KPHA+Tm9ob3JhIFZpdmlhbmEgQ2FyZG9uYSBOw7rDsWV6IGhvbGRzIGEgQi5BLiBpbiBMaXRlcmF0dXJlIGFuZCBhbiBNLkEuIGluIENvbG9tYmlhbiBhbmQgTGF0aW4gQW1lcmljYW4gTGl0ZXJhdHVyZXMgZnJvbSB0aGUgVW5pdmVyc2lkYWQgZGVsIFZhbGxlIGluIENvbG9tYmlhLCBhcyB3ZWxsIGFzIGEgU3BlY2lhbGl6YXRpb24gaW4gVW5pdmVyc2l0eSBUZWFjaGluZyBmcm9tIHRoZSBVbml2ZXJzaWRhZCBTYW50aWFnbyBkZSBDYWxpLiBTaGUgYWxzb2hvbGRzIGFuIE0uQS4gaW4gSGlzcGFuaWMgTGl0ZXJhdHVyZSBhbmQgQ3VsdHVyZSwgYW5kIGEgUGguRC4gaW4gU3BhbmlzaCBmcm9tIHRoZSBVbml2ZXJzaXR5IG9mIE90dGF3YS4gU2hlIGhhcyB0YXVnaHQgYXQgVW5pdmVyc2l0eSBvZiBPdHRhd2EsIFNvdXRoZXJuIFV0YWggVW5pdmVyc2l0eSwgVW5pdmVyc2lkYWQgZGVsIFZhbGxlLCBhbmQgQ2xldmVsYW5kIFN0YXRlIFVuaXZlcnNpdHkuIFNoZSBjdXJyZW50bHkgdGVhY2hlcyBhdCB0aGVEZXBhcnRtZW50IG9mIE1vZGVybiBMYW5ndWFnZXMgaW4gQ2FzZSBXZXN0ZXJuIFJlc2VydmUgVW5pdmVyc2l0eS48YnI+SGVyIHBvZXRyeSBoYXMgYmVlbiBpbmNsdWRlZCBpbiBhbnRob2xvZ2llcyBzdWNoIGFzIEx1bWJyZSB5IHJlbHVtYnJlLCBQYWxhYnJhcyBxdWUgbWlncmFuIGFuZCBQb2V0YXMgY2FsZcOxYXMsIGFuZCBhbHNvIHB1Ymxpc2hlZCBpbiBqb3VybmFscyBzdWNoIGFzIEh5YnJpZG8sIExhIHZlcmRvbGFnYSwgVHJhc2F0bMOhbnRpY2EsIGFuZCBMYSBPdHJhLiBTaGUgd2FzIG9uZSBvZiB0aGUgcG9ldHMgYXdhcmRlZCB3aXRoIHRoZSDigJxWb2NlcyBudWV2YXMgcHJpemUgaW4gMjAyNCwgZ3JhbnRlZCBieSBFZGl0b3JpYWwgVG9ycmVtb3phcyBpbiBTcGFpbi4gSGVyIHNob3J0IHN0b3JpZXMgaGF2ZSBiZWVuIGNvbGxlY3RlZCBpbiB0aGUgdm9sdW1lcyBDbG91ZGJ1cnN0OiBBbiBBbnRob2xvZ3kgb2YgSGlzcGFuaWMgQ2FuYWRpYW4gU2hvcnQgU3RvcmllcywgRWxsYXMgZWNoYXJvbiBlbCBjdWVudG8sIGFuZCBWaXJnaW5pYSAmYW1wOyBDby4gU2hlIGhhcyBhbHNvIGNvLWF1dGhvcmVkIHRoZSBub3ZlbCBMYSBzdWN1cnNhbCBkZWwgY2llbG8uIEhlciBmaXJzdCBwb2V0cnkgYm9vaywgQ2lzdXJhIGRlIHNvbCwgd2FzIHB1Ymxpc2hlZCBpbiAyMDI0LjwvcD4KPCEtLSAvd3A6cGFyYWdyYXBoIC0tPjxicj48YnI+ZG9jdW1lbnRzbHVnc3RhdGVzYXZlZEF0c3RhdGVzYXZlZEJ5c3RhdGV2ZXJzaW9uICAgICAgY2xpZW50SWRpc1ZhbGlkbmFtZWF0dHJpYnV0ZXNjb250ZW50SGVyIHBvZXRyeSBoYXMgYmVlbiBpbmNsdWRlZCBpbiBhbnRob2xvZ2llcyBzdWNoIGFzIEx1bWJyZSB5IHJlbHVtYnJlLCBQYWxhYnJhcyBxdWUgbWlncmFuIGFuZCBQb2V0YXMgY2FsZcOxYXMsIGFuZCBhbHNvIHB1Ymxpc2hlZCBpbiBqb3VybmFscyBzdWNoIGFzIEh5YnJpZG8sIExhIHZlcmRvbGFnYSwgVHJhc2F0bMOhbnRpY2EsIGFuZCBMYSBPdHJhLiBTaGUgd2FzIG9uZSBvZiB0aGUgcG9ldHMgYXdhcmRlZCB3aXRoIHRoZSDigJxWb2NlcyBudWV2YXPigJ0gcHJpemUgaW4gMjAyNCwgZ3JhbnRlZCBieSBFZGl0b3JpYWwgVG9ycmVtb3phcyBpbiBTcGFpbi4gSGVyIHNob3J0IHN0b3JpZXMgaGF2ZSBiZWVuIGNvbGxlY3RlZCBpbiB0aGUgdm9sdW1lcyBDbG91ZGJ1cnN0OiBBbiBBbnRob2xvZ3kgb2YgSGlzcGFuaWMgQ2FuYWRpYW4gU2hvcnQgU3RvcmllcywgRWxsYXMgZWNoYXJvbiBlbCBjdWVudG8sIGFuZCBWaXJnaW5pYSAmYW1wOyBDby4gU2hlIGhhcyBhbHNvIGNvLWF1dGhvcmVkIHRoZSBub3ZlbCBMYSBzdWN1cnNhbCBkZWwgY2llbG8uIEhlciBmaXJzdCBwb2V0cnkgYm9vaywgQ2lzdXJhIGRlIHNvbCwgd2FzIHB1Ymxpc2hlZCBpbiAyMDI0LmRyb3BDYXBmb250V2VpZ2h0dGV4dFRyYW5zZm9ybW5vQm90dG9tU3BhY2luZ25vVG9wU3BhY2luZ3RleHRQYW5lbEhpZGVDb2xvcnRleHRQYW5lbFNob3dTcGFjaW5nQ29udHJvbHN0ZXh0UGFuZWxIZWFkaW5nRm9udFNpemVzYWxpZ25iYWNrZ3JvdW5kQ29sb3Jpbm5lckJsb2Nrc0hlciBwb2V0cnkgaGFzIGJlZW4gaW5jbHVkZWQgaW4gYW50aG9sb2dpZXMgc3VjaCBhcyBMdW1icmUgeSByZWx1bWJyZSwgUGFsYWJyYXMgcXVlIG1pZ3JhbiBhbmQgUG9ldGFzIGNhbGXDsWFzLCBhbmQgYWxzbyBwdWJsaXNoZWQgaW4gam91cm5hbHMgc3VjaCBhcyBIeWJyaWRvLCBMYSB2ZXJkb2xhZ2EsIFRyYXNhdGzDoW50aWNhLCBhbmQgTGEgT3RyYS4gU2hlIHdhcyBvbmUgb2YgdGhlIHBvZXRzIGF3YXJkZWQgd2l0aCB0aGUg4oCcVm9jZXMgbnVldmFz4oCdIHByaXplIGluIDIwMjQsIGdyYW50ZWQgYnkgRWRpdG9yaWFsIFRvcnJlbW96YXMgaW4gU3BhaW4uIEhlciBzaG9ydCBzdG9yaWVzIGhhdmUgYmVlbiBjb2xsZWN0ZWQgaW4gdGhlIHZvbHVtZXMgQ2xvdWRidXJzdDogQW4gQW50aG9sb2d5IG9mIEhpc3BhbmljIENhbmFkaWFuIFNob3J0IFN0b3JpZXMsIEVsbGFzIGVjaGFyb24gZWwgY3VlbnRvLCBhbmQgVmlyZ2luaWEgJmFtcDsgQ28uIFNoZSBoYXMgYWxzbyBjby1hdXRob3JlZCB0aGUgbm92ZWwgTGEgc3VjdXJzYWwgZGVsIGNpZWxvLiBIZXIgZmlyc3QgcG9ldHJ5IGJvb2ssIENpc3VyYSBkZSBzb2wsIHdhcyBwdWJsaXNoZWQgaW4gMjAyNC48YnI+ICAgICAgIGZvbnRTaXplc3R5bGV0ZXh0Q29sb3JzdHlsZSI6eyJlbGVtZW50cyI6eyJsaW5rIjp7ImNvbG9yIjp7InRleHQiOiJ2YXI6cHJlc2V0fGNvbG9yfHByaW1hcnkifX19fSwic3V0bGUtYiwidGV4dENvbG9yIjoicHJpbWFyeSIsImZvbnRTaXplIjoic21hbGwicHJpbWFyeS1jb2xvciBoYXMtc3V0bGUtYnRleHQtY29sb3IgaGFzLSBoYXMtbGluay1jb2xvciBoYXMtc21hbGwtZm9udC1zaXplICBzdGF0ZXZlcnNpb25hbGlnbmFsaWduIjoid2lkZSIsImFsaWdud2lkZSBzdGF0ZXZlcnNpb25kb2N1bWVudHNsdWdzdGF0ZXNhdmVkQXRzdGF0ZXNhdmVkQnliYWNrZ3JvdW5kQ29sb3J7ImJhY2tncm91bmRDb2xvciI6ImJhY2tncm91bmQifSAgY2xhc3M9Imhhcy1iYWNrZ3JvdW5kLWJhY2tncm91bmQtY29sb3IgaGFzLWJhY2tncm91bmQiBQcIBAgGCAUIBwgHCAYIDggOCAtIAQQOFBseGBYTCQgGHAgHBApHAAoNDwwSHBkLkAGXAZUBBJEBlwGTAQSGAZMBjQGHAZEBhgGYAZMBEkEECgEKARIGvwO9A4YBgAStBUQACAQFBwUHBQdBBAgHBAoHkwkHCg0PDBIcGQUPC5MBAZgBAZMBApQBAZUBAZUBAZABBEEFCAUJjAECBSkUBQ8jQQAFBwUPCgUHCAQFBwUHDwISAQoCCAQBHwoBEwELAAcBAAARAQMAEwEAAAABAwAMQgEBAEEAAgBBAAIAC0EaRAQNBA1EAkEjBF0AfQF9vaLTH30AdwZjbG9zZWR3BmNsb3NlZHcAdwB3AHcAdwB3AHcAeXcAeHcOY29yZS9wYXJhZ3JhcGh5dwB3AHl5eHh4dyRlZGE3ZDAyZC00MzdhLTQ4YjItYTdhNy02MmNjZDNhMzdkZjh3B3B1Ymxpc2h3EzIwMjYtMDQtMTNUMTU6MzE6MTB3HG5vaG9yYS12aXZpYW5hLWNhcmRvbmEtbnVuZXo9AHckNWEyNDZhZmUtZjMzOS00NWI4LTg4MGItNmZhYzAxOGVjNjFleHcOY29yZS9wYXJhZ3JhcGh5dwB3AHl5eHh4dwR3aWRldwpiYWNrZ3JvdW5kdwZub3JtYWx3BXNtYWxsdxFzdWJ0bGUtYmFja2dyb3VuZHYBCGVsZW1lbnRzdgEEbGlua3YBBWNvbG9ydgEEdGV4dHcYdmFyOnByZXNldHxjb2xvcnxwcmltYXJ5dwdwcmltYXJ5BgB3BHdpZGV7QnnYhUseYAB7QeaHbwZgAAATAHcKYmFja2dyb3VuZATCkdGzDg4BAS8AXgNXA1UDUQNXA1MDRoQFlwID\/QEDxgIA7QIDBwHoveGDDgoAAAbjBFMAWABTAVQAVQBVAFYABACz8O2hCwEAAOLHr7UEAgAFWAE=\",\"updateId\":781485256}","advanced_seo_description":"","jetpack_seo_html_title":"","jetpack_seo_noindex":false,"footnotes":""},"class_list":["post-7315","page","type-page","status-publish","hentry"],"jetpack_likes_enabled":false,"jetpack_sharing_enabled":true,"jetpack_shortlink":"https:\/\/wp.me\/P2V8if-1TZ","jetpack-related-posts":[{"id":3932,"url":"https:\/\/trasatlantica.org\/?page_id=3932","url_meta":{"origin":7315,"position":0},"title":"Nohora Cardona","author":"Soviet Cuba: Identities in Transition","date":"April 22, 2025","format":false,"excerpt":"Cleveland Las gaviotas revolotean alrededor de una gr\u00faa de hiedra que mira imp\u00e1vida el Erie. Sus alas empujan el cadav\u00e9rico invierno, pero este se queda en mi bufanda fr\u00eda, en este abril de t\u00e9mpanos y botas g\u00e9lidas. Un vikingo de piedra marr\u00f3n vigila las d\u00e1rsenas del puerto. Los abrigos oscuros\u2026","rel":"","context":"Similar post","block_context":{"text":"Similar post","link":""},"img":{"alt_text":"","src":"https:\/\/i0.wp.com\/trasatlantica.org\/wp-content\/uploads\/2025\/05\/a-long-street-with-tall-buildings-and-violins.png?resize=350%2C200&ssl=1","width":350,"height":200,"srcset":"https:\/\/i0.wp.com\/trasatlantica.org\/wp-content\/uploads\/2025\/05\/a-long-street-with-tall-buildings-and-violins.png?resize=350%2C200&ssl=1 1x, https:\/\/i0.wp.com\/trasatlantica.org\/wp-content\/uploads\/2025\/05\/a-long-street-with-tall-buildings-and-violins.png?resize=525%2C300&ssl=1 1.5x, https:\/\/i0.wp.com\/trasatlantica.org\/wp-content\/uploads\/2025\/05\/a-long-street-with-tall-buildings-and-violins.png?resize=700%2C400&ssl=1 2x"},"classes":[]},{"id":544,"url":"https:\/\/trasatlantica.org\/?page_id=544","url_meta":{"origin":7315,"position":1},"title":"Who We Are","author":"diceyk","date":"August 25, 2024","format":false,"excerpt":"Board of Directors Damaris Pu\u00f1ales-Alp\u00edzarPresident and Founder Luis Arturo GuichardVice-President Mabel CuestaSecretary Jos\u00e9 Ram\u00f3n Ruis\u00e1nchezOfficer Michael GillOfficer Nohora Viviana Cardona N\u00fa\u00f1ezOfficer Hayd\u00e9e Espino Officer Mayra Santos-Febres Officer Manuel Chinchilla Officer Community Outreach Manager: Mariana Valdez Intern (Spring 2026): Vinnie Liu","rel":"","context":"Similar post","block_context":{"text":"Similar post","link":""},"img":{"alt_text":"","src":"https:\/\/i0.wp.com\/trasatlantica.org\/wp-content\/uploads\/2026\/04\/image.png?resize=350%2C200&ssl=1","width":350,"height":200},"classes":[]},{"id":3861,"url":"https:\/\/trasatlantica.org\/?page_id=3861","url_meta":{"origin":7315,"position":2},"title":"Poetry","author":"Soviet Cuba: Identities in Transition","date":"May 24, 2025","format":false,"excerpt":"In this issue Coral Bracho Atilio Caballero Odette Alonso Benito Pascual Nohora Cardona Omar Chauvie Concha Pelayo Dairen Zamora Urayo\u00e1n Noel","rel":"","context":"Similar post","block_context":{"text":"Similar post","link":""},"img":{"alt_text":"","src":"","width":0,"height":0},"classes":[]},{"id":5763,"url":"https:\/\/trasatlantica.org\/?page_id=5763","url_meta":{"origin":7315,"position":3},"title":"Poetry\/Poes\u00eda","author":"Soviet Cuba: Identities in Transition","date":"January 8, 2026","format":false,"excerpt":"Newest additions\/\u00daltimas adiciones Aleyda Quevedo Rojas Alfredo Alonso Estenoz Alicia Llarena Gonz\u00e1lez Ana Merino Antonio Colinas Bruno R\u00edos Coral Bracho Francisco Layna Ranz Hern\u00e1n Bravo Varela Jorge Saucedo Julio Marinas Odette Alonso Olga Mu\u00f1oz Carrasco Tambi\u00e9n\/Also Angela AcostaAtilio CaballeroB\u00e1rbara Escobar AnleuBenito PascualDaniel S\u00e1nchez LanderosDairen ZamoraDiego MoraEduardo Rodr\u00edguez Mart\u00ednezGustavo Ruiz PascacioIrina\u2026","rel":"","context":"Similar post","block_context":{"text":"Similar post","link":""},"img":{"alt_text":"","src":"https:\/\/i0.wp.com\/trasatlantica.org\/wp-content\/uploads\/2024\/09\/barbwire.jpg?resize=350%2C200&ssl=1","width":350,"height":200,"srcset":"https:\/\/i0.wp.com\/trasatlantica.org\/wp-content\/uploads\/2024\/09\/barbwire.jpg?resize=350%2C200&ssl=1 1x, https:\/\/i0.wp.com\/trasatlantica.org\/wp-content\/uploads\/2024\/09\/barbwire.jpg?resize=525%2C300&ssl=1 1.5x, https:\/\/i0.wp.com\/trasatlantica.org\/wp-content\/uploads\/2024\/09\/barbwire.jpg?resize=700%2C400&ssl=1 2x, https:\/\/i0.wp.com\/trasatlantica.org\/wp-content\/uploads\/2024\/09\/barbwire.jpg?resize=1050%2C600&ssl=1 3x, https:\/\/i0.wp.com\/trasatlantica.org\/wp-content\/uploads\/2024\/09\/barbwire.jpg?resize=1400%2C800&ssl=1 4x"},"classes":[]},{"id":278,"url":"https:\/\/trasatlantica.org\/?page_id=278","url_meta":{"origin":7315,"position":4},"title":"Diego Mora","author":"diceyk","date":"August 25, 2024","format":false,"excerpt":"Eunice Odio se ha ido por la ba\u00f1era En su departamento de la calle Neva 16 hab\u00eda sido encontrado el cad\u00e1ver de Eunice Odio, calcul\u00e1ndose que el hallazgo se hizo a los diez d\u00edas de su fallecimiento. Efra\u00edn Huerta. Eunice Odio\u00a0 se ha ido\u00a0 por la ba\u00f1era, silenciosa, por una\u2026","rel":"","context":"Similar post","block_context":{"text":"Similar post","link":""},"img":{"alt_text":"","src":"https:\/\/i0.wp.com\/trasatlantica.org\/wp-content\/uploads\/2024\/09\/PHOTO-2024-09-15-06-42-41.jpg?resize=350%2C200&ssl=1","width":350,"height":200,"srcset":"https:\/\/i0.wp.com\/trasatlantica.org\/wp-content\/uploads\/2024\/09\/PHOTO-2024-09-15-06-42-41.jpg?resize=350%2C200&ssl=1 1x, https:\/\/i0.wp.com\/trasatlantica.org\/wp-content\/uploads\/2024\/09\/PHOTO-2024-09-15-06-42-41.jpg?resize=525%2C300&ssl=1 1.5x, https:\/\/i0.wp.com\/trasatlantica.org\/wp-content\/uploads\/2024\/09\/PHOTO-2024-09-15-06-42-41.jpg?resize=700%2C400&ssl=1 2x"},"classes":[]},{"id":6029,"url":"https:\/\/trasatlantica.org\/?page_id=6029","url_meta":{"origin":7315,"position":5},"title":"Alicia Llarena Gonz\u00e1lez","author":"Soviet Cuba: Identities in Transition","date":"January 17, 2026","format":false,"excerpt":"DESNUTRICI\u00d3N He amamantado pueblos de calzadas llameantesy negado con mis actos de amor cualquier prejuiciosobre la primitiva crudeza de las fieras. Mis pezones son dignos de alabanza,y mi leche ha fecundadola m\u00e1s hermosa imagen del instinto:hembra que alimenta sin conciencia de s\u00ed. As\u00ed me imaginaron llena de ubres encrespadas;y atentas,\u2026","rel":"","context":"Similar post","block_context":{"text":"Similar post","link":""},"img":{"alt_text":"","src":"https:\/\/i0.wp.com\/trasatlantica.org\/wp-content\/uploads\/2026\/01\/dark-night.png?resize=350%2C200&ssl=1","width":350,"height":200,"srcset":"https:\/\/i0.wp.com\/trasatlantica.org\/wp-content\/uploads\/2026\/01\/dark-night.png?resize=350%2C200&ssl=1 1x, https:\/\/i0.wp.com\/trasatlantica.org\/wp-content\/uploads\/2026\/01\/dark-night.png?resize=525%2C300&ssl=1 1.5x, https:\/\/i0.wp.com\/trasatlantica.org\/wp-content\/uploads\/2026\/01\/dark-night.png?resize=700%2C400&ssl=1 2x"},"classes":[]}],"_links":{"self":[{"href":"https:\/\/trasatlantica.org\/index.php?rest_route=\/wp\/v2\/pages\/7315","targetHints":{"allow":["GET"]}}],"collection":[{"href":"https:\/\/trasatlantica.org\/index.php?rest_route=\/wp\/v2\/pages"}],"about":[{"href":"https:\/\/trasatlantica.org\/index.php?rest_route=\/wp\/v2\/types\/page"}],"author":[{"embeddable":true,"href":"https:\/\/trasatlantica.org\/index.php?rest_route=\/wp\/v2\/users\/33188029"}],"replies":[{"embeddable":true,"href":"https:\/\/trasatlantica.org\/index.php?rest_route=%2Fwp%2Fv2%2Fcomments&post=7315"}],"version-history":[{"count":5,"href":"https:\/\/trasatlantica.org\/index.php?rest_route=\/wp\/v2\/pages\/7315\/revisions"}],"predecessor-version":[{"id":7325,"href":"https:\/\/trasatlantica.org\/index.php?rest_route=\/wp\/v2\/pages\/7315\/revisions\/7325"}],"wp:attachment":[{"href":"https:\/\/trasatlantica.org\/index.php?rest_route=%2Fwp%2Fv2%2Fmedia&parent=7315"}],"curies":[{"name":"wp","href":"https:\/\/api.w.org\/{rel}","templated":true}]}}